{"id":13794,"date":"2015-04-02T16:36:10","date_gmt":"2015-04-02T13:36:10","guid":{"rendered":"https:\/\/editura-unibuc.ro\/?post_type=product&#038;p=13794"},"modified":"2016-04-19T11:51:06","modified_gmt":"2016-04-19T08:51:06","slug":"notiuni-de-drept-administrativ-sinteze-teoretice-pentru-studentii-departamentului-de-stiinte-administrative-din-cadrul-facultatii-de-litere-editia-a-doua-si-adaugita","status":"publish","type":"product","link":"https:\/\/editura-unibuc.ro\/en\/notiuni-de-drept-administrativ-sinteze-teoretice-pentru-studentii-departamentului-de-stiinte-administrative-din-cadrul-facultatii-de-litere-editia-a-doua-si-adaugita\/","title":{"rendered":"PRINCIPLES OF ADMINISTRATIVE LAW: THEORETICAL SYNTHESIS FOR STUDENTS OF THE DEPARTMENT OF ADMINISTRATIVE SCIENCES &#8211; FACULTY OF LETTERS; SECOND ENLARGED EDITION"},"content":{"rendered":"<p>NOT AVAILABLE<br \/>\n\u201cLucrarea se adreseaz\u0103 studen\u0163ilor Departamentului de \u015etiin\u0163e administrative, specializarea Asisten\u0163\u0103 managerial\u0103 \u015fi secretariat, din cadrul Facult\u0103\u0163ii de Litere. Aceasta \u00ee\u015fi propune s\u0103 \u00eel familiarizeze pe studentul care nu are o fundamentare teoretic\u0103 considerabil\u0103 \u00een studiul general al dreptului, cu principalele no\u0163iuni din sfera dreptului administrativ, form\u00e2ndu-i competen\u0163e de tip reflexiv.\u201d<\/p>","protected":false},"excerpt":{"rendered":"<p>NOT AVAILABLE \u201cLucrarea se adreseaz\u0103 studen\u0163ilor Departamentului de \u015etiin\u0163e administrative, specializarea Asisten\u0163\u0103 managerial\u0103 \u015fi secretariat, din cadrul Facult\u0103\u0163ii de Litere. Aceasta \u00ee\u015fi propune s\u0103 \u00eel familiarizeze pe studentul care nu are o fundamentare teoretic\u0103 considerabil\u0103 \u00een studiul general al dreptului, cu principalele no\u0163iuni din sfera dreptului administrativ, form\u00e2ndu-i competen\u0163e de tip reflexiv.\u201d<\/p>\n","protected":false},"featured_media":13795,"comment_status":"open","ping_status":"closed","template":"","meta":[],"product_brand":[],"product_cat":[991,992],"product_tag":[1497,1498],"class_list":{"0":"post-13794","1":"product","2":"type-product","3":"status-publish","4":"has-post-thumbnail","6":"product_cat-stiinte-sociale","7":"product_cat-administratie-si-afaceri","8":"product_tag-drept-administrativ","9":"product_tag-sinteze","11":"first","12":"outofstock","13":"shipping-taxable","14":"purchasable","15":"product-type-simple"},"_links":{"self":[{"href":"https:\/\/editura-unibuc.ro\/en\/wp-json\/wp\/v2\/product\/13794","targetHints":{"allow":["GET"]}}],"collection":[{"href":"https:\/\/editura-unibuc.ro\/en\/wp-json\/wp\/v2\/product"}],"about":[{"href":"https:\/\/editura-unibuc.ro\/en\/wp-json\/wp\/v2\/types\/product"}],"replies":[{"embeddable":true,"href":"https:\/\/editura-unibuc.ro\/en\/wp-json\/wp\/v2\/comments?post=13794"}],"wp:featuredmedia":[{"embeddable":true,"href":"https:\/\/editura-unibuc.ro\/en\/wp-json\/wp\/v2\/media\/13795"}],"wp:attachment":[{"href":"https:\/\/editura-unibuc.ro\/en\/wp-json\/wp\/v2\/media?parent=13794"}],"wp:term":[{"taxonomy":"product_brand","embeddable":true,"href":"https:\/\/editura-unibuc.ro\/en\/wp-json\/wp\/v2\/product_brand?post=13794"},{"taxonomy":"product_cat","embeddable":true,"href":"https:\/\/editura-unibuc.ro\/en\/wp-json\/wp\/v2\/product_cat?post=13794"},{"taxonomy":"product_tag","embeddable":true,"href":"https:\/\/editura-unibuc.ro\/en\/wp-json\/wp\/v2\/product_tag?post=13794"}],"curies":[{"name":"wp","href":"https:\/\/api.w.org\/{rel}","templated":true}]}}