{"id":13796,"date":"2015-04-02T16:43:38","date_gmt":"2015-04-02T13:43:38","guid":{"rendered":"https:\/\/editura-unibuc.ro\/?post_type=product&#038;p=13796"},"modified":"2025-08-06T10:55:35","modified_gmt":"2025-08-06T07:55:35","slug":"antroponimele-feminine-la-sarbi-si-romani","status":"publish","type":"product","link":"https:\/\/editura-unibuc.ro\/en\/antroponimele-feminine-la-sarbi-si-romani\/","title":{"rendered":"FEMININE ANTHROPONYMS FOR SERBIANS AND ROMANIANS"},"content":{"rendered":"<p>\u201cCercetarea urm\u0103re\u015fte o abordare diacronic\u0103 \u015fi sincronic\u0103 a numelor feminine sub aspectul fix\u0103rii \u015fi determin\u0103rii pozi\u0163iei acestor semne \u00een lingvistic\u0103, al metodelor de analiz\u0103 semantic\u0103 \u015fi structural\u0103, al grup\u0103rii \u00een clase din perspectiva originii \u015fi al subgrup\u0103rii \u00een categorii lexico-semantice.\u201d<\/p>\n","protected":false},"excerpt":{"rendered":"<p>\u201cCercetarea urm\u0103re\u015fte o abordare diacronic\u0103 \u015fi sincronic\u0103 a numelor feminine sub aspectul fix\u0103rii \u015fi determin\u0103rii pozi\u0163iei acestor semne \u00een lingvistic\u0103, al metodelor de analiz\u0103 semantic\u0103 \u015fi structural\u0103, al grup\u0103rii \u00een clase din perspectiva originii \u015fi al subgrup\u0103rii \u00een categorii lexico-semantice.\u201d<\/p>\n","protected":false},"featured_media":13797,"comment_status":"open","ping_status":"closed","template":"","meta":[],"product_brand":[],"product_cat":[1464,979,981],"product_tag":[1499,895,1430],"class_list":{"0":"post-13796","1":"product","2":"type-product","3":"status-publish","4":"has-post-thumbnail","6":"product_cat-filologie","7":"product_cat-limba-romana","8":"product_cat-limbi-slave","9":"product_tag-antroponime","10":"product_tag-lingvistica","11":"product_tag-semantica","13":"first","14":"outofstock","15":"shipping-taxable","16":"purchasable","17":"product-type-simple"},"_links":{"self":[{"href":"https:\/\/editura-unibuc.ro\/en\/wp-json\/wp\/v2\/product\/13796","targetHints":{"allow":["GET"]}}],"collection":[{"href":"https:\/\/editura-unibuc.ro\/en\/wp-json\/wp\/v2\/product"}],"about":[{"href":"https:\/\/editura-unibuc.ro\/en\/wp-json\/wp\/v2\/types\/product"}],"replies":[{"embeddable":true,"href":"https:\/\/editura-unibuc.ro\/en\/wp-json\/wp\/v2\/comments?post=13796"}],"wp:featuredmedia":[{"embeddable":true,"href":"https:\/\/editura-unibuc.ro\/en\/wp-json\/wp\/v2\/media\/13797"}],"wp:attachment":[{"href":"https:\/\/editura-unibuc.ro\/en\/wp-json\/wp\/v2\/media?parent=13796"}],"wp:term":[{"taxonomy":"product_brand","embeddable":true,"href":"https:\/\/editura-unibuc.ro\/en\/wp-json\/wp\/v2\/product_brand?post=13796"},{"taxonomy":"product_cat","embeddable":true,"href":"https:\/\/editura-unibuc.ro\/en\/wp-json\/wp\/v2\/product_cat?post=13796"},{"taxonomy":"product_tag","embeddable":true,"href":"https:\/\/editura-unibuc.ro\/en\/wp-json\/wp\/v2\/product_tag?post=13796"}],"curies":[{"name":"wp","href":"https:\/\/api.w.org\/{rel}","templated":true}]}}