{"id":13800,"date":"2015-04-02T16:56:34","date_gmt":"2015-04-02T13:56:34","guid":{"rendered":"https:\/\/editura-unibuc.ro\/?post_type=product&#038;p=13800"},"modified":"2015-04-02T16:56:34","modified_gmt":"2015-04-02T13:56:34","slug":"filosofie-si-crestinism-dimensiuni-filosofice-si-teologice","status":"publish","type":"product","link":"https:\/\/editura-unibuc.ro\/en\/filosofie-si-crestinism-dimensiuni-filosofice-si-teologice\/","title":{"rendered":"PHILOSOPHY AND CHRISTIANITY: PHILOSOPHICAL AND THEOLOGICAL DIMENSIONS"},"content":{"rendered":"<p>\u201cAm preferat s\u0103 punctez c\u00e2teva momente ale rela\u0163iei dintre filosofie \u015fi cre\u015ftinism \u00eentr-un mod mai pu\u0163in obi\u015fnuit, pentru a orienta cititorul spre acele probleme importante care dau de g\u00e2ndit. Problema limbii\/limbajului este primul dintre aceste momente.\u201d<\/p>\n","protected":false},"excerpt":{"rendered":"<p>\u201cAm preferat s\u0103 punctez c\u00e2teva momente ale rela\u0163iei dintre filosofie \u015fi cre\u015ftinism \u00eentr-un mod mai pu\u0163in obi\u015fnuit, pentru a orienta cititorul spre acele probleme importante care dau de g\u00e2ndit. Problema limbii\/limbajului este primul dintre aceste momente.\u201d<\/p>\n","protected":false},"featured_media":13801,"comment_status":"open","ping_status":"closed","template":"","meta":[],"product_brand":[],"product_cat":[991,994,999],"product_tag":[921,1503,1021],"class_list":{"0":"post-13800","1":"product","2":"type-product","3":"status-publish","4":"has-post-thumbnail","6":"product_cat-stiinte-sociale","7":"product_cat-filosofie","8":"product_cat-teologie","9":"product_tag-filosofie","10":"product_tag-stiinte-socio-umane","11":"product_tag-teologie","13":"first","14":"outofstock","15":"shipping-taxable","16":"purchasable","17":"product-type-simple"},"_links":{"self":[{"href":"https:\/\/editura-unibuc.ro\/en\/wp-json\/wp\/v2\/product\/13800","targetHints":{"allow":["GET"]}}],"collection":[{"href":"https:\/\/editura-unibuc.ro\/en\/wp-json\/wp\/v2\/product"}],"about":[{"href":"https:\/\/editura-unibuc.ro\/en\/wp-json\/wp\/v2\/types\/product"}],"replies":[{"embeddable":true,"href":"https:\/\/editura-unibuc.ro\/en\/wp-json\/wp\/v2\/comments?post=13800"}],"wp:featuredmedia":[{"embeddable":true,"href":"https:\/\/editura-unibuc.ro\/en\/wp-json\/wp\/v2\/media\/13801"}],"wp:attachment":[{"href":"https:\/\/editura-unibuc.ro\/en\/wp-json\/wp\/v2\/media?parent=13800"}],"wp:term":[{"taxonomy":"product_brand","embeddable":true,"href":"https:\/\/editura-unibuc.ro\/en\/wp-json\/wp\/v2\/product_brand?post=13800"},{"taxonomy":"product_cat","embeddable":true,"href":"https:\/\/editura-unibuc.ro\/en\/wp-json\/wp\/v2\/product_cat?post=13800"},{"taxonomy":"product_tag","embeddable":true,"href":"https:\/\/editura-unibuc.ro\/en\/wp-json\/wp\/v2\/product_tag?post=13800"}],"curies":[{"name":"wp","href":"https:\/\/api.w.org\/{rel}","templated":true}]}}