{"id":13804,"date":"2015-04-02T17:13:02","date_gmt":"2015-04-02T14:13:02","guid":{"rendered":"https:\/\/editura-unibuc.ro\/?post_type=product&#038;p=13804"},"modified":"2025-10-28T11:06:32","modified_gmt":"2025-10-28T09:06:32","slug":"limbajul-otoman-al-razboiului-si-pacii-dictionar-de-termeni-si-expresii-editia-a-doua-si-revizuita","status":"publish","type":"product","link":"https:\/\/editura-unibuc.ro\/en\/limbajul-otoman-al-razboiului-si-pacii-dictionar-de-termeni-si-expresii-editia-a-doua-si-revizuita\/","title":{"rendered":"OTTOMAN LANGUAGE OF WAR AND PEACE: GLOSSARY OF TERMS AND EXPRESSIONS. SECOND REVISED EDITION"},"content":{"rendered":"<p>\u201cStudiul lumii musulmane, al istoriei otomane \u015fi al popoarelor din sud-estul Europei a devenit o constant\u0103 a Universit\u0103\u0163ii din Bucure\u015fti. \u00cen acest context, orice instrument de lucru este bine-venit pentru studen\u0163ii facult\u0103tilor unde se pred\u0103 istorie, \u00een special pentru cei care se preg\u0103tesc pentru domeniul osmanisticii.\u201d<\/p>\n","protected":false},"excerpt":{"rendered":"<p>\u201cStudiul lumii musulmane, al istoriei otomane \u015fi al popoarelor din sud-estul Europei a devenit o constant\u0103 a Universit\u0103\u0163ii din Bucure\u015fti. \u00cen acest context, orice instrument de lucru este bine-venit pentru studen\u0163ii facult\u0103tilor unde se pred\u0103 istorie, \u00een special pentru cei care se preg\u0103tesc pentru domeniul osmanisticii.\u201d<\/p>\n","protected":false},"featured_media":13805,"comment_status":"open","ping_status":"closed","template":"","meta":[],"product_brand":[],"product_cat":[991,995],"product_tag":[883,1505,1506],"class_list":{"0":"post-13804","1":"product","2":"type-product","3":"status-publish","4":"has-post-thumbnail","6":"product_cat-stiinte-sociale","7":"product_cat-istorie-stiinte-politice","8":"product_tag-dictionar","9":"product_tag-lumea-musulmana","10":"product_tag-osmanistica","12":"first","13":"outofstock","14":"shipping-taxable","15":"purchasable","16":"product-type-simple"},"_links":{"self":[{"href":"https:\/\/editura-unibuc.ro\/en\/wp-json\/wp\/v2\/product\/13804","targetHints":{"allow":["GET"]}}],"collection":[{"href":"https:\/\/editura-unibuc.ro\/en\/wp-json\/wp\/v2\/product"}],"about":[{"href":"https:\/\/editura-unibuc.ro\/en\/wp-json\/wp\/v2\/types\/product"}],"replies":[{"embeddable":true,"href":"https:\/\/editura-unibuc.ro\/en\/wp-json\/wp\/v2\/comments?post=13804"}],"wp:featuredmedia":[{"embeddable":true,"href":"https:\/\/editura-unibuc.ro\/en\/wp-json\/wp\/v2\/media\/13805"}],"wp:attachment":[{"href":"https:\/\/editura-unibuc.ro\/en\/wp-json\/wp\/v2\/media?parent=13804"}],"wp:term":[{"taxonomy":"product_brand","embeddable":true,"href":"https:\/\/editura-unibuc.ro\/en\/wp-json\/wp\/v2\/product_brand?post=13804"},{"taxonomy":"product_cat","embeddable":true,"href":"https:\/\/editura-unibuc.ro\/en\/wp-json\/wp\/v2\/product_cat?post=13804"},{"taxonomy":"product_tag","embeddable":true,"href":"https:\/\/editura-unibuc.ro\/en\/wp-json\/wp\/v2\/product_tag?post=13804"}],"curies":[{"name":"wp","href":"https:\/\/api.w.org\/{rel}","templated":true}]}}