{"id":13806,"date":"2015-04-03T12:41:26","date_gmt":"2015-04-03T09:41:26","guid":{"rendered":"https:\/\/editura-unibuc.ro\/?post_type=product&#038;p=13806"},"modified":"2015-04-03T12:41:26","modified_gmt":"2015-04-03T09:41:26","slug":"mihai-eminescu-in-laboratorul-luceafarului","status":"publish","type":"product","link":"https:\/\/editura-unibuc.ro\/en\/mihai-eminescu-in-laboratorul-luceafarului\/","title":{"rendered":"MIHAI EMINESCU: IN THE \u201cLUCEAFARULUI\u201d LABORATORY"},"content":{"rendered":"<p>\u201cAceast\u0103 edi\u0163ie a poemului Luceaf\u0103rul de Mihai Eminescu a luat na\u015ftere ca urmare a unui seminar \u0163inut la sf\u00e2r\u015fitul anilor \u201990, reluat\u0103 apoi la cursurile \u015fi seminarele dedicate poeziei lui Eminescu. Av\u00e2nd \u00een vedere care a fost ob\u00e2r\u015fia c\u0103r\u0163ii, ea se cuvine a fi dedicat\u0103 studen\u0163ilor care au urmat cursurile mele de Limba \u015fi literatura rom\u00e2n\u0103 de-a lungul anilor.\u201d<\/p>\n","protected":false},"excerpt":{"rendered":"<p>\u201cAceast\u0103 edi\u0163ie a poemului Luceaf\u0103rul de Mihai Eminescu a luat na\u015ftere ca urmare a unui seminar \u0163inut la sf\u00e2r\u015fitul anilor \u201990, reluat\u0103 apoi la cursurile \u015fi seminarele dedicate poeziei lui Eminescu. Av\u00e2nd \u00een vedere care a fost ob\u00e2r\u015fia c\u0103r\u0163ii, ea se cuvine a fi dedicat\u0103 studen\u0163ilor care au urmat cursurile mele de Limba \u015fi literatura [&hellip;]<\/p>\n","protected":false},"featured_media":13807,"comment_status":"open","ping_status":"closed","template":"","meta":[],"product_brand":[],"product_cat":[1464,979],"product_tag":[1507,1508],"class_list":{"0":"post-13806","1":"product","2":"type-product","3":"status-publish","4":"has-post-thumbnail","6":"product_cat-filologie","7":"product_cat-limba-romana","8":"product_tag-luceafarul","9":"product_tag-poezia-lui-eminescu","11":"first","12":"instock","13":"shipping-taxable","14":"purchasable","15":"product-type-simple"},"_links":{"self":[{"href":"https:\/\/editura-unibuc.ro\/en\/wp-json\/wp\/v2\/product\/13806","targetHints":{"allow":["GET"]}}],"collection":[{"href":"https:\/\/editura-unibuc.ro\/en\/wp-json\/wp\/v2\/product"}],"about":[{"href":"https:\/\/editura-unibuc.ro\/en\/wp-json\/wp\/v2\/types\/product"}],"replies":[{"embeddable":true,"href":"https:\/\/editura-unibuc.ro\/en\/wp-json\/wp\/v2\/comments?post=13806"}],"wp:featuredmedia":[{"embeddable":true,"href":"https:\/\/editura-unibuc.ro\/en\/wp-json\/wp\/v2\/media\/13807"}],"wp:attachment":[{"href":"https:\/\/editura-unibuc.ro\/en\/wp-json\/wp\/v2\/media?parent=13806"}],"wp:term":[{"taxonomy":"product_brand","embeddable":true,"href":"https:\/\/editura-unibuc.ro\/en\/wp-json\/wp\/v2\/product_brand?post=13806"},{"taxonomy":"product_cat","embeddable":true,"href":"https:\/\/editura-unibuc.ro\/en\/wp-json\/wp\/v2\/product_cat?post=13806"},{"taxonomy":"product_tag","embeddable":true,"href":"https:\/\/editura-unibuc.ro\/en\/wp-json\/wp\/v2\/product_tag?post=13806"}],"curies":[{"name":"wp","href":"https:\/\/api.w.org\/{rel}","templated":true}]}}