{"id":13808,"date":"2015-04-03T12:50:19","date_gmt":"2015-04-03T09:50:19","guid":{"rendered":"https:\/\/editura-unibuc.ro\/?post_type=product&#038;p=13808"},"modified":"2018-01-30T11:20:10","modified_gmt":"2018-01-30T09:20:10","slug":"mecanismele-invatarii-la-scolarul-cu-deficienta-de-intelect","status":"publish","type":"product","link":"https:\/\/editura-unibuc.ro\/en\/mecanismele-invatarii-la-scolarul-cu-deficienta-de-intelect\/","title":{"rendered":"LEARNING MECHANISMS FOR STUDENTS WITH INTELLECTUAL DISABILITIES"},"content":{"rendered":"<p>\u201cLucrarea de fa\u0163\u0103 are drept scop prezentarea unei forme de adaptare \u015fi integrare a con\u0163inutului curricular, dup\u0103 criteriul interdisciplinarit\u0103\u0163ii, \u00een \u00eenv\u0103\u0163\u0103m\u00e2ntul special \u015fi la nivelul perioadei \u015fcolare mici, urm\u0103rindu-se prin aceasta posibilitatea de valorificare a actului educa\u0163ional, pentru a-i amplifica efectele terapeutice.\u201d<\/p>\n","protected":false},"excerpt":{"rendered":"<p>\u201cLucrarea de fa\u0163\u0103 are drept scop prezentarea unei forme de adaptare \u015fi integrare a con\u0163inutului curricular, dup\u0103 criteriul interdisciplinarit\u0103\u0163ii, \u00een \u00eenv\u0103\u0163\u0103m\u00e2ntul special \u015fi la nivelul perioadei \u015fcolare mici, urm\u0103rindu-se prin aceasta posibilitatea de valorificare a actului educa\u0163ional, pentru a-i amplifica efectele terapeutice.\u201d<\/p>\n","protected":false},"featured_media":13809,"comment_status":"open","ping_status":"closed","template":"","meta":[],"product_brand":[],"product_cat":[991,997],"product_tag":[1510,1509],"class_list":{"0":"post-13808","1":"product","2":"type-product","3":"status-publish","4":"has-post-thumbnail","6":"product_cat-stiinte-sociale","7":"product_cat-psihologie-stiintele-educatiei-si-pedagogie","8":"product_tag-actul-educational","9":"product_tag-invatarea","11":"first","12":"outofstock","13":"shipping-taxable","14":"purchasable","15":"product-type-simple"},"_links":{"self":[{"href":"https:\/\/editura-unibuc.ro\/en\/wp-json\/wp\/v2\/product\/13808","targetHints":{"allow":["GET"]}}],"collection":[{"href":"https:\/\/editura-unibuc.ro\/en\/wp-json\/wp\/v2\/product"}],"about":[{"href":"https:\/\/editura-unibuc.ro\/en\/wp-json\/wp\/v2\/types\/product"}],"replies":[{"embeddable":true,"href":"https:\/\/editura-unibuc.ro\/en\/wp-json\/wp\/v2\/comments?post=13808"}],"wp:featuredmedia":[{"embeddable":true,"href":"https:\/\/editura-unibuc.ro\/en\/wp-json\/wp\/v2\/media\/13809"}],"wp:attachment":[{"href":"https:\/\/editura-unibuc.ro\/en\/wp-json\/wp\/v2\/media?parent=13808"}],"wp:term":[{"taxonomy":"product_brand","embeddable":true,"href":"https:\/\/editura-unibuc.ro\/en\/wp-json\/wp\/v2\/product_brand?post=13808"},{"taxonomy":"product_cat","embeddable":true,"href":"https:\/\/editura-unibuc.ro\/en\/wp-json\/wp\/v2\/product_cat?post=13808"},{"taxonomy":"product_tag","embeddable":true,"href":"https:\/\/editura-unibuc.ro\/en\/wp-json\/wp\/v2\/product_tag?post=13808"}],"curies":[{"name":"wp","href":"https:\/\/api.w.org\/{rel}","templated":true}]}}