{"id":13816,"date":"2015-04-03T13:10:50","date_gmt":"2015-04-03T10:10:50","guid":{"rendered":"https:\/\/editura-unibuc.ro\/?post_type=product&#038;p=13816"},"modified":"2017-02-09T09:54:17","modified_gmt":"2017-02-09T07:54:17","slug":"psihopedagogia-deficientilor-de-intelect","status":"publish","type":"product","link":"https:\/\/editura-unibuc.ro\/en\/psihopedagogia-deficientilor-de-intelect\/","title":{"rendered":"PSYCHOPEDAGOGY OF INTELLECTUAL DISABILITIES"},"content":{"rendered":"<p>\u201cLucrarea de fa\u0163\u0103 reprezint\u0103 o contribu\u0163ie semnificativ\u0103 care se remarc\u0103 prin propunerea unui model original de elaborare a unei tematici generoase ce se eviden\u0163iaz\u0103 prin raportarea con\u0163inutului la ideile moderne din literatura de specialitate \u015fi la contribu\u0163ia personal\u0103 invocat\u0103 pertinent pe parcursul lucr\u0103rii.\u201d Prof. univ. dr. Emil Verza<\/p>\n","protected":false},"excerpt":{"rendered":"<p>\u201cLucrarea de fa\u0163\u0103 reprezint\u0103 o contribu\u0163ie semnificativ\u0103 care se remarc\u0103 prin propunerea unui model original de elaborare a unei tematici generoase ce se eviden\u0163iaz\u0103 prin raportarea con\u0163inutului la ideile moderne din literatura de specialitate \u015fi la contribu\u0163ia personal\u0103 invocat\u0103 pertinent pe parcursul lucr\u0103rii.\u201d Prof. univ. dr. Emil Verza<\/p>\n","protected":false},"featured_media":13817,"comment_status":"open","ping_status":"closed","template":"","meta":[],"product_brand":[],"product_cat":[991,997],"product_tag":[1111],"class_list":{"0":"post-13816","1":"product","2":"type-product","3":"status-publish","4":"has-post-thumbnail","6":"product_cat-stiinte-sociale","7":"product_cat-psihologie-stiintele-educatiei-si-pedagogie","8":"product_tag-psihologie","10":"first","11":"outofstock","12":"shipping-taxable","13":"purchasable","14":"product-type-simple"},"_links":{"self":[{"href":"https:\/\/editura-unibuc.ro\/en\/wp-json\/wp\/v2\/product\/13816","targetHints":{"allow":["GET"]}}],"collection":[{"href":"https:\/\/editura-unibuc.ro\/en\/wp-json\/wp\/v2\/product"}],"about":[{"href":"https:\/\/editura-unibuc.ro\/en\/wp-json\/wp\/v2\/types\/product"}],"replies":[{"embeddable":true,"href":"https:\/\/editura-unibuc.ro\/en\/wp-json\/wp\/v2\/comments?post=13816"}],"wp:featuredmedia":[{"embeddable":true,"href":"https:\/\/editura-unibuc.ro\/en\/wp-json\/wp\/v2\/media\/13817"}],"wp:attachment":[{"href":"https:\/\/editura-unibuc.ro\/en\/wp-json\/wp\/v2\/media?parent=13816"}],"wp:term":[{"taxonomy":"product_brand","embeddable":true,"href":"https:\/\/editura-unibuc.ro\/en\/wp-json\/wp\/v2\/product_brand?post=13816"},{"taxonomy":"product_cat","embeddable":true,"href":"https:\/\/editura-unibuc.ro\/en\/wp-json\/wp\/v2\/product_cat?post=13816"},{"taxonomy":"product_tag","embeddable":true,"href":"https:\/\/editura-unibuc.ro\/en\/wp-json\/wp\/v2\/product_tag?post=13816"}],"curies":[{"name":"wp","href":"https:\/\/api.w.org\/{rel}","templated":true}]}}