{"id":13818,"date":"2015-04-03T13:36:14","date_gmt":"2015-04-03T10:36:14","guid":{"rendered":"https:\/\/editura-unibuc.ro\/?post_type=product&#038;p=13818"},"modified":"2024-10-21T09:08:41","modified_gmt":"2024-10-21T06:08:41","slug":"universitate-si-politica-evolutii-institutionale-romanesti-si-trasee-europene-de-formare-intelectuala-secolele-xix-xxi","status":"publish","type":"product","link":"https:\/\/editura-unibuc.ro\/en\/universitate-si-politica-evolutii-institutionale-romanesti-si-trasee-europene-de-formare-intelectuala-secolele-xix-xxi\/","title":{"rendered":"UNIVERSITY AND POLITICS: ROMANIAN INSTITUTIONAL DEVELOPMENTS AND EUROPEAN ROUTES OF INTELLECTUAL TRAINING: (BETWEEN NINETEENTH AND TWENTY-FIRST CENTURIES)"},"content":{"rendered":"<p>\u201cTextele reunite \u00een acest volum, ce vede lumina tiparului \u00eentr-un ceas aniversar, nu epuizeaz\u0103, f\u0103r\u0103 \u00eendoial\u0103, tema (universitate \u015fi politic\u0103). Nici nu s-ar putea! Ele arat\u0103 \u00eens\u0103, pe deplin, complexitatea proceselor \u015fi aspectelor de care trebuie s\u0103 \u0163inem seam\u0103 atunci c\u00e2nd ne aplec\u0103m asupra spa\u0163iului universitar.\u201d<\/p>\n","protected":false},"excerpt":{"rendered":"<p>\u201cTextele reunite \u00een acest volum, ce vede lumina tiparului \u00eentr-un ceas aniversar, nu epuizeaz\u0103, f\u0103r\u0103 \u00eendoial\u0103, tema (universitate \u015fi politic\u0103). Nici nu s-ar putea! Ele arat\u0103 \u00eens\u0103, pe deplin, complexitatea proceselor \u015fi aspectelor de care trebuie s\u0103 \u0163inem seam\u0103 atunci c\u00e2nd ne aplec\u0103m asupra spa\u0163iului universitar.\u201d<\/p>\n","protected":false},"featured_media":13819,"comment_status":"open","ping_status":"closed","template":"","meta":[],"product_brand":[],"product_cat":[991,995],"product_tag":[1517,1516],"class_list":{"0":"post-13818","1":"product","2":"type-product","3":"status-publish","4":"has-post-thumbnail","6":"product_cat-stiinte-sociale","7":"product_cat-istorie-stiinte-politice","8":"product_tag-formare-intelectuala","9":"product_tag-universitati-romane","11":"first","12":"outofstock","13":"shipping-taxable","14":"purchasable","15":"product-type-simple"},"_links":{"self":[{"href":"https:\/\/editura-unibuc.ro\/en\/wp-json\/wp\/v2\/product\/13818","targetHints":{"allow":["GET"]}}],"collection":[{"href":"https:\/\/editura-unibuc.ro\/en\/wp-json\/wp\/v2\/product"}],"about":[{"href":"https:\/\/editura-unibuc.ro\/en\/wp-json\/wp\/v2\/types\/product"}],"replies":[{"embeddable":true,"href":"https:\/\/editura-unibuc.ro\/en\/wp-json\/wp\/v2\/comments?post=13818"}],"wp:featuredmedia":[{"embeddable":true,"href":"https:\/\/editura-unibuc.ro\/en\/wp-json\/wp\/v2\/media\/13819"}],"wp:attachment":[{"href":"https:\/\/editura-unibuc.ro\/en\/wp-json\/wp\/v2\/media?parent=13818"}],"wp:term":[{"taxonomy":"product_brand","embeddable":true,"href":"https:\/\/editura-unibuc.ro\/en\/wp-json\/wp\/v2\/product_brand?post=13818"},{"taxonomy":"product_cat","embeddable":true,"href":"https:\/\/editura-unibuc.ro\/en\/wp-json\/wp\/v2\/product_cat?post=13818"},{"taxonomy":"product_tag","embeddable":true,"href":"https:\/\/editura-unibuc.ro\/en\/wp-json\/wp\/v2\/product_tag?post=13818"}],"curies":[{"name":"wp","href":"https:\/\/api.w.org\/{rel}","templated":true}]}}