{"id":13820,"date":"2015-04-03T13:42:54","date_gmt":"2015-04-03T10:42:54","guid":{"rendered":"https:\/\/editura-unibuc.ro\/?post_type=product&#038;p=13820"},"modified":"2016-04-26T11:43:42","modified_gmt":"2016-04-26T08:43:42","slug":"vise-in-paragina","status":"publish","type":"product","link":"https:\/\/editura-unibuc.ro\/en\/vise-in-paragina\/","title":{"rendered":"DERELICT DREAMS"},"content":{"rendered":"<p>O carte despre noi, voi, ei \u015fi ele<\/p>\n<p>Alexandru Calm\u00e2cu semneaz\u0103 volumul, ap\u0103rut la Editura Universit\u0103\u0163ii din Bucure\u015fti, \u201eVise \u00een paragin\u0103\u201d. Tematic, lucrarea se \u00eencadreaz\u0103 \u00een domeniul editorialist al comunic\u0103rii media. \u201eTextele cuprinse \u00een acest volum dep\u0103\u015fesc cu mult spa\u0163iul editorialist. F\u0103r\u0103 \u00eendoial\u0103, p\u0103str\u00e2nd coordonatele teoretice, ele ating pragul literaturii, intens \u015fi sigur, astfel \u00eenc\u00e2t le putem aprecia ca fiind eseuri literare\u201d, apreciaz\u0103 poetul \u015fi publicistul Dan Mircea Cipariu. La r\u00e2ndul s\u0103u, renumitul clasicist, Liviu Franga, consemneaz\u0103: \u201eDou\u0103 sunt componentele care nu lipsesc din acest tipar structural niciodat\u0103: nucleul narativ, \u00eentotdeauna anectodic, de cele mai multe ori autoreferen\u0163ial, pe de o parte; concluzia etic\u0103, explicit formulat\u0103 \u00een majoritatea cazurilor, de regul\u0103 concis\u0103 la extrem, uneori implicit\u0103, absent\u0103 formal, pe de alt\u0103 parte\u201d. \u00cen aceea\u015fi direc\u0163ie se \u00eencadreaz\u0103 observa\u0163ia criticului  Doru Mare\u015f, dar \u00een al\u0163i termeni: \u201e\u00cen definitiv, o serie de schi\u0163e \u00een buna tradi\u0163ie a lui Caragiale, desigur \u00een spirit, f\u0103r\u0103 a-i uita (la fel) nici pe un Bacalba\u015fa, dar nici pe jurnalistul care \u00eenseamn\u0103, \u015fi \u00een spirit \u015fi \u00een liter\u0103, scriitorul Alexandru Calm\u00e2cu\u201d.<\/p>\n<p>Irina Hri\u0163u<\/p>","protected":false},"excerpt":{"rendered":"<p>O carte despre noi, voi, ei \u015fi ele Alexandru Calm\u00e2cu semneaz\u0103 volumul, ap\u0103rut la Editura Universit\u0103\u0163ii din Bucure\u015fti, \u201eVise \u00een paragin\u0103\u201d. Tematic, lucrarea se \u00eencadreaz\u0103 \u00een domeniul editorialist al comunic\u0103rii media. \u201eTextele cuprinse \u00een acest volum dep\u0103\u015fesc cu mult spa\u0163iul editorialist. F\u0103r\u0103 \u00eendoial\u0103, p\u0103str\u00e2nd coordonatele teoretice, ele ating pragul literaturii, intens \u015fi sigur, astfel \u00eenc\u00e2t [&hellip;]<\/p>\n","protected":false},"featured_media":13821,"comment_status":"open","ping_status":"closed","template":"","meta":[],"product_brand":[],"product_cat":[1464,979],"product_tag":[1518,1519,1520],"class_list":{"0":"post-13820","1":"product","2":"type-product","3":"status-publish","4":"has-post-thumbnail","6":"product_cat-filologie","7":"product_cat-limba-romana","8":"product_tag-comunicare-media","9":"product_tag-eseu-literar","10":"product_tag-schite","12":"first","13":"instock","14":"shipping-taxable","15":"purchasable","16":"product-type-simple"},"_links":{"self":[{"href":"https:\/\/editura-unibuc.ro\/en\/wp-json\/wp\/v2\/product\/13820","targetHints":{"allow":["GET"]}}],"collection":[{"href":"https:\/\/editura-unibuc.ro\/en\/wp-json\/wp\/v2\/product"}],"about":[{"href":"https:\/\/editura-unibuc.ro\/en\/wp-json\/wp\/v2\/types\/product"}],"replies":[{"embeddable":true,"href":"https:\/\/editura-unibuc.ro\/en\/wp-json\/wp\/v2\/comments?post=13820"}],"wp:featuredmedia":[{"embeddable":true,"href":"https:\/\/editura-unibuc.ro\/en\/wp-json\/wp\/v2\/media\/13821"}],"wp:attachment":[{"href":"https:\/\/editura-unibuc.ro\/en\/wp-json\/wp\/v2\/media?parent=13820"}],"wp:term":[{"taxonomy":"product_brand","embeddable":true,"href":"https:\/\/editura-unibuc.ro\/en\/wp-json\/wp\/v2\/product_brand?post=13820"},{"taxonomy":"product_cat","embeddable":true,"href":"https:\/\/editura-unibuc.ro\/en\/wp-json\/wp\/v2\/product_cat?post=13820"},{"taxonomy":"product_tag","embeddable":true,"href":"https:\/\/editura-unibuc.ro\/en\/wp-json\/wp\/v2\/product_tag?post=13820"}],"curies":[{"name":"wp","href":"https:\/\/api.w.org\/{rel}","templated":true}]}}