{"id":13822,"date":"2015-04-03T14:04:31","date_gmt":"2015-04-03T11:04:31","guid":{"rendered":"https:\/\/editura-unibuc.ro\/?post_type=product&#038;p=13822"},"modified":"2023-04-10T10:10:52","modified_gmt":"2023-04-10T07:10:52","slug":"pour-cocon-simplitian-ou-ce-quil-est-raisonnable-de-dire-de-la-langue","status":"publish","type":"product","link":"https:\/\/editura-unibuc.ro\/en\/pour-cocon-simplitian-ou-ce-quil-est-raisonnable-de-dire-de-la-langue\/","title":{"rendered":"FOR &#8220;COCON SIMPLITIAN&#8221; OR WHAT IT IS ACCEPTABLE TO SAY ABOUT THE LANGUAGE"},"content":{"rendered":"<p>\u00ab Les livres naissent, souvent, d\u2019autres livres. Pour Cocon Simpli\u0163ian ou ce qu\u2019il est raisonnable de dire de la langue renvoie, de fa\u00e7on allusive et apparemment incongrue, au fameux po\u00e8me de Ioan Budai-Deleanu \u2013 \u0162iganiada [1800-1812] \u2013 ainsi qu\u2019au livre de Radu Toma \u2013 Pour Cocon Idiotiseanul ou ce qu\u2019il est raisonnable de dire de la literature [2000]. Cette double intertextualit\u00e9 n\u2019est pas, de toute \u00e9vidence, le fruit du hazard. [\u2026] \u00c0 travers le recours aux personnages cr\u00e9\u00e9s par Ioan Budai-Deleanu (personnalit\u00e9 complexe:  \u00e9crivan, mais en \u00e9gale mesure philologue et linguiste), Pour Cocon Simpli\u0163ian ou ce qu\u2019il est raisonnable de dire de la langue est une invitation \u00e0 une r\u00e9flexion originale sur les concepts fondateurs de la pens\u00e9e linguistique contemporaine et, partant, sur la linguistique en tant que science de la langue et des langues.\u00bb<\/p>","protected":false},"excerpt":{"rendered":"<p>\u00ab Les livres naissent, souvent, d\u2019autres livres. Pour Cocon Simpli\u0163ian ou ce qu\u2019il est raisonnable de dire de la langue renvoie, de fa\u00e7on allusive et apparemment incongrue, au fameux po\u00e8me de Ioan Budai-Deleanu \u2013 \u0162iganiada [1800-1812] \u2013 ainsi qu\u2019au livre de Radu Toma \u2013 Pour Cocon Idiotiseanul ou ce qu\u2019il est raisonnable de dire de [&hellip;]<\/p>\n","protected":false},"featured_media":13823,"comment_status":"open","ping_status":"closed","template":"","meta":[],"product_brand":[],"product_cat":[1464,977],"product_tag":[1522,1523,1521,1524],"class_list":{"0":"post-13822","1":"product","2":"type-product","3":"status-publish","4":"has-post-thumbnail","6":"product_cat-filologie","7":"product_cat-limba-franceza","8":"product_tag-cocon-simplitian","9":"product_tag-ioan-budai-deleanu","10":"product_tag-lingvistica-franceza","11":"product_tag-radu-toma","13":"first","14":"outofstock","15":"shipping-taxable","16":"purchasable","17":"product-type-simple"},"_links":{"self":[{"href":"https:\/\/editura-unibuc.ro\/en\/wp-json\/wp\/v2\/product\/13822","targetHints":{"allow":["GET"]}}],"collection":[{"href":"https:\/\/editura-unibuc.ro\/en\/wp-json\/wp\/v2\/product"}],"about":[{"href":"https:\/\/editura-unibuc.ro\/en\/wp-json\/wp\/v2\/types\/product"}],"replies":[{"embeddable":true,"href":"https:\/\/editura-unibuc.ro\/en\/wp-json\/wp\/v2\/comments?post=13822"}],"wp:featuredmedia":[{"embeddable":true,"href":"https:\/\/editura-unibuc.ro\/en\/wp-json\/wp\/v2\/media\/13823"}],"wp:attachment":[{"href":"https:\/\/editura-unibuc.ro\/en\/wp-json\/wp\/v2\/media?parent=13822"}],"wp:term":[{"taxonomy":"product_brand","embeddable":true,"href":"https:\/\/editura-unibuc.ro\/en\/wp-json\/wp\/v2\/product_brand?post=13822"},{"taxonomy":"product_cat","embeddable":true,"href":"https:\/\/editura-unibuc.ro\/en\/wp-json\/wp\/v2\/product_cat?post=13822"},{"taxonomy":"product_tag","embeddable":true,"href":"https:\/\/editura-unibuc.ro\/en\/wp-json\/wp\/v2\/product_tag?post=13822"}],"curies":[{"name":"wp","href":"https:\/\/api.w.org\/{rel}","templated":true}]}}