{"id":13824,"date":"2015-04-03T14:14:11","date_gmt":"2015-04-03T11:14:11","guid":{"rendered":"https:\/\/editura-unibuc.ro\/?post_type=product&#038;p=13824"},"modified":"2018-11-07T23:26:39","modified_gmt":"2018-11-07T21:26:39","slug":"nouvelles-approches-de-la-rationalite-defis-contemporains-des-sciences-humaines-et-sociales","status":"publish","type":"product","link":"https:\/\/editura-unibuc.ro\/en\/nouvelles-approches-de-la-rationalite-defis-contemporains-des-sciences-humaines-et-sociales\/","title":{"rendered":"NEW APPROACHES OF RATIONALITY. CONTEMPORARY CHALLENGES OF HUMAN AND SOCIAL SCIENCES"},"content":{"rendered":"<p>Qu\u2019est-ce que la rationalit\u00e9 aujourd\u2019hui pour les sciences humaines et sociales, dans le contexte du d\u00e9fi que le postmodernisme adresse au concept ? Les contributions internationales rassembl\u00e9es dans ce volume posent les questions \u00e9pist\u00e9mologiques et m\u00e9thodologiques qui sont propres aux sciences de l\u2019humain.<br \/>\nCet ouvrage est en partie tir\u00e9 des communications prononc\u00e9es \u00e0 l\u2019Universit\u00e9 de Bucarest lors du colloque international intitul\u00e9 \u00abLes sciences sociales et la soci\u00e9t\u00e9 : nouvelles approches de la rationalit\u00e9\u00bb, organis\u00e9 les 20 et 21 septembre 2013 par le Centre r\u00e9gional francophone de recherches avanc\u00e9es en sciences sociales (CEREFREA), avec la collaboration de l\u2019Universit\u00e9 Lumi\u00e8re Lyon 2.<\/p>\n","protected":false},"excerpt":{"rendered":"<p>Qu\u2019est-ce que la rationalit\u00e9 aujourd\u2019hui pour les sciences humaines et sociales, dans le contexte du d\u00e9fi que le postmodernisme adresse au concept ? Les contributions internationales rassembl\u00e9es dans ce volume posent les questions \u00e9pist\u00e9mologiques et m\u00e9thodologiques qui sont propres aux sciences de l\u2019humain. Cet ouvrage est en partie tir\u00e9 des communications prononc\u00e9es \u00e0 l\u2019Universit\u00e9 de [&hellip;]<\/p>\n","protected":false},"featured_media":13825,"comment_status":"open","ping_status":"closed","template":"","meta":[],"product_brand":[],"product_cat":[991,996],"product_tag":[876,1100,1526,1527,1525,1349],"class_list":{"0":"post-13824","1":"product","2":"type-product","3":"status-publish","4":"has-post-thumbnail","6":"product_cat-stiinte-sociale","7":"product_cat-jurnalism-si-stiintele-comunicarii","8":"product_tag-feminism","9":"product_tag-jurnalism","10":"product_tag-rationalitate","11":"product_tag-rationalitate-politica","12":"product_tag-stiinte-sociale","13":"product_tag-stiinte-umane","15":"first","16":"instock","17":"shipping-taxable","18":"purchasable","19":"product-type-simple"},"_links":{"self":[{"href":"https:\/\/editura-unibuc.ro\/en\/wp-json\/wp\/v2\/product\/13824","targetHints":{"allow":["GET"]}}],"collection":[{"href":"https:\/\/editura-unibuc.ro\/en\/wp-json\/wp\/v2\/product"}],"about":[{"href":"https:\/\/editura-unibuc.ro\/en\/wp-json\/wp\/v2\/types\/product"}],"replies":[{"embeddable":true,"href":"https:\/\/editura-unibuc.ro\/en\/wp-json\/wp\/v2\/comments?post=13824"}],"wp:featuredmedia":[{"embeddable":true,"href":"https:\/\/editura-unibuc.ro\/en\/wp-json\/wp\/v2\/media\/13825"}],"wp:attachment":[{"href":"https:\/\/editura-unibuc.ro\/en\/wp-json\/wp\/v2\/media?parent=13824"}],"wp:term":[{"taxonomy":"product_brand","embeddable":true,"href":"https:\/\/editura-unibuc.ro\/en\/wp-json\/wp\/v2\/product_brand?post=13824"},{"taxonomy":"product_cat","embeddable":true,"href":"https:\/\/editura-unibuc.ro\/en\/wp-json\/wp\/v2\/product_cat?post=13824"},{"taxonomy":"product_tag","embeddable":true,"href":"https:\/\/editura-unibuc.ro\/en\/wp-json\/wp\/v2\/product_tag?post=13824"}],"curies":[{"name":"wp","href":"https:\/\/api.w.org\/{rel}","templated":true}]}}