{"id":14123,"date":"2015-09-19T11:38:07","date_gmt":"2015-09-19T08:38:07","guid":{"rendered":"https:\/\/editura-unibuc.ro\/?post_type=product&#038;p=14123"},"modified":"2025-08-08T10:15:56","modified_gmt":"2025-08-08T07:15:56","slug":"filosofia-stiintelor-umane-in-memoriam-mihail-radu-solcan","status":"publish","type":"product","link":"https:\/\/editura-unibuc.ro\/en\/filosofia-stiintelor-umane-in-memoriam-mihail-radu-solcan\/","title":{"rendered":"FILOSOFIA \u015eTIIN\u0162ELOR UMANE: IN MEMORIAM MIHAIL RADU SOLCAN"},"content":{"rendered":"<p>\u201cPrin modul cum a \u00een\u0163eles s\u0103 tr\u0103iasc\u0103 \u015fi s\u0103 ac\u0163ioneze, ca \u015fi prin ceea ce a scris, Radu Solcan a dat expresie unei atitudini \u015fi conduite intelectuale care ilustreaz\u0103 virtu\u0163i unanim apreciate \u015fi, cu toate acestea, pu\u0163in practicate \u00een lumea noastr\u0103.\u201d  <\/p>\n","protected":false},"excerpt":{"rendered":"<p>\u201cPrin modul cum a \u00een\u0163eles s\u0103 tr\u0103iasc\u0103 \u015fi s\u0103 ac\u0163ioneze, ca \u015fi prin ceea ce a scris, Radu Solcan a dat expresie unei atitudini \u015fi conduite intelectuale care ilustreaz\u0103 virtu\u0163i unanim apreciate \u015fi, cu toate acestea, pu\u0163in practicate \u00een lumea noastr\u0103.\u201d<\/p>\n","protected":false},"featured_media":14124,"comment_status":"open","ping_status":"closed","template":"","meta":[],"product_brand":[],"product_cat":[991,994],"product_tag":[1540,1538,1539,1537],"class_list":{"0":"post-14123","1":"product","2":"type-product","3":"status-publish","4":"has-post-thumbnail","6":"product_cat-stiinte-sociale","7":"product_cat-filosofie","8":"product_tag-arta-raului","9":"product_tag-filosofia-stiintelor-umane","10":"product_tag-kuhn","11":"product_tag-radu-solcan","13":"first","14":"instock","15":"shipping-taxable","16":"purchasable","17":"product-type-simple"},"_links":{"self":[{"href":"https:\/\/editura-unibuc.ro\/en\/wp-json\/wp\/v2\/product\/14123","targetHints":{"allow":["GET"]}}],"collection":[{"href":"https:\/\/editura-unibuc.ro\/en\/wp-json\/wp\/v2\/product"}],"about":[{"href":"https:\/\/editura-unibuc.ro\/en\/wp-json\/wp\/v2\/types\/product"}],"replies":[{"embeddable":true,"href":"https:\/\/editura-unibuc.ro\/en\/wp-json\/wp\/v2\/comments?post=14123"}],"wp:featuredmedia":[{"embeddable":true,"href":"https:\/\/editura-unibuc.ro\/en\/wp-json\/wp\/v2\/media\/14124"}],"wp:attachment":[{"href":"https:\/\/editura-unibuc.ro\/en\/wp-json\/wp\/v2\/media?parent=14123"}],"wp:term":[{"taxonomy":"product_brand","embeddable":true,"href":"https:\/\/editura-unibuc.ro\/en\/wp-json\/wp\/v2\/product_brand?post=14123"},{"taxonomy":"product_cat","embeddable":true,"href":"https:\/\/editura-unibuc.ro\/en\/wp-json\/wp\/v2\/product_cat?post=14123"},{"taxonomy":"product_tag","embeddable":true,"href":"https:\/\/editura-unibuc.ro\/en\/wp-json\/wp\/v2\/product_tag?post=14123"}],"curies":[{"name":"wp","href":"https:\/\/api.w.org\/{rel}","templated":true}]}}