{"id":14125,"date":"2015-09-19T11:40:53","date_gmt":"2015-09-19T08:40:53","guid":{"rendered":"https:\/\/editura-unibuc.ro\/?post_type=product&#038;p=14125"},"modified":"2024-05-13T14:18:39","modified_gmt":"2024-05-13T11:18:39","slug":"repere-revista-de-stiintele-educatiei-vol-8-nr-22014","status":"publish","type":"product","link":"https:\/\/editura-unibuc.ro\/en\/repere-revista-de-stiintele-educatiei-vol-8-nr-22014\/","title":{"rendered":"REPERE. REVISTA DE \u015eTIIN\u0162ELE EDUCA\u0162IEI, VOL. 8, NR. 2\/2014"},"content":{"rendered":"<p>Din sumar: Bogdan Logof\u0103tu, <em>Reg\u00e2ndirea educa\u0163iei \u00een era TIC<\/em>; Nicoleta Du\u0163\u0103, <em>Motivarea elevilor pentru \u00eenv\u0103\u0163are prin intermediul instrumentelor de comunicare \u00een \u00cenv\u0103\u0163\u0103m\u00e2ntul Superior<\/em>; Silvia F\u0103t, <em>Rolul analizei nevoilor de formare \u00een proiectarea curricular\u0103<\/em>; Ioana Tinela Huza, <em>Dimensiunile culturale na\u0163ionale<\/em>; Raluca \u015etefania, <em>Dimensiunea intercultural\u0103 a activit\u0103\u0163ilor extra\u015fcolare din perspectiva limbii \u015fi literaturii rom\u00e2ne<\/em>; Diana Csorba, <em>Analiza comparativ\u0103 a programelor de mentorat din Europa \u2013 concluzii \u015fi reflec\u0163ii pedagogice pentru programele de formare ini\u0163ial\u0103 a viitorilor profesori<\/em>; Maria Cristina Popa, <em>Copiii rom\u00e2ni \u00een \u015fcoala german\u0103: limitele habitusului \u00een povestea vie\u0163ii<\/em>.<\/p>\n","protected":false},"excerpt":{"rendered":"<p>Din sumar: Bogdan Logof\u0103tu, Reg\u00e2ndirea educa\u0163iei \u00een era TIC; Nicoleta Du\u0163\u0103, Motivarea elevilor pentru \u00eenv\u0103\u0163are prin intermediul instrumentelor de comunicare \u00een \u00cenv\u0103\u0163\u0103m\u00e2ntul Superior; Silvia F\u0103t, Rolul analizei nevoilor de formare \u00een proiectarea curricular\u0103; Ioana Tinela Huza, Dimensiunile culturale na\u0163ionale; Raluca \u015etefania, Dimensiunea intercultural\u0103 a activit\u0103\u0163ilor extra\u015fcolare din perspectiva limbii \u015fi literaturii rom\u00e2ne; Diana Csorba, Analiza [&hellip;]<\/p>\n","protected":false},"featured_media":14126,"comment_status":"open","ping_status":"closed","template":"","meta":[],"product_brand":[],"product_cat":[1469,1893,991,997],"product_tag":[1541,1542,1543],"class_list":{"0":"post-14125","1":"product","2":"type-product","3":"status-publish","4":"has-post-thumbnail","6":"product_cat-periodice","7":"product_cat-reviste-academice","8":"product_cat-stiinte-sociale","9":"product_cat-psihologie-stiintele-educatiei-si-pedagogie","10":"product_tag-invatamant-superior","11":"product_tag-programe-de-mentorat","12":"product_tag-scoala-germana","14":"first","15":"instock","16":"purchasable","17":"product-type-simple"},"_links":{"self":[{"href":"https:\/\/editura-unibuc.ro\/en\/wp-json\/wp\/v2\/product\/14125","targetHints":{"allow":["GET"]}}],"collection":[{"href":"https:\/\/editura-unibuc.ro\/en\/wp-json\/wp\/v2\/product"}],"about":[{"href":"https:\/\/editura-unibuc.ro\/en\/wp-json\/wp\/v2\/types\/product"}],"replies":[{"embeddable":true,"href":"https:\/\/editura-unibuc.ro\/en\/wp-json\/wp\/v2\/comments?post=14125"}],"wp:featuredmedia":[{"embeddable":true,"href":"https:\/\/editura-unibuc.ro\/en\/wp-json\/wp\/v2\/media\/14126"}],"wp:attachment":[{"href":"https:\/\/editura-unibuc.ro\/en\/wp-json\/wp\/v2\/media?parent=14125"}],"wp:term":[{"taxonomy":"product_brand","embeddable":true,"href":"https:\/\/editura-unibuc.ro\/en\/wp-json\/wp\/v2\/product_brand?post=14125"},{"taxonomy":"product_cat","embeddable":true,"href":"https:\/\/editura-unibuc.ro\/en\/wp-json\/wp\/v2\/product_cat?post=14125"},{"taxonomy":"product_tag","embeddable":true,"href":"https:\/\/editura-unibuc.ro\/en\/wp-json\/wp\/v2\/product_tag?post=14125"}],"curies":[{"name":"wp","href":"https:\/\/api.w.org\/{rel}","templated":true}]}}