{"id":14127,"date":"2015-09-19T11:44:00","date_gmt":"2015-09-19T08:44:00","guid":{"rendered":"https:\/\/editura-unibuc.ro\/?post_type=product&#038;p=14127"},"modified":"2025-08-28T11:01:25","modified_gmt":"2025-08-28T08:01:25","slug":"filologie-rusa-xxx-nr-22014-lucrarile-conferintei-metodico-stiintifice-internationale-dedicate-implinirii-a-80-de-ani-de-predare-a-limbii-si-literaturii-ruse-la-universitatea-din-bucuresti-3-6-o","status":"publish","type":"product","link":"https:\/\/editura-unibuc.ro\/en\/filologie-rusa-xxx-nr-22014-lucrarile-conferintei-metodico-stiintifice-internationale-dedicate-implinirii-a-80-de-ani-de-predare-a-limbii-si-literaturii-ruse-la-universitatea-din-bucuresti-3-6-o\/","title":{"rendered":"FILOLOGIE RUS\u0102 XXX. NR. 2\/2014. LUCR\u0102RILE CONFERIN\u0162EI METODICO-\u015eTIIN\u0162IFICE INTERNA\u0162IONALE, DEDICATE \u00ceMPLINIRII A 80 DE ANI DE PREDARE A LIMBII \u015eI LITERATURII RUSE LA UNIVERSITATEA DIN BUCURE\u015eTI, 3-6 OCTOMBRIE 2013, VOL. 3"},"content":{"rendered":"<p>Din sumar: Axinia Crasovshi, <em>Evolu\u0163ia genului hagiografic \u00een literatura rus\u0103<\/em>; Gheorghe Barb\u0103, <em>Fenomenul Gogol<\/em>; Roman Petra\u015fuc, <em>\u201cRevizorul\u201d lui N.V. Gogol \u00een dou\u0103 mari spectacole bucure\u015ftene<\/em>; Mihaela Moraru, <em>Oblomov: tainele sufletului rus descifrate prin ochii neam\u0163ului(sau vita contemplative versus vita active).<\/em><\/p>\n","protected":false},"excerpt":{"rendered":"<p>Din sumar: Axinia Crasovshi, Evolu\u0163ia genului hagiografic \u00een literatura rus\u0103; Gheorghe Barb\u0103, Fenomenul Gogol; Roman Petra\u015fuc, \u201cRevizorul\u201d lui N.V. Gogol \u00een dou\u0103 mari spectacole bucure\u015ftene; Mihaela Moraru, Oblomov: tainele sufletului rus descifrate prin ochii neam\u0163ului(sau vita contemplative versus vita active).<\/p>\n","protected":false},"featured_media":14128,"comment_status":"open","ping_status":"closed","template":"","meta":[],"product_brand":[],"product_cat":[3823,1464,981,1469],"product_tag":[1545,1544,1246],"class_list":{"0":"post-14127","1":"product","2":"type-product","3":"status-publish","4":"has-post-thumbnail","6":"product_cat-stiinte-umane","7":"product_cat-filologie","8":"product_cat-limbi-slave","9":"product_cat-periodice","10":"product_tag-bilingvism","11":"product_tag-danilo-kis","12":"product_tag-gogol","14":"first","15":"instock","16":"shipping-taxable","17":"purchasable","18":"product-type-simple"},"_links":{"self":[{"href":"https:\/\/editura-unibuc.ro\/en\/wp-json\/wp\/v2\/product\/14127","targetHints":{"allow":["GET"]}}],"collection":[{"href":"https:\/\/editura-unibuc.ro\/en\/wp-json\/wp\/v2\/product"}],"about":[{"href":"https:\/\/editura-unibuc.ro\/en\/wp-json\/wp\/v2\/types\/product"}],"replies":[{"embeddable":true,"href":"https:\/\/editura-unibuc.ro\/en\/wp-json\/wp\/v2\/comments?post=14127"}],"wp:featuredmedia":[{"embeddable":true,"href":"https:\/\/editura-unibuc.ro\/en\/wp-json\/wp\/v2\/media\/14128"}],"wp:attachment":[{"href":"https:\/\/editura-unibuc.ro\/en\/wp-json\/wp\/v2\/media?parent=14127"}],"wp:term":[{"taxonomy":"product_brand","embeddable":true,"href":"https:\/\/editura-unibuc.ro\/en\/wp-json\/wp\/v2\/product_brand?post=14127"},{"taxonomy":"product_cat","embeddable":true,"href":"https:\/\/editura-unibuc.ro\/en\/wp-json\/wp\/v2\/product_cat?post=14127"},{"taxonomy":"product_tag","embeddable":true,"href":"https:\/\/editura-unibuc.ro\/en\/wp-json\/wp\/v2\/product_tag?post=14127"}],"curies":[{"name":"wp","href":"https:\/\/api.w.org\/{rel}","templated":true}]}}