{"id":14129,"date":"2015-09-19T12:52:59","date_gmt":"2015-09-19T09:52:59","guid":{"rendered":"https:\/\/editura-unibuc.ro\/?post_type=product&#038;p=14129"},"modified":"2023-11-27T10:12:46","modified_gmt":"2023-11-27T08:12:46","slug":"bulletin-mathematique-de-la-societe-des-sciences-mathematiques-de-roumanie-tome-58106-no-2-2015","status":"publish","type":"product","link":"https:\/\/editura-unibuc.ro\/en\/bulletin-mathematique-de-la-societe-des-sciences-mathematiques-de-roumanie-tome-58106-no-2-2015\/","title":{"rendered":"BULLETIN MATH\u00c9MATIQUE. DE LA SOCI\u00c9T\u00c9 DES SCIENCES MATH\u00c9MATIQUES DE ROUMANIE. TOME 58(106), NO. 2, 2015"},"content":{"rendered":"<p>Din sumar: Behrooz Bagheri Ghavam Abadi \u015fi Ali Zaghian, <em>On the Forcing Dimension of a Graph<\/em>; Horia Ene, Claudia Timofte \u015fi Iulian \u0162en\u0163ea, <em>Homogenization of a thermoelasticity model for a composite with imperfect interface<\/em>; Rostam Sabeti, <em>Scheme of cyclic 9-roots. A heuristic numeral-symbolic approach<\/em>.<\/p>\n","protected":false},"excerpt":{"rendered":"<p>Din sumar: Behrooz Bagheri Ghavam Abadi \u015fi Ali Zaghian, On the Forcing Dimension of a Graph; Horia Ene, Claudia Timofte \u015fi Iulian \u0162en\u0163ea, Homogenization of a thermoelasticity model for a composite with imperfect interface; Rostam Sabeti, Scheme of cyclic 9-roots. A heuristic numeral-symbolic approach.<\/p>\n","protected":false},"featured_media":14130,"comment_status":"open","ping_status":"closed","template":"","meta":[],"product_brand":[],"product_cat":[3939,982,986],"product_tag":[1547,1546,1548],"class_list":{"0":"post-14129","1":"product","2":"type-product","3":"status-publish","4":"has-post-thumbnail","6":"product_cat-bulletin-mathematique","7":"product_cat-stiinte-exacte","8":"product_cat-matematica","9":"product_tag-cyclic-9-roots","10":"product_tag-henselian-fields","11":"product_tag-thermoelasticity","13":"first","14":"outofstock","15":"shipping-taxable","16":"purchasable","17":"product-type-simple"},"_links":{"self":[{"href":"https:\/\/editura-unibuc.ro\/en\/wp-json\/wp\/v2\/product\/14129","targetHints":{"allow":["GET"]}}],"collection":[{"href":"https:\/\/editura-unibuc.ro\/en\/wp-json\/wp\/v2\/product"}],"about":[{"href":"https:\/\/editura-unibuc.ro\/en\/wp-json\/wp\/v2\/types\/product"}],"replies":[{"embeddable":true,"href":"https:\/\/editura-unibuc.ro\/en\/wp-json\/wp\/v2\/comments?post=14129"}],"wp:featuredmedia":[{"embeddable":true,"href":"https:\/\/editura-unibuc.ro\/en\/wp-json\/wp\/v2\/media\/14130"}],"wp:attachment":[{"href":"https:\/\/editura-unibuc.ro\/en\/wp-json\/wp\/v2\/media?parent=14129"}],"wp:term":[{"taxonomy":"product_brand","embeddable":true,"href":"https:\/\/editura-unibuc.ro\/en\/wp-json\/wp\/v2\/product_brand?post=14129"},{"taxonomy":"product_cat","embeddable":true,"href":"https:\/\/editura-unibuc.ro\/en\/wp-json\/wp\/v2\/product_cat?post=14129"},{"taxonomy":"product_tag","embeddable":true,"href":"https:\/\/editura-unibuc.ro\/en\/wp-json\/wp\/v2\/product_tag?post=14129"}],"curies":[{"name":"wp","href":"https:\/\/api.w.org\/{rel}","templated":true}]}}