{"id":14131,"date":"2015-09-19T12:54:51","date_gmt":"2015-09-19T09:54:51","guid":{"rendered":"https:\/\/editura-unibuc.ro\/?post_type=product&#038;p=14131"},"modified":"2015-10-27T13:20:40","modified_gmt":"2015-10-27T11:20:40","slug":"studia-politica-romanian-political-science-review-vol-xiv-no-4-2014","status":"publish","type":"product","link":"https:\/\/editura-unibuc.ro\/en\/studia-politica-romanian-political-science-review-vol-xiv-no-4-2014\/","title":{"rendered":"STUDIA POLITICA. ROMANIAN POLITICAL SCIENCE REVIEW. VOL. XIV, NO. 4, 2014"},"content":{"rendered":"<p>Din sumar: Armand Go\u015fu, <em>Ghi\u0163\u0103 Ionescu on the BBC<\/em>; Simeon Mitropolitski, <em>Balkan Politicians, Mostly Immune to the Influence of EU Integration<\/em>; Ligia Livad\u0103-Cadeschi, <em>Medicin\u0103 \u015fi politic\u0103 \u00een periodicul \u201cC\u0103l\u0103uza sanitar\u0103 \u015fi igienic\u0103\u201d, Bucure\u015fti, 1899-1907.<\/em><\/p>\n","protected":false},"excerpt":{"rendered":"<p>Din sumar: Armand Go\u015fu, Ghi\u0163\u0103 Ionescu on the BBC; Simeon Mitropolitski, Balkan Politicians, Mostly Immune to the Influence of EU Integration; Ligia Livad\u0103-Cadeschi, Medicin\u0103 \u015fi politic\u0103 \u00een periodicul \u201cC\u0103l\u0103uza sanitar\u0103 \u015fi igienic\u0103\u201d, Bucure\u015fti, 1899-1907.<\/p>\n","protected":false},"featured_media":14132,"comment_status":"open","ping_status":"closed","template":"","meta":[],"product_brand":[],"product_cat":[991,995],"product_tag":[1549,1551,1550],"class_list":{"0":"post-14131","1":"product","2":"type-product","3":"status-publish","4":"has-post-thumbnail","6":"product_cat-stiinte-sociale","7":"product_cat-istorie-stiinte-politice","8":"product_tag-ghita-ionescu","9":"product_tag-partide-in-transilvania","10":"product_tag-republica-moldova","12":"first","13":"outofstock","14":"shipping-taxable","15":"purchasable","16":"product-type-simple"},"_links":{"self":[{"href":"https:\/\/editura-unibuc.ro\/en\/wp-json\/wp\/v2\/product\/14131","targetHints":{"allow":["GET"]}}],"collection":[{"href":"https:\/\/editura-unibuc.ro\/en\/wp-json\/wp\/v2\/product"}],"about":[{"href":"https:\/\/editura-unibuc.ro\/en\/wp-json\/wp\/v2\/types\/product"}],"replies":[{"embeddable":true,"href":"https:\/\/editura-unibuc.ro\/en\/wp-json\/wp\/v2\/comments?post=14131"}],"wp:featuredmedia":[{"embeddable":true,"href":"https:\/\/editura-unibuc.ro\/en\/wp-json\/wp\/v2\/media\/14132"}],"wp:attachment":[{"href":"https:\/\/editura-unibuc.ro\/en\/wp-json\/wp\/v2\/media?parent=14131"}],"wp:term":[{"taxonomy":"product_brand","embeddable":true,"href":"https:\/\/editura-unibuc.ro\/en\/wp-json\/wp\/v2\/product_brand?post=14131"},{"taxonomy":"product_cat","embeddable":true,"href":"https:\/\/editura-unibuc.ro\/en\/wp-json\/wp\/v2\/product_cat?post=14131"},{"taxonomy":"product_tag","embeddable":true,"href":"https:\/\/editura-unibuc.ro\/en\/wp-json\/wp\/v2\/product_tag?post=14131"}],"curies":[{"name":"wp","href":"https:\/\/api.w.org\/{rel}","templated":true}]}}