{"id":14133,"date":"2015-09-19T12:56:43","date_gmt":"2015-09-19T09:56:43","guid":{"rendered":"https:\/\/editura-unibuc.ro\/?post_type=product&#038;p=14133"},"modified":"2019-11-13T10:27:42","modified_gmt":"2019-11-13T08:27:42","slug":"etica-in-stiinta-religie-si-societate","status":"publish","type":"product","link":"https:\/\/editura-unibuc.ro\/en\/etica-in-stiinta-religie-si-societate\/","title":{"rendered":"ETICA \u00ceN \u015eTIIN\u0162\u0102, RELIGIE \u015eI SOCIETATE"},"content":{"rendered":"<p>\u201cOferim cititorilor un volum pe care ace\u015ftia \u00eel pot explora cu folos, indiferent de faptul c\u0103 au sau nu vreo leg\u0103tur\u0103 cu filosofia; important este s\u0103 vrea s\u0103-\u015fi reg\u00e2ndeasc\u0103 locul profesiei \u015fi al lor personal \u00een societatea de azi\u201d.<\/p>\n","protected":false},"excerpt":{"rendered":"<p>\u201cOferim cititorilor un volum pe care ace\u015ftia \u00eel pot explora cu folos, indiferent de faptul c\u0103 au sau nu vreo leg\u0103tur\u0103 cu filosofia; important este s\u0103 vrea s\u0103-\u015fi reg\u00e2ndeasc\u0103 locul profesiei \u015fi al lor personal \u00een societatea de azi\u201d.<\/p>\n","protected":false},"featured_media":14134,"comment_status":"open","ping_status":"closed","template":"","meta":[],"product_brand":[],"product_cat":[991,994],"product_tag":[1552,1347,1348],"class_list":{"0":"post-14133","1":"product","2":"type-product","3":"status-publish","4":"has-post-thumbnail","6":"product_cat-stiinte-sociale","7":"product_cat-filosofie","8":"product_tag-bioetica","9":"product_tag-etica","10":"product_tag-morala","12":"first","13":"outofstock","14":"shipping-taxable","15":"purchasable","16":"product-type-simple"},"_links":{"self":[{"href":"https:\/\/editura-unibuc.ro\/en\/wp-json\/wp\/v2\/product\/14133","targetHints":{"allow":["GET"]}}],"collection":[{"href":"https:\/\/editura-unibuc.ro\/en\/wp-json\/wp\/v2\/product"}],"about":[{"href":"https:\/\/editura-unibuc.ro\/en\/wp-json\/wp\/v2\/types\/product"}],"replies":[{"embeddable":true,"href":"https:\/\/editura-unibuc.ro\/en\/wp-json\/wp\/v2\/comments?post=14133"}],"wp:featuredmedia":[{"embeddable":true,"href":"https:\/\/editura-unibuc.ro\/en\/wp-json\/wp\/v2\/media\/14134"}],"wp:attachment":[{"href":"https:\/\/editura-unibuc.ro\/en\/wp-json\/wp\/v2\/media?parent=14133"}],"wp:term":[{"taxonomy":"product_brand","embeddable":true,"href":"https:\/\/editura-unibuc.ro\/en\/wp-json\/wp\/v2\/product_brand?post=14133"},{"taxonomy":"product_cat","embeddable":true,"href":"https:\/\/editura-unibuc.ro\/en\/wp-json\/wp\/v2\/product_cat?post=14133"},{"taxonomy":"product_tag","embeddable":true,"href":"https:\/\/editura-unibuc.ro\/en\/wp-json\/wp\/v2\/product_tag?post=14133"}],"curies":[{"name":"wp","href":"https:\/\/api.w.org\/{rel}","templated":true}]}}