{"id":14137,"date":"2015-09-19T13:00:21","date_gmt":"2015-09-19T10:00:21","guid":{"rendered":"https:\/\/editura-unibuc.ro\/?post_type=product&#038;p=14137"},"modified":"2024-04-10T11:46:53","modified_gmt":"2024-04-10T08:46:53","slug":"comunicarea-interna-in-bibliotecile-universitare-din-romania","status":"publish","type":"product","link":"https:\/\/editura-unibuc.ro\/en\/comunicarea-interna-in-bibliotecile-universitare-din-romania\/","title":{"rendered":"COMUNICAREA INTERN\u0102 \u00ceN BIBLIOTECILE UNIVERSITARE DIN ROM\u00c2NIA"},"content":{"rendered":"<p>\u201cAm concretizat concluziile \u00een implica\u0163iile teoretice ale studiului \u015fi influen\u0163a acestora asupra cercet\u0103rilor existente ale domeniului. Nu mi-am propus ca acest demers s\u0103 constituie un manual sau un ghid de bune practici profesionale, nu ofer solu\u0163ii eventualelor deficien\u0163e depistate \u00een comunicare, am trecut \u00een revist\u0103 doar eventuale posibilit\u0103\u0163i teoretice de rezolvare a acestora\u201d.<\/p>\n","protected":false},"excerpt":{"rendered":"<p>\u201cAm concretizat concluziile \u00een implica\u0163iile teoretice ale studiului \u015fi influen\u0163a acestora asupra cercet\u0103rilor existente ale domeniului. Nu mi-am propus ca acest demers s\u0103 constituie un manual sau un ghid de bune practici profesionale, nu ofer solu\u0163ii eventualelor deficien\u0163e depistate \u00een comunicare, am trecut \u00een revist\u0103 doar eventuale posibilit\u0103\u0163i teoretice de rezolvare a acestora\u201d.<\/p>\n","protected":false},"featured_media":14138,"comment_status":"open","ping_status":"closed","template":"","meta":[],"product_brand":[],"product_cat":[991,996],"product_tag":[1556,1100,1288,1203],"class_list":{"0":"post-14137","1":"product","2":"type-product","3":"status-publish","4":"has-post-thumbnail","6":"product_cat-stiinte-sociale","7":"product_cat-jurnalism-si-stiintele-comunicarii","8":"product_tag-biblioteci-universitare","9":"product_tag-jurnalism","10":"product_tag-organizatii","11":"product_tag-relatii-publice","13":"first","14":"instock","15":"purchasable","16":"product-type-simple"},"_links":{"self":[{"href":"https:\/\/editura-unibuc.ro\/en\/wp-json\/wp\/v2\/product\/14137","targetHints":{"allow":["GET"]}}],"collection":[{"href":"https:\/\/editura-unibuc.ro\/en\/wp-json\/wp\/v2\/product"}],"about":[{"href":"https:\/\/editura-unibuc.ro\/en\/wp-json\/wp\/v2\/types\/product"}],"replies":[{"embeddable":true,"href":"https:\/\/editura-unibuc.ro\/en\/wp-json\/wp\/v2\/comments?post=14137"}],"wp:featuredmedia":[{"embeddable":true,"href":"https:\/\/editura-unibuc.ro\/en\/wp-json\/wp\/v2\/media\/14138"}],"wp:attachment":[{"href":"https:\/\/editura-unibuc.ro\/en\/wp-json\/wp\/v2\/media?parent=14137"}],"wp:term":[{"taxonomy":"product_brand","embeddable":true,"href":"https:\/\/editura-unibuc.ro\/en\/wp-json\/wp\/v2\/product_brand?post=14137"},{"taxonomy":"product_cat","embeddable":true,"href":"https:\/\/editura-unibuc.ro\/en\/wp-json\/wp\/v2\/product_cat?post=14137"},{"taxonomy":"product_tag","embeddable":true,"href":"https:\/\/editura-unibuc.ro\/en\/wp-json\/wp\/v2\/product_tag?post=14137"}],"curies":[{"name":"wp","href":"https:\/\/api.w.org\/{rel}","templated":true}]}}