{"id":14141,"date":"2015-09-19T13:03:55","date_gmt":"2015-09-19T10:03:55","guid":{"rendered":"https:\/\/editura-unibuc.ro\/?post_type=product&#038;p=14141"},"modified":"2025-03-13T12:18:57","modified_gmt":"2025-03-13T10:18:57","slug":"romanoslavica-vol-xlix-nr-3-volumul-cuprinde-lucrarile-prezentate-la-sesiunea-stiintifica-internationala-slavistica-romaneasca-si-dialogul-culturilor-80-de-ani-de-predare-a-limbii-ruse","status":"publish","type":"product","link":"https:\/\/editura-unibuc.ro\/en\/romanoslavica-vol-xlix-nr-3-volumul-cuprinde-lucrarile-prezentate-la-sesiunea-stiintifica-internationala-slavistica-romaneasca-si-dialogul-culturilor-80-de-ani-de-predare-a-limbii-ruse\/","title":{"rendered":"ROMANOSLAVICA, VOL. XLIX, NR. 3"},"content":{"rendered":"<p>VOLUMUL CUPRINDE LUCR\u0102RILE PREZENTATE LA SESIUNEA \u015eTIIN\u0162IFIC\u0102 INTERNA\u0162IONAL\u0102 \u201cSLAVISTICA ROM\u00c2NEASC\u0102 \u015eI DIALOGUL CULTURILOR. 80 DE ANI DE PREDARE A LIMBII RUSE LA UNIVERSITATEA DIN BUCURE\u015eTI\u201d, 3-5 OCTOMBRIE 2013<\/p>\n<p>Din sumar: Dagmar Maria Anoca, <em>Aspecte ale romanului comic slovac<\/em>; Elena-Cristina Giug\u0103l, <em>Toleran\u0163a \u00een opera Ludmilei Uli\u0163kaia<\/em>; Aura Hapenciuc, <em>Precursori ai simbolismului rus din perspectiva \u015ecolii Formale ruse.<\/em><\/p>\n","protected":false},"excerpt":{"rendered":"<p>VOLUMUL CUPRINDE LUCR\u0102RILE PREZENTATE LA SESIUNEA \u015eTIIN\u0162IFIC\u0102 INTERNA\u0162IONAL\u0102 \u201cSLAVISTICA ROM\u00c2NEASC\u0102 \u015eI DIALOGUL CULTURILOR. 80 DE ANI DE PREDARE A LIMBII RUSE LA UNIVERSITATEA DIN BUCURE\u015eTI\u201d, 3-5 OCTOMBRIE 2013 Din sumar: Dagmar Maria Anoca, Aspecte ale romanului comic slovac; Elena-Cristina Giug\u0103l, Toleran\u0163a \u00een opera Ludmilei Uli\u0163kaia; Aura Hapenciuc, Precursori ai simbolismului rus din perspectiva \u015ecolii Formale [&hellip;]<\/p>\n","protected":false},"featured_media":14142,"comment_status":"open","ping_status":"closed","template":"","meta":[],"product_brand":[],"product_cat":[3823,1464,981,1469],"product_tag":[1561,1560,1562],"class_list":{"0":"post-14141","1":"product","2":"type-product","3":"status-publish","4":"has-post-thumbnail","6":"product_cat-stiinte-umane","7":"product_cat-filologie","8":"product_cat-limbi-slave","9":"product_cat-periodice","10":"product_tag-limbaj-poetic","11":"product_tag-literatura-ucraineana","12":"product_tag-simbolism-rus","14":"first","15":"instock","16":"shipping-taxable","17":"purchasable","18":"product-type-simple"},"_links":{"self":[{"href":"https:\/\/editura-unibuc.ro\/en\/wp-json\/wp\/v2\/product\/14141","targetHints":{"allow":["GET"]}}],"collection":[{"href":"https:\/\/editura-unibuc.ro\/en\/wp-json\/wp\/v2\/product"}],"about":[{"href":"https:\/\/editura-unibuc.ro\/en\/wp-json\/wp\/v2\/types\/product"}],"replies":[{"embeddable":true,"href":"https:\/\/editura-unibuc.ro\/en\/wp-json\/wp\/v2\/comments?post=14141"}],"wp:featuredmedia":[{"embeddable":true,"href":"https:\/\/editura-unibuc.ro\/en\/wp-json\/wp\/v2\/media\/14142"}],"wp:attachment":[{"href":"https:\/\/editura-unibuc.ro\/en\/wp-json\/wp\/v2\/media?parent=14141"}],"wp:term":[{"taxonomy":"product_brand","embeddable":true,"href":"https:\/\/editura-unibuc.ro\/en\/wp-json\/wp\/v2\/product_brand?post=14141"},{"taxonomy":"product_cat","embeddable":true,"href":"https:\/\/editura-unibuc.ro\/en\/wp-json\/wp\/v2\/product_cat?post=14141"},{"taxonomy":"product_tag","embeddable":true,"href":"https:\/\/editura-unibuc.ro\/en\/wp-json\/wp\/v2\/product_tag?post=14141"}],"curies":[{"name":"wp","href":"https:\/\/api.w.org\/{rel}","templated":true}]}}