{"id":14143,"date":"2015-09-19T13:05:32","date_gmt":"2015-09-19T10:05:32","guid":{"rendered":"https:\/\/editura-unibuc.ro\/?post_type=product&#038;p=14143"},"modified":"2025-03-13T12:18:18","modified_gmt":"2025-03-13T10:18:18","slug":"romanoslavica-vol-xlix-nr-2-volumul-cuprinde-lucrarile-prezntate-la-sesiunea-stiintifica-internationala-a-1150-a-aniversare-a-sfintilor-chiril-si-metodie-contributia-lui-chiril-si-metod","status":"publish","type":"product","link":"https:\/\/editura-unibuc.ro\/en\/romanoslavica-vol-xlix-nr-2-volumul-cuprinde-lucrarile-prezntate-la-sesiunea-stiintifica-internationala-a-1150-a-aniversare-a-sfintilor-chiril-si-metodie-contributia-lui-chiril-si-metod\/","title":{"rendered":"ROMANOSLAVICA, VOL. XLIX, NR. 2"},"content":{"rendered":"<p>VOLUMUL CUPRINDE LUCR\u0102RILE PREZNTATE LA SESIUNEA \u015eTIIN\u0162IFIC\u0102 INTERNA\u0162IONAL\u0102 \u201cA 1150-A ANIVERSARE A SFIN\u0162ILOR CHIRIL \u015eI METODIE. CONTRIBU\u0162IA LUI CHIRIL \u015eI METODIE LA DEZVOLTAREA CULTURII EUROPENE. 14-15 IUNIE 2013<\/p>\n<p>Din sumar: Dagmar Maria Anoca, <em>Chiril \u015fi Metodie \u00een cultura slovac\u0103<\/em>; Anca Irina Ionescu, <em>Evangheliarul de la Reims<\/em>; Octavia Nedelcu, <em>Chiril \u015fi Metodiu \u00eentre istorie \u015fi literatur\u0103<\/em>.<\/p>\n","protected":false},"excerpt":{"rendered":"<p>VOLUMUL CUPRINDE LUCR\u0102RILE PREZNTATE LA SESIUNEA \u015eTIIN\u0162IFIC\u0102 INTERNA\u0162IONAL\u0102 \u201cA 1150-A ANIVERSARE A SFIN\u0162ILOR CHIRIL \u015eI METODIE. CONTRIBU\u0162IA LUI CHIRIL \u015eI METODIE LA DEZVOLTAREA CULTURII EUROPENE. 14-15 IUNIE 2013 Din sumar: Dagmar Maria Anoca, Chiril \u015fi Metodie \u00een cultura slovac\u0103; Anca Irina Ionescu, Evangheliarul de la Reims; Octavia Nedelcu, Chiril \u015fi Metodiu \u00eentre istorie \u015fi literatur\u0103.<\/p>\n","protected":false},"featured_media":14144,"comment_status":"open","ping_status":"closed","template":"","meta":[],"product_brand":[],"product_cat":[3823,1464,981,1469],"product_tag":[1563,1565,1564],"class_list":{"0":"post-14143","1":"product","2":"type-product","3":"status-publish","4":"has-post-thumbnail","6":"product_cat-stiinte-umane","7":"product_cat-filologie","8":"product_cat-limbi-slave","9":"product_cat-periodice","10":"product_tag-chiril","11":"product_tag-cronici-slavo-romane","12":"product_tag-metodie","14":"first","15":"instock","16":"shipping-taxable","17":"purchasable","18":"product-type-simple"},"_links":{"self":[{"href":"https:\/\/editura-unibuc.ro\/en\/wp-json\/wp\/v2\/product\/14143","targetHints":{"allow":["GET"]}}],"collection":[{"href":"https:\/\/editura-unibuc.ro\/en\/wp-json\/wp\/v2\/product"}],"about":[{"href":"https:\/\/editura-unibuc.ro\/en\/wp-json\/wp\/v2\/types\/product"}],"replies":[{"embeddable":true,"href":"https:\/\/editura-unibuc.ro\/en\/wp-json\/wp\/v2\/comments?post=14143"}],"wp:featuredmedia":[{"embeddable":true,"href":"https:\/\/editura-unibuc.ro\/en\/wp-json\/wp\/v2\/media\/14144"}],"wp:attachment":[{"href":"https:\/\/editura-unibuc.ro\/en\/wp-json\/wp\/v2\/media?parent=14143"}],"wp:term":[{"taxonomy":"product_brand","embeddable":true,"href":"https:\/\/editura-unibuc.ro\/en\/wp-json\/wp\/v2\/product_brand?post=14143"},{"taxonomy":"product_cat","embeddable":true,"href":"https:\/\/editura-unibuc.ro\/en\/wp-json\/wp\/v2\/product_cat?post=14143"},{"taxonomy":"product_tag","embeddable":true,"href":"https:\/\/editura-unibuc.ro\/en\/wp-json\/wp\/v2\/product_tag?post=14143"}],"curies":[{"name":"wp","href":"https:\/\/api.w.org\/{rel}","templated":true}]}}