{"id":14145,"date":"2015-09-19T13:07:10","date_gmt":"2015-09-19T10:07:10","guid":{"rendered":"https:\/\/editura-unibuc.ro\/?post_type=product&#038;p=14145"},"modified":"2025-03-13T12:17:42","modified_gmt":"2025-03-13T10:17:42","slug":"romanoslavica-vol-l-nr-2-volumul-cuprinde-lucrarile-prezentate-la-conferinta-internationala-slovaca-ieri-azi-si-maine-in-contextul-limbilor-literaturilor-si-culturilor-slave","status":"publish","type":"product","link":"https:\/\/editura-unibuc.ro\/en\/romanoslavica-vol-l-nr-2-volumul-cuprinde-lucrarile-prezentate-la-conferinta-internationala-slovaca-ieri-azi-si-maine-in-contextul-limbilor-literaturilor-si-culturilor-slave\/","title":{"rendered":"ROMANOSLAVICA, VOL. L, NR. 2"},"content":{"rendered":"<p>VOLUMUL CUPRINDE LUCR\u0102RILE PREZENTATE LA CONFERIN\u0162A INTERNA\u0162IONAL\u0102 \u201cSLOVACA IERI, AZI \u015eI M\u00c2INE \u00ceN CONTEXTUL LIMBILOR, LITERATURILOR \u015eI CULTURILOR SLAVE\u201d, DEDICAT\u0102 ANIVERS\u0102RII A 70 DE ANI DE PREDARE A LIMBII SLOVACE LA UNIVERSITATEA DIN BUCURE\u015eTI. 30-31 MAI 2014<\/p>\n<p>Din sumar: Marilena Felicia Lu\u0163\u0103, <em>Stilistica \u2013 mijloc de cultivare a produc\u0163iei lingvistice<\/em>; Axinia Crasovschi, <em>Stihul duhovnicesc: gen literar \u015fi univers poetic<\/em>; Mihail-R\u0103zvan Huszarik, <em>C\u0103s\u0103toriile mixte \u00een comunitatea luteran\u0103 din N\u0103dlac<\/em>.<\/p>\n","protected":false},"excerpt":{"rendered":"<p>VOLUMUL CUPRINDE LUCR\u0102RILE PREZENTATE LA CONFERIN\u0162A INTERNA\u0162IONAL\u0102 \u201cSLOVACA IERI, AZI \u015eI M\u00c2INE \u00ceN CONTEXTUL LIMBILOR, LITERATURILOR \u015eI CULTURILOR SLAVE\u201d, DEDICAT\u0102 ANIVERS\u0102RII A 70 DE ANI DE PREDARE A LIMBII SLOVACE LA UNIVERSITATEA DIN BUCURE\u015eTI. 30-31 MAI 2014 Din sumar: Marilena Felicia Lu\u0163\u0103, Stilistica \u2013 mijloc de cultivare a produc\u0163iei lingvistice; Axinia Crasovschi, Stihul duhovnicesc: gen [&hellip;]<\/p>\n","protected":false},"featured_media":14146,"comment_status":"open","ping_status":"closed","template":"","meta":[],"product_brand":[],"product_cat":[3823,1464,981,1469],"product_tag":[1567,1566,1568],"class_list":{"0":"post-14145","1":"product","2":"type-product","3":"status-publish","4":"has-post-thumbnail","6":"product_cat-stiinte-umane","7":"product_cat-filologie","8":"product_cat-limbi-slave","9":"product_cat-periodice","10":"product_tag-arta-medievala-balcanica","11":"product_tag-obiceiuri-de-primavara","12":"product_tag-stilistica","14":"first","15":"instock","16":"shipping-taxable","17":"purchasable","18":"product-type-simple"},"_links":{"self":[{"href":"https:\/\/editura-unibuc.ro\/en\/wp-json\/wp\/v2\/product\/14145","targetHints":{"allow":["GET"]}}],"collection":[{"href":"https:\/\/editura-unibuc.ro\/en\/wp-json\/wp\/v2\/product"}],"about":[{"href":"https:\/\/editura-unibuc.ro\/en\/wp-json\/wp\/v2\/types\/product"}],"replies":[{"embeddable":true,"href":"https:\/\/editura-unibuc.ro\/en\/wp-json\/wp\/v2\/comments?post=14145"}],"wp:featuredmedia":[{"embeddable":true,"href":"https:\/\/editura-unibuc.ro\/en\/wp-json\/wp\/v2\/media\/14146"}],"wp:attachment":[{"href":"https:\/\/editura-unibuc.ro\/en\/wp-json\/wp\/v2\/media?parent=14145"}],"wp:term":[{"taxonomy":"product_brand","embeddable":true,"href":"https:\/\/editura-unibuc.ro\/en\/wp-json\/wp\/v2\/product_brand?post=14145"},{"taxonomy":"product_cat","embeddable":true,"href":"https:\/\/editura-unibuc.ro\/en\/wp-json\/wp\/v2\/product_cat?post=14145"},{"taxonomy":"product_tag","embeddable":true,"href":"https:\/\/editura-unibuc.ro\/en\/wp-json\/wp\/v2\/product_tag?post=14145"}],"curies":[{"name":"wp","href":"https:\/\/api.w.org\/{rel}","templated":true}]}}