{"id":14147,"date":"2015-09-19T13:20:08","date_gmt":"2015-09-19T10:20:08","guid":{"rendered":"https:\/\/editura-unibuc.ro\/?post_type=product&#038;p=14147"},"modified":"2025-03-13T12:17:09","modified_gmt":"2025-03-13T10:17:09","slug":"romanoslavica-vol-l-nr-1","status":"publish","type":"product","link":"https:\/\/editura-unibuc.ro\/en\/romanoslavica-vol-l-nr-1\/","title":{"rendered":"ROMANOSLAVICA, VOL. L, NR. 1"},"content":{"rendered":"<p>Din sumar: Corneliu Barboric\u0103, <em>Rolul vitalismului \u00een dep\u0103\u015firea liricii simboliste<\/em>; Mihai Dragnea, <em>Geografia campaniilor militare ruse \u00eempotriva Imperiului Bizantin<\/em>; Mariana Mangiulea, <em>Al III-lea Congres Interna\u0163ional de Bulgaristic\u0103, Sofia, Bulgaria, 23-26 mai 2013.<\/em><\/p>\n","protected":false},"excerpt":{"rendered":"<p>Din sumar: Corneliu Barboric\u0103, Rolul vitalismului \u00een dep\u0103\u015firea liricii simboliste; Mihai Dragnea, Geografia campaniilor militare ruse \u00eempotriva Imperiului Bizantin; Mariana Mangiulea, Al III-lea Congres Interna\u0163ional de Bulgaristic\u0103, Sofia, Bulgaria, 23-26 mai 2013.<\/p>\n","protected":false},"featured_media":14148,"comment_status":"open","ping_status":"closed","template":"","meta":[],"product_brand":[],"product_cat":[3823,1464,981,1469],"product_tag":[1571,1569,1570],"class_list":{"0":"post-14147","1":"product","2":"type-product","3":"status-publish","4":"has-post-thumbnail","6":"product_cat-stiinte-umane","7":"product_cat-filologie","8":"product_cat-limbi-slave","9":"product_cat-periodice","10":"product_tag-documente-de-epoca","11":"product_tag-poetica","12":"product_tag-proza-postmoderna","14":"first","15":"instock","16":"shipping-taxable","17":"purchasable","18":"product-type-simple"},"_links":{"self":[{"href":"https:\/\/editura-unibuc.ro\/en\/wp-json\/wp\/v2\/product\/14147","targetHints":{"allow":["GET"]}}],"collection":[{"href":"https:\/\/editura-unibuc.ro\/en\/wp-json\/wp\/v2\/product"}],"about":[{"href":"https:\/\/editura-unibuc.ro\/en\/wp-json\/wp\/v2\/types\/product"}],"replies":[{"embeddable":true,"href":"https:\/\/editura-unibuc.ro\/en\/wp-json\/wp\/v2\/comments?post=14147"}],"wp:featuredmedia":[{"embeddable":true,"href":"https:\/\/editura-unibuc.ro\/en\/wp-json\/wp\/v2\/media\/14148"}],"wp:attachment":[{"href":"https:\/\/editura-unibuc.ro\/en\/wp-json\/wp\/v2\/media?parent=14147"}],"wp:term":[{"taxonomy":"product_brand","embeddable":true,"href":"https:\/\/editura-unibuc.ro\/en\/wp-json\/wp\/v2\/product_brand?post=14147"},{"taxonomy":"product_cat","embeddable":true,"href":"https:\/\/editura-unibuc.ro\/en\/wp-json\/wp\/v2\/product_cat?post=14147"},{"taxonomy":"product_tag","embeddable":true,"href":"https:\/\/editura-unibuc.ro\/en\/wp-json\/wp\/v2\/product_tag?post=14147"}],"curies":[{"name":"wp","href":"https:\/\/api.w.org\/{rel}","templated":true}]}}