{"id":14149,"date":"2015-09-19T13:21:37","date_gmt":"2015-09-19T10:21:37","guid":{"rendered":"https:\/\/editura-unibuc.ro\/?post_type=product&#038;p=14149"},"modified":"2025-03-13T12:16:34","modified_gmt":"2025-03-13T10:16:34","slug":"romanoslavica-vol-li-nr-1","status":"publish","type":"product","link":"https:\/\/editura-unibuc.ro\/en\/romanoslavica-vol-li-nr-1\/","title":{"rendered":"ROMANOSLAVICA, VOL. LI, NR. 1"},"content":{"rendered":"<p>Din sumar: Maria Hosciuc<em>, Vladimir Sorokin \u015fi poetica so\u0163-art<\/em>; Mihai Dragnea, <em>Imaginea cheaghinei Olga \u00een \u201cCronica lui Nestor<\/em>\u201d; Aliona Bivolaru<em>, Dinamica lexicului financiar \u00een condi\u0163iile globaliz\u0103rii<\/em>.<\/p>\n","protected":false},"excerpt":{"rendered":"<p>Din sumar: Maria Hosciuc, Vladimir Sorokin \u015fi poetica so\u0163-art; Mihai Dragnea, Imaginea cheaghinei Olga \u00een \u201cCronica lui Nestor\u201d; Aliona Bivolaru, Dinamica lexicului financiar \u00een condi\u0163iile globaliz\u0103rii.<\/p>\n","protected":false},"featured_media":14150,"comment_status":"open","ping_status":"closed","template":"","meta":[],"product_brand":[],"product_cat":[3823,1464,981,1469],"product_tag":[1573,1572,1574],"class_list":{"0":"post-14149","1":"product","2":"type-product","3":"status-publish","4":"has-post-thumbnail","6":"product_cat-stiinte-umane","7":"product_cat-filologie","8":"product_cat-limbi-slave","9":"product_cat-periodice","10":"product_tag-antonimie","11":"product_tag-cneaghina-olga","12":"product_tag-evul-mediu-timpuriu","14":"first","15":"instock","16":"shipping-taxable","17":"purchasable","18":"product-type-simple"},"_links":{"self":[{"href":"https:\/\/editura-unibuc.ro\/en\/wp-json\/wp\/v2\/product\/14149","targetHints":{"allow":["GET"]}}],"collection":[{"href":"https:\/\/editura-unibuc.ro\/en\/wp-json\/wp\/v2\/product"}],"about":[{"href":"https:\/\/editura-unibuc.ro\/en\/wp-json\/wp\/v2\/types\/product"}],"replies":[{"embeddable":true,"href":"https:\/\/editura-unibuc.ro\/en\/wp-json\/wp\/v2\/comments?post=14149"}],"wp:featuredmedia":[{"embeddable":true,"href":"https:\/\/editura-unibuc.ro\/en\/wp-json\/wp\/v2\/media\/14150"}],"wp:attachment":[{"href":"https:\/\/editura-unibuc.ro\/en\/wp-json\/wp\/v2\/media?parent=14149"}],"wp:term":[{"taxonomy":"product_brand","embeddable":true,"href":"https:\/\/editura-unibuc.ro\/en\/wp-json\/wp\/v2\/product_brand?post=14149"},{"taxonomy":"product_cat","embeddable":true,"href":"https:\/\/editura-unibuc.ro\/en\/wp-json\/wp\/v2\/product_cat?post=14149"},{"taxonomy":"product_tag","embeddable":true,"href":"https:\/\/editura-unibuc.ro\/en\/wp-json\/wp\/v2\/product_tag?post=14149"}],"curies":[{"name":"wp","href":"https:\/\/api.w.org\/{rel}","templated":true}]}}