{"id":14151,"date":"2015-09-19T13:23:21","date_gmt":"2015-09-19T10:23:21","guid":{"rendered":"https:\/\/editura-unibuc.ro\/?post_type=product&#038;p=14151"},"modified":"2025-03-13T12:16:01","modified_gmt":"2025-03-13T10:16:01","slug":"romanoslavica-vol-l-nr-3-volumul-cuprinde-lucrarile-prezentate-la-sesiunea-stiintifica-internationala-zilele-culturilor-slave-in-romania-2-4-octombrie-2014","status":"publish","type":"product","link":"https:\/\/editura-unibuc.ro\/en\/romanoslavica-vol-l-nr-3-volumul-cuprinde-lucrarile-prezentate-la-sesiunea-stiintifica-internationala-zilele-culturilor-slave-in-romania-2-4-octombrie-2014\/","title":{"rendered":"ROMANOSLAVICA, VOL. L, NR. 3"},"content":{"rendered":"<p>VOLUMUL CUPRINDE LUCR\u0102RILE PREZENTATE LA SESIUNEA \u015eTIIN\u0162IFIC\u0102 INTERNA\u0162IONAL\u0102 \u201cZILELE CULTURILOR SLAVE \u00ceN ROM\u00c2NIA\u201d. 2-4 OCTOMBRIE 2014<\/p>\n<p>Din sumar: Camelia Dinu, <em>Autodiegeza dostoievskian\u0103 \u015fi strategiile narative moderne<\/em>; Delia Doina Mihalache, <em>Utopia absen\u0163ei r\u0103ului ca premis\u0103 a acestuia<\/em>; Octavia Nedelcu, <em>Strategii discursive ale comicului \u00een proza rom\u00e2neasc\u0103 s\u00e2rb\u0103<\/em>.<\/p>\n","protected":false},"excerpt":{"rendered":"<p>VOLUMUL CUPRINDE LUCR\u0102RILE PREZENTATE LA SESIUNEA \u015eTIIN\u0162IFIC\u0102 INTERNA\u0162IONAL\u0102 \u201cZILELE CULTURILOR SLAVE \u00ceN ROM\u00c2NIA\u201d. 2-4 OCTOMBRIE 2014 Din sumar: Camelia Dinu, Autodiegeza dostoievskian\u0103 \u015fi strategiile narative moderne; Delia Doina Mihalache, Utopia absen\u0163ei r\u0103ului ca premis\u0103 a acestuia; Octavia Nedelcu, Strategii discursive ale comicului \u00een proza rom\u00e2neasc\u0103 s\u00e2rb\u0103.<\/p>\n","protected":false},"featured_media":14152,"comment_status":"open","ping_status":"closed","template":"","meta":[],"product_brand":[],"product_cat":[3823,1464,981,1469],"product_tag":[1575,1576,1334],"class_list":{"0":"post-14151","1":"product","2":"type-product","3":"status-publish","4":"has-post-thumbnail","6":"product_cat-stiinte-umane","7":"product_cat-filologie","8":"product_cat-limbi-slave","9":"product_cat-periodice","10":"product_tag-comicul-in-proza-romaneasca","11":"product_tag-intertextualitate","12":"product_tag-modernitate","14":"first","15":"instock","16":"shipping-taxable","17":"purchasable","18":"product-type-simple"},"_links":{"self":[{"href":"https:\/\/editura-unibuc.ro\/en\/wp-json\/wp\/v2\/product\/14151","targetHints":{"allow":["GET"]}}],"collection":[{"href":"https:\/\/editura-unibuc.ro\/en\/wp-json\/wp\/v2\/product"}],"about":[{"href":"https:\/\/editura-unibuc.ro\/en\/wp-json\/wp\/v2\/types\/product"}],"replies":[{"embeddable":true,"href":"https:\/\/editura-unibuc.ro\/en\/wp-json\/wp\/v2\/comments?post=14151"}],"wp:featuredmedia":[{"embeddable":true,"href":"https:\/\/editura-unibuc.ro\/en\/wp-json\/wp\/v2\/media\/14152"}],"wp:attachment":[{"href":"https:\/\/editura-unibuc.ro\/en\/wp-json\/wp\/v2\/media?parent=14151"}],"wp:term":[{"taxonomy":"product_brand","embeddable":true,"href":"https:\/\/editura-unibuc.ro\/en\/wp-json\/wp\/v2\/product_brand?post=14151"},{"taxonomy":"product_cat","embeddable":true,"href":"https:\/\/editura-unibuc.ro\/en\/wp-json\/wp\/v2\/product_cat?post=14151"},{"taxonomy":"product_tag","embeddable":true,"href":"https:\/\/editura-unibuc.ro\/en\/wp-json\/wp\/v2\/product_tag?post=14151"}],"curies":[{"name":"wp","href":"https:\/\/api.w.org\/{rel}","templated":true}]}}