{"id":14153,"date":"2015-09-19T13:25:06","date_gmt":"2015-09-19T10:25:06","guid":{"rendered":"https:\/\/editura-unibuc.ro\/?post_type=product&#038;p=14153"},"modified":"2025-03-13T12:28:58","modified_gmt":"2025-03-13T10:28:58","slug":"romanoslavica-vol-l-nr-4-volumul-cuprinde-lucrarile-prezentate-la-sesiunea-stiintifica-internationala-zilele-culturilor-slave-in-romania-2-4-octombrie-2014","status":"publish","type":"product","link":"https:\/\/editura-unibuc.ro\/en\/romanoslavica-vol-l-nr-4-volumul-cuprinde-lucrarile-prezentate-la-sesiunea-stiintifica-internationala-zilele-culturilor-slave-in-romania-2-4-octombrie-2014\/","title":{"rendered":"ROMANOSLAVICA, VOL. L, NR. 4"},"content":{"rendered":"<p>VOLUMUL CUPRINDE LUCR\u0102RILE PREZENTATE LA SESIUNEA \u015eTIIN\u0162IFIC\u0102 INTERNA\u0162IONAL\u0102 \u201cZILELE CULTURILOR SLAVE \u00ceN ROM\u00c2NIA\u201d. 2-4 OCTOMBRIE 2014<\/p>\n<p>Din sumar: Rumiana Liutakova, <em>Domenii de \u00eembog\u0103\u0163ire a vocabularului actual din limbile rom\u00e2n\u0103 \u015fi bulgar\u0103;<\/em> Armand Gu\u0163\u0103, <em>Imaginea rom\u00e2nilor \u015fi s\u00e2rbilor \u00een vechile sociografii publicate \u00eentre 1880 \u015fi 1940;<\/em> Ivan Stankov, <em>Paralele rom\u00e2no-bulgare extrase din cartea lui Lucian Boia, \u201cDe ce este Rom\u00e2nia altfel?\u201d.<\/em><\/p>\n","protected":false},"excerpt":{"rendered":"<p>VOLUMUL CUPRINDE LUCR\u0102RILE PREZENTATE LA SESIUNEA \u015eTIIN\u0162IFIC\u0102 INTERNA\u0162IONAL\u0102 \u201cZILELE CULTURILOR SLAVE \u00ceN ROM\u00c2NIA\u201d. 2-4 OCTOMBRIE 2014 Din sumar: Rumiana Liutakova, Domenii de \u00eembog\u0103\u0163ire a vocabularului actual din limbile rom\u00e2n\u0103 \u015fi bulgar\u0103; Armand Gu\u0163\u0103, Imaginea rom\u00e2nilor \u015fi s\u00e2rbilor \u00een vechile sociografii publicate \u00eentre 1880 \u015fi 1940; Ivan Stankov, Paralele rom\u00e2no-bulgare extrase din cartea lui Lucian Boia, [&hellip;]<\/p>\n","protected":false},"featured_media":14154,"comment_status":"open","ping_status":"closed","template":"","meta":[],"product_brand":[],"product_cat":[3823,1464,981,1469],"product_tag":[1578,1579,1577],"class_list":{"0":"post-14153","1":"product","2":"type-product","3":"status-publish","4":"has-post-thumbnail","6":"product_cat-stiinte-umane","7":"product_cat-filologie","8":"product_cat-limbi-slave","9":"product_cat-periodice","10":"product_tag-imaginea-romanilor","11":"product_tag-paralele-romano-bulgare","12":"product_tag-vocabular","14":"first","15":"instock","16":"shipping-taxable","17":"purchasable","18":"product-type-simple"},"_links":{"self":[{"href":"https:\/\/editura-unibuc.ro\/en\/wp-json\/wp\/v2\/product\/14153","targetHints":{"allow":["GET"]}}],"collection":[{"href":"https:\/\/editura-unibuc.ro\/en\/wp-json\/wp\/v2\/product"}],"about":[{"href":"https:\/\/editura-unibuc.ro\/en\/wp-json\/wp\/v2\/types\/product"}],"replies":[{"embeddable":true,"href":"https:\/\/editura-unibuc.ro\/en\/wp-json\/wp\/v2\/comments?post=14153"}],"wp:featuredmedia":[{"embeddable":true,"href":"https:\/\/editura-unibuc.ro\/en\/wp-json\/wp\/v2\/media\/14154"}],"wp:attachment":[{"href":"https:\/\/editura-unibuc.ro\/en\/wp-json\/wp\/v2\/media?parent=14153"}],"wp:term":[{"taxonomy":"product_brand","embeddable":true,"href":"https:\/\/editura-unibuc.ro\/en\/wp-json\/wp\/v2\/product_brand?post=14153"},{"taxonomy":"product_cat","embeddable":true,"href":"https:\/\/editura-unibuc.ro\/en\/wp-json\/wp\/v2\/product_cat?post=14153"},{"taxonomy":"product_tag","embeddable":true,"href":"https:\/\/editura-unibuc.ro\/en\/wp-json\/wp\/v2\/product_tag?post=14153"}],"curies":[{"name":"wp","href":"https:\/\/api.w.org\/{rel}","templated":true}]}}