{"id":14155,"date":"2015-09-19T13:27:24","date_gmt":"2015-09-19T10:27:24","guid":{"rendered":"https:\/\/editura-unibuc.ro\/?post_type=product&#038;p=14155"},"modified":"2025-03-13T12:29:31","modified_gmt":"2025-03-13T10:29:31","slug":"romanoslavica-vol-xlix-nr-4-volumul-cuprinde-lucrarile-prezentate-la-sesiunea-stiintifica-internationala-slavistica-romaneasca-si-dialogul-culturilor-80-de-ani-de-predare-a-limbii-ruse","status":"publish","type":"product","link":"https:\/\/editura-unibuc.ro\/en\/romanoslavica-vol-xlix-nr-4-volumul-cuprinde-lucrarile-prezentate-la-sesiunea-stiintifica-internationala-slavistica-romaneasca-si-dialogul-culturilor-80-de-ani-de-predare-a-limbii-ruse\/","title":{"rendered":"ROMANOSLAVICA, VOL. XLIX, NR. 4"},"content":{"rendered":"<p>VOLUMUL CUPRINDE LUCR\u0102RILE PREZENTATE LA SESIUNEA \u015eTIIN\u0162IFIC\u0102 INTERNA\u0162IONAL\u0102 \u201dSLAVISTICA ROM\u00c2NEASC\u0102 \u015eI DIALOGUL CULTURILOR. 80 DE ANI DE PREDARE A LIMBII RUSE LA UNIVERSITATEA DIN BUCURE\u015eTI\u201d, 3-5 OCTOMBRIE 2013<\/p>\n<p>Din sumar: Camelia Burghele, <em>Seduc\u0163ia magiei<\/em>; Radu Popa, <em>Impactul globaliz\u0103rii asupra modului de abordare a rela\u0163iilor intime<\/em>; Stefana Kaldieva-Zaharieva, <em>Frazeologia \u2013 fenomen lingvistic cunoscut \u015fi necunoscut<\/em>.<\/p>\n","protected":false},"excerpt":{"rendered":"<p>VOLUMUL CUPRINDE LUCR\u0102RILE PREZENTATE LA SESIUNEA \u015eTIIN\u0162IFIC\u0102 INTERNA\u0162IONAL\u0102 \u201dSLAVISTICA ROM\u00c2NEASC\u0102 \u015eI DIALOGUL CULTURILOR. 80 DE ANI DE PREDARE A LIMBII RUSE LA UNIVERSITATEA DIN BUCURE\u015eTI\u201d, 3-5 OCTOMBRIE 2013 Din sumar: Camelia Burghele, Seduc\u0163ia magiei; Radu Popa, Impactul globaliz\u0103rii asupra modului de abordare a rela\u0163iilor intime; Stefana Kaldieva-Zaharieva, Frazeologia \u2013 fenomen lingvistic cunoscut \u015fi necunoscut.<\/p>\n","protected":false},"featured_media":14156,"comment_status":"open","ping_status":"closed","template":"","meta":[],"product_brand":[],"product_cat":[3823,1464,981,1469],"product_tag":[1214,1580],"class_list":{"0":"post-14155","1":"product","2":"type-product","3":"status-publish","4":"has-post-thumbnail","6":"product_cat-stiinte-umane","7":"product_cat-filologie","8":"product_cat-limbi-slave","9":"product_cat-periodice","10":"product_tag-globalizare","11":"product_tag-strategii-narative","13":"first","14":"instock","15":"shipping-taxable","16":"purchasable","17":"product-type-simple"},"_links":{"self":[{"href":"https:\/\/editura-unibuc.ro\/en\/wp-json\/wp\/v2\/product\/14155","targetHints":{"allow":["GET"]}}],"collection":[{"href":"https:\/\/editura-unibuc.ro\/en\/wp-json\/wp\/v2\/product"}],"about":[{"href":"https:\/\/editura-unibuc.ro\/en\/wp-json\/wp\/v2\/types\/product"}],"replies":[{"embeddable":true,"href":"https:\/\/editura-unibuc.ro\/en\/wp-json\/wp\/v2\/comments?post=14155"}],"wp:featuredmedia":[{"embeddable":true,"href":"https:\/\/editura-unibuc.ro\/en\/wp-json\/wp\/v2\/media\/14156"}],"wp:attachment":[{"href":"https:\/\/editura-unibuc.ro\/en\/wp-json\/wp\/v2\/media?parent=14155"}],"wp:term":[{"taxonomy":"product_brand","embeddable":true,"href":"https:\/\/editura-unibuc.ro\/en\/wp-json\/wp\/v2\/product_brand?post=14155"},{"taxonomy":"product_cat","embeddable":true,"href":"https:\/\/editura-unibuc.ro\/en\/wp-json\/wp\/v2\/product_cat?post=14155"},{"taxonomy":"product_tag","embeddable":true,"href":"https:\/\/editura-unibuc.ro\/en\/wp-json\/wp\/v2\/product_tag?post=14155"}],"curies":[{"name":"wp","href":"https:\/\/api.w.org\/{rel}","templated":true}]}}