{"id":14164,"date":"2015-09-19T13:37:29","date_gmt":"2015-09-19T10:37:29","guid":{"rendered":"https:\/\/editura-unibuc.ro\/?post_type=product&#038;p=14164"},"modified":"2025-08-08T13:01:29","modified_gmt":"2025-08-08T10:01:29","slug":"revista-cercurilor-studentesti-ale-departamentului-de-limba-si-literatura-franceza-32014","status":"publish","type":"product","link":"https:\/\/editura-unibuc.ro\/en\/revista-cercurilor-studentesti-ale-departamentului-de-limba-si-literatura-franceza-32014\/","title":{"rendered":"REVISTA CERCURILOR STUDEN\u0162E\u015eTI ALE DEPARTAMENTULUI DE LIMBA \u015eI LITERATURA FRANCEZ\u0102, 3\/2014"},"content":{"rendered":"<p>Din sumar: Cristina Constantin, Andreea Cioc\u00e2rlan, <em>La P\u00e9nitence d\u2019Adam(la version d\u2019Andrius) \u2013 \u00e9tude sur le manuscript Fran\u00e7ais 95 de la B.n.F<\/em>.; Fabiana Florescu, <em>La Figure de l\u2019ermite dans le roman de Tristan en vers<\/em>; Andreea Apostu, <em>Les avatars nabis du Christ jaune<\/em>.<\/p>\n","protected":false},"excerpt":{"rendered":"<p>Din sumar: Cristina Constantin, Andreea Cioc\u00e2rlan, La P\u00e9nitence d\u2019Adam(la version d\u2019Andrius) \u2013 \u00e9tude sur le manuscript Fran\u00e7ais 95 de la B.n.F.; Fabiana Florescu, La Figure de l\u2019ermite dans le roman de Tristan en vers; Andreea Apostu, Les avatars nabis du Christ jaune.<\/p>\n","protected":false},"featured_media":14165,"comment_status":"open","ping_status":"closed","template":"","meta":[],"product_brand":[],"product_cat":[3944,1464,977,1469,1893],"product_tag":[1586,1587],"class_list":{"0":"post-14164","1":"product","2":"type-product","3":"status-publish","4":"has-post-thumbnail","6":"product_cat-revista-cercurilor-studentesti-limba-si-literatura-franceza","7":"product_cat-filologie","8":"product_cat-limba-franceza","9":"product_cat-periodice","10":"product_cat-reviste-academice","11":"product_tag-metamorfoza-baroca","12":"product_tag-reprezentari-ale-femeii","14":"first","15":"outofstock","16":"purchasable","17":"product-type-simple"},"_links":{"self":[{"href":"https:\/\/editura-unibuc.ro\/en\/wp-json\/wp\/v2\/product\/14164","targetHints":{"allow":["GET"]}}],"collection":[{"href":"https:\/\/editura-unibuc.ro\/en\/wp-json\/wp\/v2\/product"}],"about":[{"href":"https:\/\/editura-unibuc.ro\/en\/wp-json\/wp\/v2\/types\/product"}],"replies":[{"embeddable":true,"href":"https:\/\/editura-unibuc.ro\/en\/wp-json\/wp\/v2\/comments?post=14164"}],"wp:featuredmedia":[{"embeddable":true,"href":"https:\/\/editura-unibuc.ro\/en\/wp-json\/wp\/v2\/media\/14165"}],"wp:attachment":[{"href":"https:\/\/editura-unibuc.ro\/en\/wp-json\/wp\/v2\/media?parent=14164"}],"wp:term":[{"taxonomy":"product_brand","embeddable":true,"href":"https:\/\/editura-unibuc.ro\/en\/wp-json\/wp\/v2\/product_brand?post=14164"},{"taxonomy":"product_cat","embeddable":true,"href":"https:\/\/editura-unibuc.ro\/en\/wp-json\/wp\/v2\/product_cat?post=14164"},{"taxonomy":"product_tag","embeddable":true,"href":"https:\/\/editura-unibuc.ro\/en\/wp-json\/wp\/v2\/product_tag?post=14164"}],"curies":[{"name":"wp","href":"https:\/\/api.w.org\/{rel}","templated":true}]}}