{"id":14176,"date":"2015-09-19T13:52:00","date_gmt":"2015-09-19T10:52:00","guid":{"rendered":"https:\/\/editura-unibuc.ro\/?post_type=product&#038;p=14176"},"modified":"2019-11-12T14:46:12","modified_gmt":"2019-11-12T12:46:12","slug":"patrimoniul-si-arhitectura-computationala","status":"publish","type":"product","link":"https:\/\/editura-unibuc.ro\/en\/patrimoniul-si-arhitectura-computationala\/","title":{"rendered":"PATRIMONIUL \u015eI ARHITECTURA COMPUTA\u0162IONAL\u0102"},"content":{"rendered":"<p>Volumul pe care \u00eel prezent\u0103m, intitulat <em>Patromoniul \u015fi arhitectura computa\u0163ional\u0103<\/em>, reflect\u0103 rezultatele a doi ani de studiu individual \u015fi \u00eendrumat, ale ultimei serii de doctoranzi POSDRU (2010-1013) din cadrul \u015ecolii de Studii Universitare de Doctorat <em>Spa\u0163iu, Imagine, Text, Teritoriu<\/em> a Universit\u0103\u0163ii de Arhitectur\u0103 \u015fi Urbanism \u201cIon Mincu\u201d.<\/p>\n","protected":false},"excerpt":{"rendered":"<p>Volumul pe care \u00eel prezent\u0103m, intitulat Patromoniul \u015fi arhitectura computa\u0163ional\u0103, reflect\u0103 rezultatele a doi ani de studiu individual \u015fi \u00eendrumat, ale ultimei serii de doctoranzi POSDRU (2010-1013) din cadrul \u015ecolii de Studii Universitare de Doctorat Spa\u0163iu, Imagine, Text, Teritoriu a Universit\u0103\u0163ii de Arhitectur\u0103 \u015fi Urbanism \u201cIon Mincu\u201d.<\/p>\n","protected":false},"featured_media":14177,"comment_status":"open","ping_status":"closed","template":"","meta":[],"product_brand":[],"product_cat":[991,1533],"product_tag":[1600,1599,1601],"class_list":{"0":"post-14176","1":"product","2":"type-product","3":"status-publish","4":"has-post-thumbnail","6":"product_cat-stiinte-sociale","7":"product_cat-arhitectura-si-urbanism","8":"product_tag-orasul","9":"product_tag-patrimoniu-balnear","10":"product_tag-sate-sasesti","12":"first","13":"outofstock","14":"shipping-taxable","15":"purchasable","16":"product-type-simple"},"_links":{"self":[{"href":"https:\/\/editura-unibuc.ro\/en\/wp-json\/wp\/v2\/product\/14176","targetHints":{"allow":["GET"]}}],"collection":[{"href":"https:\/\/editura-unibuc.ro\/en\/wp-json\/wp\/v2\/product"}],"about":[{"href":"https:\/\/editura-unibuc.ro\/en\/wp-json\/wp\/v2\/types\/product"}],"replies":[{"embeddable":true,"href":"https:\/\/editura-unibuc.ro\/en\/wp-json\/wp\/v2\/comments?post=14176"}],"wp:featuredmedia":[{"embeddable":true,"href":"https:\/\/editura-unibuc.ro\/en\/wp-json\/wp\/v2\/media\/14177"}],"wp:attachment":[{"href":"https:\/\/editura-unibuc.ro\/en\/wp-json\/wp\/v2\/media?parent=14176"}],"wp:term":[{"taxonomy":"product_brand","embeddable":true,"href":"https:\/\/editura-unibuc.ro\/en\/wp-json\/wp\/v2\/product_brand?post=14176"},{"taxonomy":"product_cat","embeddable":true,"href":"https:\/\/editura-unibuc.ro\/en\/wp-json\/wp\/v2\/product_cat?post=14176"},{"taxonomy":"product_tag","embeddable":true,"href":"https:\/\/editura-unibuc.ro\/en\/wp-json\/wp\/v2\/product_tag?post=14176"}],"curies":[{"name":"wp","href":"https:\/\/api.w.org\/{rel}","templated":true}]}}