{"id":14181,"date":"2015-09-19T14:06:48","date_gmt":"2015-09-19T11:06:48","guid":{"rendered":"https:\/\/editura-unibuc.ro\/?post_type=product&#038;p=14181"},"modified":"2024-04-10T10:26:51","modified_gmt":"2024-04-10T07:26:51","slug":"mass-media-spatiu-public-comemorare-reconstructia-simbolica-a-noilor-identitati-post-comuniste","status":"publish","type":"product","link":"https:\/\/editura-unibuc.ro\/en\/mass-media-spatiu-public-comemorare-reconstructia-simbolica-a-noilor-identitati-post-comuniste\/","title":{"rendered":"MASS-MEDIA, SPA\u0162IU PUBLIC, COMEMORARE: RECONSTRUC\u0162IA SIMBOLIC\u0102 A NOILOR IDENTIT\u0102\u0162I POST-COMUNISTE"},"content":{"rendered":"<p>\u201cLucrarea de fa\u0163\u0103, o premier\u0103 \u00een bibliografia de specialitate, prin tematic\u0103, oblig\u0103 la o abordare pluridisciplinar\u0103: ea traverseaz\u0103 \u015fi preia modele teoretice din istorie, din \u015ftiin\u0163ele sociale, din antropologie \u015fi din \u015ftiintele comunic\u0103rii.\u201d Prof. univ. dr. Mihai Coman<\/p>\n","protected":false},"excerpt":{"rendered":"<p>\u201cLucrarea de fa\u0163\u0103, o premier\u0103 \u00een bibliografia de specialitate, prin tematic\u0103, oblig\u0103 la o abordare pluridisciplinar\u0103: ea traverseaz\u0103 \u015fi preia modele teoretice din istorie, din \u015ftiin\u0163ele sociale, din antropologie \u015fi din \u015ftiintele comunic\u0103rii.\u201d Prof. univ. dr. Mihai Coman<\/p>\n","protected":false},"featured_media":14182,"comment_status":"open","ping_status":"closed","template":"","meta":[],"product_brand":[],"product_cat":[991,996],"product_tag":[1604,1100,1215,1605],"class_list":{"0":"post-14181","1":"product","2":"type-product","3":"status-publish","4":"has-post-thumbnail","6":"product_cat-stiinte-sociale","7":"product_cat-jurnalism-si-stiintele-comunicarii","8":"product_tag-identitate-nationala","9":"product_tag-jurnalism","10":"product_tag-media","11":"product_tag-presa-romaneasca","13":"first","14":"instock","15":"shipping-taxable","16":"purchasable","17":"product-type-simple"},"_links":{"self":[{"href":"https:\/\/editura-unibuc.ro\/en\/wp-json\/wp\/v2\/product\/14181","targetHints":{"allow":["GET"]}}],"collection":[{"href":"https:\/\/editura-unibuc.ro\/en\/wp-json\/wp\/v2\/product"}],"about":[{"href":"https:\/\/editura-unibuc.ro\/en\/wp-json\/wp\/v2\/types\/product"}],"replies":[{"embeddable":true,"href":"https:\/\/editura-unibuc.ro\/en\/wp-json\/wp\/v2\/comments?post=14181"}],"wp:featuredmedia":[{"embeddable":true,"href":"https:\/\/editura-unibuc.ro\/en\/wp-json\/wp\/v2\/media\/14182"}],"wp:attachment":[{"href":"https:\/\/editura-unibuc.ro\/en\/wp-json\/wp\/v2\/media?parent=14181"}],"wp:term":[{"taxonomy":"product_brand","embeddable":true,"href":"https:\/\/editura-unibuc.ro\/en\/wp-json\/wp\/v2\/product_brand?post=14181"},{"taxonomy":"product_cat","embeddable":true,"href":"https:\/\/editura-unibuc.ro\/en\/wp-json\/wp\/v2\/product_cat?post=14181"},{"taxonomy":"product_tag","embeddable":true,"href":"https:\/\/editura-unibuc.ro\/en\/wp-json\/wp\/v2\/product_tag?post=14181"}],"curies":[{"name":"wp","href":"https:\/\/api.w.org\/{rel}","templated":true}]}}