{"id":14183,"date":"2015-09-19T14:08:30","date_gmt":"2015-09-19T11:08:30","guid":{"rendered":"https:\/\/editura-unibuc.ro\/?post_type=product&#038;p=14183"},"modified":"2016-07-05T10:38:54","modified_gmt":"2016-07-05T07:38:54","slug":"vladimir-nobokov-un-maestru-al-deghizarilor","status":"publish","type":"product","link":"https:\/\/editura-unibuc.ro\/en\/vladimir-nobokov-un-maestru-al-deghizarilor\/","title":{"rendered":"VLADIMIR NABOKOV: UN MAESTRU AL DEGHIZ\u0102RILOR"},"content":{"rendered":"<p>\u201cTehnica deghiz\u0103rii, marca distinctiv\u0103 a scriiturii nabokoviene ce nu se las\u0103 \u00een\u0163eleas\u0103 \u015fi investigat\u0103 p\u00e2n\u0103 la cap\u0103t, motiveaz\u0103 \u201ctaina\u201d care deriv\u0103 din originala viziune etico-filosofic\u0103 a autorului \u015fi din irepetabila expresie a operelor sale.\u201d<\/p>\n","protected":false},"excerpt":{"rendered":"<p>\u201cTehnica deghiz\u0103rii, marca distinctiv\u0103 a scriiturii nabokoviene ce nu se las\u0103 \u00een\u0163eleas\u0103 \u015fi investigat\u0103 p\u00e2n\u0103 la cap\u0103t, motiveaz\u0103 \u201ctaina\u201d care deriv\u0103 din originala viziune etico-filosofic\u0103 a autorului \u015fi din irepetabila expresie a operelor sale.\u201d<\/p>\n","protected":false},"featured_media":14184,"comment_status":"open","ping_status":"closed","template":"","meta":[],"product_brand":[],"product_cat":[1531,1471,1464,981],"product_tag":[1607,1606,1608],"class_list":{"0":"post-14183","1":"product","2":"type-product","3":"status-publish","4":"has-post-thumbnail","6":"product_cat-colectii","7":"product_cat-colectia-teze-de-doctorat","8":"product_cat-filologie","9":"product_cat-limbi-slave","10":"product_tag-deghizari","11":"product_tag-dimensiuni-ale-realitatii","12":"product_tag-personaj-narativ","14":"first","15":"instock","16":"shipping-taxable","17":"purchasable","18":"product-type-simple"},"_links":{"self":[{"href":"https:\/\/editura-unibuc.ro\/en\/wp-json\/wp\/v2\/product\/14183","targetHints":{"allow":["GET"]}}],"collection":[{"href":"https:\/\/editura-unibuc.ro\/en\/wp-json\/wp\/v2\/product"}],"about":[{"href":"https:\/\/editura-unibuc.ro\/en\/wp-json\/wp\/v2\/types\/product"}],"replies":[{"embeddable":true,"href":"https:\/\/editura-unibuc.ro\/en\/wp-json\/wp\/v2\/comments?post=14183"}],"wp:featuredmedia":[{"embeddable":true,"href":"https:\/\/editura-unibuc.ro\/en\/wp-json\/wp\/v2\/media\/14184"}],"wp:attachment":[{"href":"https:\/\/editura-unibuc.ro\/en\/wp-json\/wp\/v2\/media?parent=14183"}],"wp:term":[{"taxonomy":"product_brand","embeddable":true,"href":"https:\/\/editura-unibuc.ro\/en\/wp-json\/wp\/v2\/product_brand?post=14183"},{"taxonomy":"product_cat","embeddable":true,"href":"https:\/\/editura-unibuc.ro\/en\/wp-json\/wp\/v2\/product_cat?post=14183"},{"taxonomy":"product_tag","embeddable":true,"href":"https:\/\/editura-unibuc.ro\/en\/wp-json\/wp\/v2\/product_tag?post=14183"}],"curies":[{"name":"wp","href":"https:\/\/api.w.org\/{rel}","templated":true}]}}