{"id":14185,"date":"2015-09-19T14:19:52","date_gmt":"2015-09-19T11:19:52","guid":{"rendered":"https:\/\/editura-unibuc.ro\/?post_type=product&#038;p=14185"},"modified":"2024-04-10T10:27:16","modified_gmt":"2024-04-10T07:27:16","slug":"biofizica-si-bioenergetica-sistemelor-vii-indrumator-de-laborator","status":"publish","type":"product","link":"https:\/\/editura-unibuc.ro\/en\/biofizica-si-bioenergetica-sistemelor-vii-indrumator-de-laborator\/","title":{"rendered":"BIOFIZICA \u015eI BIOENERGETICA SISTEMELOR VII: INDRUM\u0102TOR DE LABORATOR"},"content":{"rendered":"<p>\u201cAcest \u00eendrum\u0103tor de laborator se adreseaz\u0103 studen\u0163ilor fizicieni din anul III de licen\u0163\u0103 \u015fi studen\u0163ilor masteranzi \u00eenscri\u015fi la specializ\u0103rile de Biofizic\u0103 \u015fi Fizic\u0103 Medical\u0103.\u201d<\/p>\n","protected":false},"excerpt":{"rendered":"<p>\u201cAcest \u00eendrum\u0103tor de laborator se adreseaz\u0103 studen\u0163ilor fizicieni din anul III de licen\u0163\u0103 \u015fi studen\u0163ilor masteranzi \u00eenscri\u015fi la specializ\u0103rile de Biofizic\u0103 \u015fi Fizic\u0103 Medical\u0103.\u201d<\/p>\n","protected":false},"featured_media":14186,"comment_status":"open","ping_status":"closed","template":"","meta":[],"product_brand":[],"product_cat":[982,984],"product_tag":[1609,1611,1610],"class_list":{"0":"post-14185","1":"product","2":"type-product","3":"status-publish","4":"has-post-thumbnail","6":"product_cat-stiinte-exacte","7":"product_cat-fizica","8":"product_tag-inhibitia-enzimelor","9":"product_tag-studiul-acizilor-nucleici","10":"product_tag-studiul-fotosintezei","12":"first","13":"instock","14":"shipping-taxable","15":"purchasable","16":"product-type-simple"},"_links":{"self":[{"href":"https:\/\/editura-unibuc.ro\/en\/wp-json\/wp\/v2\/product\/14185","targetHints":{"allow":["GET"]}}],"collection":[{"href":"https:\/\/editura-unibuc.ro\/en\/wp-json\/wp\/v2\/product"}],"about":[{"href":"https:\/\/editura-unibuc.ro\/en\/wp-json\/wp\/v2\/types\/product"}],"replies":[{"embeddable":true,"href":"https:\/\/editura-unibuc.ro\/en\/wp-json\/wp\/v2\/comments?post=14185"}],"wp:featuredmedia":[{"embeddable":true,"href":"https:\/\/editura-unibuc.ro\/en\/wp-json\/wp\/v2\/media\/14186"}],"wp:attachment":[{"href":"https:\/\/editura-unibuc.ro\/en\/wp-json\/wp\/v2\/media?parent=14185"}],"wp:term":[{"taxonomy":"product_brand","embeddable":true,"href":"https:\/\/editura-unibuc.ro\/en\/wp-json\/wp\/v2\/product_brand?post=14185"},{"taxonomy":"product_cat","embeddable":true,"href":"https:\/\/editura-unibuc.ro\/en\/wp-json\/wp\/v2\/product_cat?post=14185"},{"taxonomy":"product_tag","embeddable":true,"href":"https:\/\/editura-unibuc.ro\/en\/wp-json\/wp\/v2\/product_tag?post=14185"}],"curies":[{"name":"wp","href":"https:\/\/api.w.org\/{rel}","templated":true}]}}