{"id":14187,"date":"2015-09-19T14:22:37","date_gmt":"2015-09-19T11:22:37","guid":{"rendered":"https:\/\/editura-unibuc.ro\/?post_type=product&#038;p=14187"},"modified":"2024-01-19T13:33:37","modified_gmt":"2024-01-19T11:33:37","slug":"postmodernismul-rus-viktor-pelevin-boris-akunin-ludmila-ulitkaia","status":"publish","type":"product","link":"https:\/\/editura-unibuc.ro\/en\/postmodernismul-rus-viktor-pelevin-boris-akunin-ludmila-ulitkaia\/","title":{"rendered":"POSTMODERNISMUL RUS: VIKTOR PELEVIN, BORIS AKUNIN, LUDMILA ULI\u0162KAIA"},"content":{"rendered":"<p>\u201cO latur\u0103 valoroas\u0103 a tezei const\u0103 \u00een faptul c\u0103 autoarea s-a \u00eencumetat s\u0103 ne prezinte, de fiecare dat\u0103, o nou\u0103 lectur\u0103 \u015fi perspectiv\u0103 asupra unor opere de seam\u0103 ale literaturii ruse.\u201d Antoaneta Olteanu<\/p>\n","protected":false},"excerpt":{"rendered":"<p>\u201cO latur\u0103 valoroas\u0103 a tezei const\u0103 \u00een faptul c\u0103 autoarea s-a \u00eencumetat s\u0103 ne prezinte, de fiecare dat\u0103, o nou\u0103 lectur\u0103 \u015fi perspectiv\u0103 asupra unor opere de seam\u0103 ale literaturii ruse.\u201d Antoaneta Olteanu<\/p>\n","protected":false},"featured_media":14387,"comment_status":"open","ping_status":"closed","template":"","meta":[],"product_brand":[],"product_cat":[1464,981],"product_tag":[1612,1613],"class_list":{"0":"post-14187","1":"product","2":"type-product","3":"status-publish","4":"has-post-thumbnail","6":"product_cat-filologie","7":"product_cat-limbi-slave","8":"product_tag-aparitia-postmodernismului","9":"product_tag-romanul-postmodern","11":"first","12":"outofstock","13":"shipping-taxable","14":"purchasable","15":"product-type-simple"},"_links":{"self":[{"href":"https:\/\/editura-unibuc.ro\/en\/wp-json\/wp\/v2\/product\/14187","targetHints":{"allow":["GET"]}}],"collection":[{"href":"https:\/\/editura-unibuc.ro\/en\/wp-json\/wp\/v2\/product"}],"about":[{"href":"https:\/\/editura-unibuc.ro\/en\/wp-json\/wp\/v2\/types\/product"}],"replies":[{"embeddable":true,"href":"https:\/\/editura-unibuc.ro\/en\/wp-json\/wp\/v2\/comments?post=14187"}],"wp:featuredmedia":[{"embeddable":true,"href":"https:\/\/editura-unibuc.ro\/en\/wp-json\/wp\/v2\/media\/14387"}],"wp:attachment":[{"href":"https:\/\/editura-unibuc.ro\/en\/wp-json\/wp\/v2\/media?parent=14187"}],"wp:term":[{"taxonomy":"product_brand","embeddable":true,"href":"https:\/\/editura-unibuc.ro\/en\/wp-json\/wp\/v2\/product_brand?post=14187"},{"taxonomy":"product_cat","embeddable":true,"href":"https:\/\/editura-unibuc.ro\/en\/wp-json\/wp\/v2\/product_cat?post=14187"},{"taxonomy":"product_tag","embeddable":true,"href":"https:\/\/editura-unibuc.ro\/en\/wp-json\/wp\/v2\/product_tag?post=14187"}],"curies":[{"name":"wp","href":"https:\/\/api.w.org\/{rel}","templated":true}]}}