{"id":14190,"date":"2015-09-19T14:26:14","date_gmt":"2015-09-19T11:26:14","guid":{"rendered":"https:\/\/editura-unibuc.ro\/?post_type=product&#038;p=14190"},"modified":"2015-09-19T14:26:14","modified_gmt":"2015-09-19T11:26:14","slug":"the-language-of-the-law-as-illustrated-by-the-common-law-legal-system","status":"publish","type":"product","link":"https:\/\/editura-unibuc.ro\/en\/the-language-of-the-law-as-illustrated-by-the-common-law-legal-system\/","title":{"rendered":"THE LANGUAGE OF THE LAW AS ILLUSTRATED BY THE COMMON LAW LEGAL SYSTEM"},"content":{"rendered":"<p>\u201cLucrarea de fa\u0163\u0103 este un demers inovator \u00een tendin\u0163ele dublei specializ\u0103ri \u2013 juridic\u0103 \u015fi filologic\u0103 \u2013 tot mai des necesar\u0103 \u00een ocuparea unor pozi\u0163ii \u00een cadrul institu\u0163iilor europene, dar \u015fi al companiilor private, deschiz\u00e2nd astfel o cale c\u0103tre \u00een\u0163elegerea modului de func\u0163ionare a institu\u0163iilor de drept din spa\u0163iul anglo-saxon\u201d.<\/p>\n","protected":false},"excerpt":{"rendered":"<p>\u201cLucrarea de fa\u0163\u0103 este un demers inovator \u00een tendin\u0163ele dublei specializ\u0103ri \u2013 juridic\u0103 \u015fi filologic\u0103 \u2013 tot mai des necesar\u0103 \u00een ocuparea unor pozi\u0163ii \u00een cadrul institu\u0163iilor europene, dar \u015fi al companiilor private, deschiz\u00e2nd astfel o cale c\u0103tre \u00een\u0163elegerea modului de func\u0163ionare a institu\u0163iilor de drept din spa\u0163iul anglo-saxon\u201d.<\/p>\n","protected":false},"featured_media":14191,"comment_status":"open","ping_status":"closed","template":"","meta":[],"product_brand":[],"product_cat":[1464,976],"product_tag":[1619,1618,1617],"class_list":{"0":"post-14190","1":"product","2":"type-product","3":"status-publish","4":"has-post-thumbnail","6":"product_cat-filologie","7":"product_cat-limba-engleza","8":"product_tag-constitutie","9":"product_tag-legea-americana","10":"product_tag-parlamentul-englez","12":"first","13":"instock","14":"shipping-taxable","15":"purchasable","16":"product-type-simple"},"_links":{"self":[{"href":"https:\/\/editura-unibuc.ro\/en\/wp-json\/wp\/v2\/product\/14190","targetHints":{"allow":["GET"]}}],"collection":[{"href":"https:\/\/editura-unibuc.ro\/en\/wp-json\/wp\/v2\/product"}],"about":[{"href":"https:\/\/editura-unibuc.ro\/en\/wp-json\/wp\/v2\/types\/product"}],"replies":[{"embeddable":true,"href":"https:\/\/editura-unibuc.ro\/en\/wp-json\/wp\/v2\/comments?post=14190"}],"wp:featuredmedia":[{"embeddable":true,"href":"https:\/\/editura-unibuc.ro\/en\/wp-json\/wp\/v2\/media\/14191"}],"wp:attachment":[{"href":"https:\/\/editura-unibuc.ro\/en\/wp-json\/wp\/v2\/media?parent=14190"}],"wp:term":[{"taxonomy":"product_brand","embeddable":true,"href":"https:\/\/editura-unibuc.ro\/en\/wp-json\/wp\/v2\/product_brand?post=14190"},{"taxonomy":"product_cat","embeddable":true,"href":"https:\/\/editura-unibuc.ro\/en\/wp-json\/wp\/v2\/product_cat?post=14190"},{"taxonomy":"product_tag","embeddable":true,"href":"https:\/\/editura-unibuc.ro\/en\/wp-json\/wp\/v2\/product_tag?post=14190"}],"curies":[{"name":"wp","href":"https:\/\/api.w.org\/{rel}","templated":true}]}}