{"id":14194,"date":"2015-09-19T14:29:27","date_gmt":"2015-09-19T11:29:27","guid":{"rendered":"https:\/\/editura-unibuc.ro\/?post_type=product&#038;p=14194"},"modified":"2020-01-15T11:43:15","modified_gmt":"2020-01-15T09:43:15","slug":"cartea-lui-ruttraducere-din-ebraica-biblica-transliterare-si-note","status":"publish","type":"product","link":"https:\/\/editura-unibuc.ro\/en\/cartea-lui-ruttraducere-din-ebraica-biblica-transliterare-si-note\/","title":{"rendered":"CARTEA LUI RUT: TRADUCERE DIN EBRAICA BIBLIC\u0102, TRANSLITERARE \u015eI NOTE"},"content":{"rendered":"<p>\u201cTraducerea se remarc\u0103 prin rigoarea \u015fi sensibilitatea cu care s-au g\u0103sit cele mai potrivite coresponden\u0163e \u00een limba rom\u00e2n\u0103, p\u0103str\u00e2nd nealterate complexitatea, simplitatea, profunzimea \u015fi plurivalen\u0163a textului ebraic.\u201d<\/p>\n","protected":false},"excerpt":{"rendered":"<p>\u201cTraducerea se remarc\u0103 prin rigoarea \u015fi sensibilitatea cu care s-au g\u0103sit cele mai potrivite coresponden\u0163e \u00een limba rom\u00e2n\u0103, p\u0103str\u00e2nd nealterate complexitatea, simplitatea, profunzimea \u015fi plurivalen\u0163a textului ebraic.\u201d<\/p>\n","protected":false},"featured_media":14195,"comment_status":"open","ping_status":"closed","template":"","meta":[],"product_brand":[],"product_cat":[1464,980,991,999],"product_tag":[],"class_list":{"0":"post-14194","1":"product","2":"type-product","3":"status-publish","4":"has-post-thumbnail","6":"product_cat-filologie","7":"product_cat-limbi-romanice-clasice-si-orientale","8":"product_cat-stiinte-sociale","9":"product_cat-teologie","11":"first","12":"instock","13":"shipping-taxable","14":"purchasable","15":"product-type-simple"},"_links":{"self":[{"href":"https:\/\/editura-unibuc.ro\/en\/wp-json\/wp\/v2\/product\/14194","targetHints":{"allow":["GET"]}}],"collection":[{"href":"https:\/\/editura-unibuc.ro\/en\/wp-json\/wp\/v2\/product"}],"about":[{"href":"https:\/\/editura-unibuc.ro\/en\/wp-json\/wp\/v2\/types\/product"}],"replies":[{"embeddable":true,"href":"https:\/\/editura-unibuc.ro\/en\/wp-json\/wp\/v2\/comments?post=14194"}],"wp:featuredmedia":[{"embeddable":true,"href":"https:\/\/editura-unibuc.ro\/en\/wp-json\/wp\/v2\/media\/14195"}],"wp:attachment":[{"href":"https:\/\/editura-unibuc.ro\/en\/wp-json\/wp\/v2\/media?parent=14194"}],"wp:term":[{"taxonomy":"product_brand","embeddable":true,"href":"https:\/\/editura-unibuc.ro\/en\/wp-json\/wp\/v2\/product_brand?post=14194"},{"taxonomy":"product_cat","embeddable":true,"href":"https:\/\/editura-unibuc.ro\/en\/wp-json\/wp\/v2\/product_cat?post=14194"},{"taxonomy":"product_tag","embeddable":true,"href":"https:\/\/editura-unibuc.ro\/en\/wp-json\/wp\/v2\/product_tag?post=14194"}],"curies":[{"name":"wp","href":"https:\/\/api.w.org\/{rel}","templated":true}]}}