{"id":14196,"date":"2015-09-19T14:31:04","date_gmt":"2015-09-19T11:31:04","guid":{"rendered":"https:\/\/editura-unibuc.ro\/?post_type=product&#038;p=14196"},"modified":"2020-01-15T11:44:30","modified_gmt":"2020-01-15T09:44:30","slug":"cartea-lui-yona-traducere-din-ebraica-biblica-transliterare-si-note","status":"publish","type":"product","link":"https:\/\/editura-unibuc.ro\/en\/cartea-lui-yona-traducere-din-ebraica-biblica-transliterare-si-note\/","title":{"rendered":"CARTEA LUI YONA: TRADUCERE DIN EBRAICA BIBLIC\u0102, TRANSLITERARE \u015eI NOTE"},"content":{"rendered":"<p>\u201cCartea lui Yona reprezint\u0103 primul rod al unui proiect amplu de traducere a Bibliei Ebraice \u00een limba rom\u00e2n\u0103. Proiectul, academic \u015fi neconfesional, este menit a familiariza publicul rom\u00e2nesc cu textul masoteric, din perspectiva tradi\u0163iei iudaice \u00een care a luat na\u015ftere\u201d.<\/p>","protected":false},"excerpt":{"rendered":"<p>\u201cCartea lui Yona reprezint\u0103 primul rod al unui proiect amplu de traducere a Bibliei Ebraice \u00een limba rom\u00e2n\u0103. Proiectul, academic \u015fi neconfesional, este menit a familiariza publicul rom\u00e2nesc cu textul masoteric, din perspectiva tradi\u0163iei iudaice \u00een care a luat na\u015ftere\u201d.<\/p>\n","protected":false},"featured_media":14197,"comment_status":"open","ping_status":"closed","template":"","meta":[],"product_brand":[],"product_cat":[1464,980,991,999],"product_tag":[],"class_list":{"0":"post-14196","1":"product","2":"type-product","3":"status-publish","4":"has-post-thumbnail","6":"product_cat-filologie","7":"product_cat-limbi-romanice-clasice-si-orientale","8":"product_cat-stiinte-sociale","9":"product_cat-teologie","11":"first","12":"instock","13":"shipping-taxable","14":"purchasable","15":"product-type-simple"},"_links":{"self":[{"href":"https:\/\/editura-unibuc.ro\/en\/wp-json\/wp\/v2\/product\/14196","targetHints":{"allow":["GET"]}}],"collection":[{"href":"https:\/\/editura-unibuc.ro\/en\/wp-json\/wp\/v2\/product"}],"about":[{"href":"https:\/\/editura-unibuc.ro\/en\/wp-json\/wp\/v2\/types\/product"}],"replies":[{"embeddable":true,"href":"https:\/\/editura-unibuc.ro\/en\/wp-json\/wp\/v2\/comments?post=14196"}],"wp:featuredmedia":[{"embeddable":true,"href":"https:\/\/editura-unibuc.ro\/en\/wp-json\/wp\/v2\/media\/14197"}],"wp:attachment":[{"href":"https:\/\/editura-unibuc.ro\/en\/wp-json\/wp\/v2\/media?parent=14196"}],"wp:term":[{"taxonomy":"product_brand","embeddable":true,"href":"https:\/\/editura-unibuc.ro\/en\/wp-json\/wp\/v2\/product_brand?post=14196"},{"taxonomy":"product_cat","embeddable":true,"href":"https:\/\/editura-unibuc.ro\/en\/wp-json\/wp\/v2\/product_cat?post=14196"},{"taxonomy":"product_tag","embeddable":true,"href":"https:\/\/editura-unibuc.ro\/en\/wp-json\/wp\/v2\/product_tag?post=14196"}],"curies":[{"name":"wp","href":"https:\/\/api.w.org\/{rel}","templated":true}]}}