{"id":14201,"date":"2015-09-19T14:41:31","date_gmt":"2015-09-19T11:41:31","guid":{"rendered":"https:\/\/editura-unibuc.ro\/?post_type=product&#038;p=14201"},"modified":"2024-04-12T10:13:06","modified_gmt":"2024-04-12T07:13:06","slug":"pagini-alese-versuri-si-proza","status":"publish","type":"product","link":"https:\/\/editura-unibuc.ro\/en\/pagini-alese-versuri-si-proza\/","title":{"rendered":"PAGINI ALESE: VERSURI SI PROZA"},"content":{"rendered":"<p>\u201cFenomenul poetic M\u00e1acha este rodul unei g\u00e2ndiri absolut originale; la \u00eenceputul poeziei noastre se afl\u0103 un creator capabil de o extraordinar\u0103 deschidere \u015fi de p\u0103trunderea \u00een cele mai profunde probleme \u00eentr-un mod original\u201d. Jan Pato\u010dka<\/p>","protected":false},"excerpt":{"rendered":"<p>\u201cFenomenul poetic M\u00e1acha este rodul unei g\u00e2ndiri absolut originale; la \u00eenceputul poeziei noastre se afl\u0103 un creator capabil de o extraordinar\u0103 deschidere \u015fi de p\u0103trunderea \u00een cele mai profunde probleme \u00eentr-un mod original\u201d. Jan Pato\u010dka<\/p>\n","protected":false},"featured_media":14202,"comment_status":"open","ping_status":"closed","template":"","meta":[],"product_brand":[],"product_cat":[1464,981],"product_tag":[1624],"class_list":{"0":"post-14201","1":"product","2":"type-product","3":"status-publish","4":"has-post-thumbnail","6":"product_cat-filologie","7":"product_cat-limbi-slave","8":"product_tag-macha-karel-hynek","10":"first","11":"instock","12":"shipping-taxable","13":"purchasable","14":"product-type-simple"},"_links":{"self":[{"href":"https:\/\/editura-unibuc.ro\/en\/wp-json\/wp\/v2\/product\/14201","targetHints":{"allow":["GET"]}}],"collection":[{"href":"https:\/\/editura-unibuc.ro\/en\/wp-json\/wp\/v2\/product"}],"about":[{"href":"https:\/\/editura-unibuc.ro\/en\/wp-json\/wp\/v2\/types\/product"}],"replies":[{"embeddable":true,"href":"https:\/\/editura-unibuc.ro\/en\/wp-json\/wp\/v2\/comments?post=14201"}],"wp:featuredmedia":[{"embeddable":true,"href":"https:\/\/editura-unibuc.ro\/en\/wp-json\/wp\/v2\/media\/14202"}],"wp:attachment":[{"href":"https:\/\/editura-unibuc.ro\/en\/wp-json\/wp\/v2\/media?parent=14201"}],"wp:term":[{"taxonomy":"product_brand","embeddable":true,"href":"https:\/\/editura-unibuc.ro\/en\/wp-json\/wp\/v2\/product_brand?post=14201"},{"taxonomy":"product_cat","embeddable":true,"href":"https:\/\/editura-unibuc.ro\/en\/wp-json\/wp\/v2\/product_cat?post=14201"},{"taxonomy":"product_tag","embeddable":true,"href":"https:\/\/editura-unibuc.ro\/en\/wp-json\/wp\/v2\/product_tag?post=14201"}],"curies":[{"name":"wp","href":"https:\/\/api.w.org\/{rel}","templated":true}]}}