{"id":14203,"date":"2015-09-19T14:44:13","date_gmt":"2015-09-19T11:44:13","guid":{"rendered":"https:\/\/editura-unibuc.ro\/?post_type=product&#038;p=14203"},"modified":"2016-02-01T14:00:46","modified_gmt":"2016-02-01T12:00:46","slug":"figement-et-imaginaire-linguistie-de-la-langue-a-la-traduction-experiences-de-linguiste-experiences-de-traducteur","status":"publish","type":"product","link":"https:\/\/editura-unibuc.ro\/en\/figement-et-imaginaire-linguistie-de-la-langue-a-la-traduction-experiences-de-linguiste-experiences-de-traducteur\/","title":{"rendered":"FIGEMENT ET IMAGINAIRE LINGUISTIE \u2013 DE LA LANGUE A LA TRADUCTION: EXPERIENCES DE LINGUISTE \u2013 EXPERIENCES DE TRADUCTEUR"},"content":{"rendered":"<p>\u201cLes contributions de ce volume essaient de trouver certaines r\u00e9ponses \u00e1 des questions portant sur le d\u00e9coupage discursif de ces unit\u00e9s, sur le degr\u00e9 d\u2019ind\u00e9pendance des composants de l\u2019expression idiomatique et \u00e9galement sur la richesse phras\u00e9ologique des langages sp\u00e9ciaux et sur le ph\u00e9nom\u00e8ne de figement, au sens large, dans le discours sp\u00e9cialis\u00e9, courant et litt\u00e9raire.\u201d<\/p>","protected":false},"excerpt":{"rendered":"<p>\u201cLes contributions de ce volume essaient de trouver certaines r\u00e9ponses \u00e1 des questions portant sur le d\u00e9coupage discursif de ces unit\u00e9s, sur le degr\u00e9 d\u2019ind\u00e9pendance des composants de l\u2019expression idiomatique et \u00e9galement sur la richesse phras\u00e9ologique des langages sp\u00e9ciaux et sur le ph\u00e9nom\u00e8ne de figement, au sens large, dans le discours sp\u00e9cialis\u00e9, courant et litt\u00e9raire.\u201d<\/p>\n","protected":false},"featured_media":14204,"comment_status":"open","ping_status":"closed","template":"","meta":[],"product_brand":[],"product_cat":[1464,977],"product_tag":[1625,1626,1627],"class_list":{"0":"post-14203","1":"product","2":"type-product","3":"status-publish","4":"has-post-thumbnail","6":"product_cat-filologie","7":"product_cat-limba-franceza","8":"product_tag-lexicalization","9":"product_tag-negation","10":"product_tag-traduction","12":"first","13":"instock","14":"shipping-taxable","15":"purchasable","16":"product-type-simple"},"_links":{"self":[{"href":"https:\/\/editura-unibuc.ro\/en\/wp-json\/wp\/v2\/product\/14203","targetHints":{"allow":["GET"]}}],"collection":[{"href":"https:\/\/editura-unibuc.ro\/en\/wp-json\/wp\/v2\/product"}],"about":[{"href":"https:\/\/editura-unibuc.ro\/en\/wp-json\/wp\/v2\/types\/product"}],"replies":[{"embeddable":true,"href":"https:\/\/editura-unibuc.ro\/en\/wp-json\/wp\/v2\/comments?post=14203"}],"wp:featuredmedia":[{"embeddable":true,"href":"https:\/\/editura-unibuc.ro\/en\/wp-json\/wp\/v2\/media\/14204"}],"wp:attachment":[{"href":"https:\/\/editura-unibuc.ro\/en\/wp-json\/wp\/v2\/media?parent=14203"}],"wp:term":[{"taxonomy":"product_brand","embeddable":true,"href":"https:\/\/editura-unibuc.ro\/en\/wp-json\/wp\/v2\/product_brand?post=14203"},{"taxonomy":"product_cat","embeddable":true,"href":"https:\/\/editura-unibuc.ro\/en\/wp-json\/wp\/v2\/product_cat?post=14203"},{"taxonomy":"product_tag","embeddable":true,"href":"https:\/\/editura-unibuc.ro\/en\/wp-json\/wp\/v2\/product_tag?post=14203"}],"curies":[{"name":"wp","href":"https:\/\/api.w.org\/{rel}","templated":true}]}}