{"id":14205,"date":"2015-09-19T14:46:02","date_gmt":"2015-09-19T11:46:02","guid":{"rendered":"https:\/\/editura-unibuc.ro\/?post_type=product&#038;p=14205"},"modified":"2016-07-29T14:02:47","modified_gmt":"2016-07-29T11:02:47","slug":"bazinul-hidrografic-al-raului-basca-studiu-de-hidrogeografie-2","status":"publish","type":"product","link":"https:\/\/editura-unibuc.ro\/en\/bazinul-hidrografic-al-raului-basca-studiu-de-hidrogeografie-2\/","title":{"rendered":"BAZINUL HIDROGRAFIC AL R\u00c2ULUI B\u00c2SCA: STUDIU DE HIDROGEOGRAFIE"},"content":{"rendered":"<p>\u201cLucrarea se constituie \u00eentr-o monografie hidrologic\u0103 complex\u0103 a bazinului r\u00e2ului B\u00e2sca, ce are la baz\u0103, \u00een cea mai mare parte, utilizarea de tehnici moderne, \u00eentre care se impun Sistemele Informatice Geografice (SIG) \u015fi modelarea hidrologic\u0103. Con\u0163inutul lucr\u0103rii este structurat \u00een patru p\u0103r\u0163i \u015fi 14 capitole.\u201d Prof. univ. dr. Liliana Zaharia<\/p>\n","protected":false},"excerpt":{"rendered":"<p>\u201cLucrarea se constituie \u00eentr-o monografie hidrologic\u0103 complex\u0103 a bazinului r\u00e2ului B\u00e2sca, ce are la baz\u0103, \u00een cea mai mare parte, utilizarea de tehnici moderne, \u00eentre care se impun Sistemele Informatice Geografice (SIG) \u015fi modelarea hidrologic\u0103. Con\u0163inutul lucr\u0103rii este structurat \u00een patru p\u0103r\u0163i \u015fi 14 capitole.\u201d Prof. univ. dr. Liliana Zaharia<\/p>\n","protected":false},"featured_media":14206,"comment_status":"open","ping_status":"closed","template":"","meta":[],"product_brand":[],"product_cat":[1466,989],"product_tag":[1629,1628,1630],"class_list":{"0":"post-14205","1":"product","2":"type-product","3":"status-publish","4":"has-post-thumbnail","6":"product_cat-stiinte-ale-naturii","7":"product_cat-geografie","8":"product_tag-caracteristici-hidrografice","9":"product_tag-conditii-geologice","10":"product_tag-modelare-hidrologica","12":"first","13":"instock","14":"shipping-taxable","15":"purchasable","16":"product-type-simple"},"_links":{"self":[{"href":"https:\/\/editura-unibuc.ro\/en\/wp-json\/wp\/v2\/product\/14205","targetHints":{"allow":["GET"]}}],"collection":[{"href":"https:\/\/editura-unibuc.ro\/en\/wp-json\/wp\/v2\/product"}],"about":[{"href":"https:\/\/editura-unibuc.ro\/en\/wp-json\/wp\/v2\/types\/product"}],"replies":[{"embeddable":true,"href":"https:\/\/editura-unibuc.ro\/en\/wp-json\/wp\/v2\/comments?post=14205"}],"wp:featuredmedia":[{"embeddable":true,"href":"https:\/\/editura-unibuc.ro\/en\/wp-json\/wp\/v2\/media\/14206"}],"wp:attachment":[{"href":"https:\/\/editura-unibuc.ro\/en\/wp-json\/wp\/v2\/media?parent=14205"}],"wp:term":[{"taxonomy":"product_brand","embeddable":true,"href":"https:\/\/editura-unibuc.ro\/en\/wp-json\/wp\/v2\/product_brand?post=14205"},{"taxonomy":"product_cat","embeddable":true,"href":"https:\/\/editura-unibuc.ro\/en\/wp-json\/wp\/v2\/product_cat?post=14205"},{"taxonomy":"product_tag","embeddable":true,"href":"https:\/\/editura-unibuc.ro\/en\/wp-json\/wp\/v2\/product_tag?post=14205"}],"curies":[{"name":"wp","href":"https:\/\/api.w.org\/{rel}","templated":true}]}}