{"id":14208,"date":"2015-09-19T15:20:55","date_gmt":"2015-09-19T12:20:55","guid":{"rendered":"https:\/\/editura-unibuc.ro\/?post_type=product&#038;p=14208"},"modified":"2019-11-15T12:10:24","modified_gmt":"2019-11-15T10:10:24","slug":"opera-lui-vladislav-vancura-in-contextul-literaturii-cehe-interbelice","status":"publish","type":"product","link":"https:\/\/editura-unibuc.ro\/en\/opera-lui-vladislav-vancura-in-contextul-literaturii-cehe-interbelice\/","title":{"rendered":"OPERA LUI VLADISLAV VAN\u010cURA \u00ceN CONTEXTUL LITERATURII CEHE INTERBELICE"},"content":{"rendered":"<p>\u201cObiectul tezei de doctorat este prezentarea personalit\u0103\u0163ii \u015fi operei lui Vladislav Van\u010dura ca <em>expresie a mi\u015fc\u0103rilor \u00eennoitoare cuprinse de obicei \u00een conceptul de \u201cavangard\u0103<\/em>\u201d, dar totodat\u0103 ca sintez\u0103 original\u0103, capabil\u0103 s\u0103 dep\u0103\u015feasc\u0103 limitele unui program sau ale unei \u015fcoli literare \u015fi s\u0103 se \u00eenscrie printre valorile perene ale culturii \u00een care au ap\u0103rut \u015fi chiar ale culturii universale.\u201d<\/p>\n","protected":false},"excerpt":{"rendered":"<p>\u201cObiectul tezei de doctorat este prezentarea personalit\u0103\u0163ii \u015fi operei lui Vladislav Van\u010dura ca expresie a mi\u015fc\u0103rilor \u00eennoitoare cuprinse de obicei \u00een conceptul de \u201cavangard\u0103\u201d, dar totodat\u0103 ca sintez\u0103 original\u0103, capabil\u0103 s\u0103 dep\u0103\u015feasc\u0103 limitele unui program sau ale unei \u015fcoli literare \u015fi s\u0103 se \u00eenscrie printre valorile perene ale culturii \u00een care au ap\u0103rut \u015fi chiar [&hellip;]<\/p>\n","protected":false},"featured_media":14209,"comment_status":"open","ping_status":"closed","template":"","meta":[],"product_brand":[],"product_cat":[1464,981],"product_tag":[1631,1632,1147],"class_list":{"0":"post-14208","1":"product","2":"type-product","3":"status-publish","4":"has-post-thumbnail","6":"product_cat-filologie","7":"product_cat-limbi-slave","8":"product_tag-avangarda-ceha","9":"product_tag-critica-ceha","10":"product_tag-literatura-ceha","12":"first","13":"instock","14":"shipping-taxable","15":"purchasable","16":"product-type-simple"},"_links":{"self":[{"href":"https:\/\/editura-unibuc.ro\/en\/wp-json\/wp\/v2\/product\/14208","targetHints":{"allow":["GET"]}}],"collection":[{"href":"https:\/\/editura-unibuc.ro\/en\/wp-json\/wp\/v2\/product"}],"about":[{"href":"https:\/\/editura-unibuc.ro\/en\/wp-json\/wp\/v2\/types\/product"}],"replies":[{"embeddable":true,"href":"https:\/\/editura-unibuc.ro\/en\/wp-json\/wp\/v2\/comments?post=14208"}],"wp:featuredmedia":[{"embeddable":true,"href":"https:\/\/editura-unibuc.ro\/en\/wp-json\/wp\/v2\/media\/14209"}],"wp:attachment":[{"href":"https:\/\/editura-unibuc.ro\/en\/wp-json\/wp\/v2\/media?parent=14208"}],"wp:term":[{"taxonomy":"product_brand","embeddable":true,"href":"https:\/\/editura-unibuc.ro\/en\/wp-json\/wp\/v2\/product_brand?post=14208"},{"taxonomy":"product_cat","embeddable":true,"href":"https:\/\/editura-unibuc.ro\/en\/wp-json\/wp\/v2\/product_cat?post=14208"},{"taxonomy":"product_tag","embeddable":true,"href":"https:\/\/editura-unibuc.ro\/en\/wp-json\/wp\/v2\/product_tag?post=14208"}],"curies":[{"name":"wp","href":"https:\/\/api.w.org\/{rel}","templated":true}]}}