{"id":14210,"date":"2015-09-19T15:22:44","date_gmt":"2015-09-19T12:22:44","guid":{"rendered":"https:\/\/editura-unibuc.ro\/?post_type=product&#038;p=14210"},"modified":"2024-04-10T12:03:44","modified_gmt":"2024-04-10T09:03:44","slug":"motivul-memoriei-in-opera-lui-cinghiz-aitmatov","status":"publish","type":"product","link":"https:\/\/editura-unibuc.ro\/en\/motivul-memoriei-in-opera-lui-cinghiz-aitmatov\/","title":{"rendered":"MOTIVUL MEMORIEI \u00ceN OPERA LUI CINGHIZ AITMATOV"},"content":{"rendered":"<p>\u201cScopul lucr\u0103rii noastre este receptarea crea\u0163iei artistice a lui Cinghiz Aitmatov \u00een contextul secolului al XX-lea \u015fi \u00eenceputului de secol al XXI-lea, dovedind importan\u0163a temei abordate de noi nu doar pentru ziua prezent\u0103, problema memoriei reprezent\u00e2nd o categorie de permanent\u0103 actualitate, ce \u0163ine de con\u015ftiin\u0163a fiec\u0103rui om din orice timp \u015fi din orice spatiu.\u201d<\/p>\n","protected":false},"excerpt":{"rendered":"<p>\u201cScopul lucr\u0103rii noastre este receptarea crea\u0163iei artistice a lui Cinghiz Aitmatov \u00een contextul secolului al XX-lea \u015fi \u00eenceputului de secol al XXI-lea, dovedind importan\u0163a temei abordate de noi nu doar pentru ziua prezent\u0103, problema memoriei reprezent\u00e2nd o categorie de permanent\u0103 actualitate, ce \u0163ine de con\u015ftiin\u0163a fiec\u0103rui om din orice timp \u015fi din orice spatiu.\u201d<\/p>\n","protected":false},"featured_media":14211,"comment_status":"open","ping_status":"closed","template":"","meta":[],"product_brand":[],"product_cat":[1464,981],"product_tag":[1634,1633],"class_list":{"0":"post-14210","1":"product","2":"type-product","3":"status-publish","4":"has-post-thumbnail","6":"product_cat-filologie","7":"product_cat-limbi-slave","8":"product_tag-opera-romanesca-a-lui-cinghiz-aitmatov","9":"product_tag-proza-scurta-a-lui-cinghiz-aitmatov","11":"first","12":"instock","13":"shipping-taxable","14":"purchasable","15":"product-type-simple"},"_links":{"self":[{"href":"https:\/\/editura-unibuc.ro\/en\/wp-json\/wp\/v2\/product\/14210","targetHints":{"allow":["GET"]}}],"collection":[{"href":"https:\/\/editura-unibuc.ro\/en\/wp-json\/wp\/v2\/product"}],"about":[{"href":"https:\/\/editura-unibuc.ro\/en\/wp-json\/wp\/v2\/types\/product"}],"replies":[{"embeddable":true,"href":"https:\/\/editura-unibuc.ro\/en\/wp-json\/wp\/v2\/comments?post=14210"}],"wp:featuredmedia":[{"embeddable":true,"href":"https:\/\/editura-unibuc.ro\/en\/wp-json\/wp\/v2\/media\/14211"}],"wp:attachment":[{"href":"https:\/\/editura-unibuc.ro\/en\/wp-json\/wp\/v2\/media?parent=14210"}],"wp:term":[{"taxonomy":"product_brand","embeddable":true,"href":"https:\/\/editura-unibuc.ro\/en\/wp-json\/wp\/v2\/product_brand?post=14210"},{"taxonomy":"product_cat","embeddable":true,"href":"https:\/\/editura-unibuc.ro\/en\/wp-json\/wp\/v2\/product_cat?post=14210"},{"taxonomy":"product_tag","embeddable":true,"href":"https:\/\/editura-unibuc.ro\/en\/wp-json\/wp\/v2\/product_tag?post=14210"}],"curies":[{"name":"wp","href":"https:\/\/api.w.org\/{rel}","templated":true}]}}