{"id":14212,"date":"2015-09-19T15:24:19","date_gmt":"2015-09-19T12:24:19","guid":{"rendered":"https:\/\/editura-unibuc.ro\/?post_type=product&#038;p=14212"},"modified":"2024-04-10T10:45:02","modified_gmt":"2024-04-10T07:45:02","slug":"iosif-brodski-avataruri-ale-eului","status":"publish","type":"product","link":"https:\/\/editura-unibuc.ro\/en\/iosif-brodski-avataruri-ale-eului\/","title":{"rendered":"IOSIF BRODSKI: AVATARURI ALE EULUI"},"content":{"rendered":"<p>\u201cStudiul Marinei Ilie despre lirica lui Brodski este o tentativ\u0103 extrem de reu\u015fit\u0103 de a interpreta, pentru prima oar\u0103 pe o \u00eentindere a\u015fa de mare, crea\u0163ia poetic\u0103 a unuia dintre cei mai mari poe\u0163i contemporani\u201d. Antoaneta Olteanu<\/p>\n","protected":false},"excerpt":{"rendered":"<p>\u201cStudiul Marinei Ilie despre lirica lui Brodski este o tentativ\u0103 extrem de reu\u015fit\u0103 de a interpreta, pentru prima oar\u0103 pe o \u00eentindere a\u015fa de mare, crea\u0163ia poetic\u0103 a unuia dintre cei mai mari poe\u0163i contemporani\u201d. Antoaneta Olteanu<\/p>\n","protected":false},"featured_media":14213,"comment_status":"open","ping_status":"closed","template":"","meta":[],"product_brand":[],"product_cat":[1464,981],"product_tag":[1636,1635,1637],"class_list":{"0":"post-14212","1":"product","2":"type-product","3":"status-publish","4":"has-post-thumbnail","6":"product_cat-filologie","7":"product_cat-limbi-slave","8":"product_tag-creatie-poetica","9":"product_tag-poezia-rusa","10":"product_tag-reprezentari-ale-sinelui-poetic","12":"first","13":"instock","14":"shipping-taxable","15":"purchasable","16":"product-type-simple"},"_links":{"self":[{"href":"https:\/\/editura-unibuc.ro\/en\/wp-json\/wp\/v2\/product\/14212","targetHints":{"allow":["GET"]}}],"collection":[{"href":"https:\/\/editura-unibuc.ro\/en\/wp-json\/wp\/v2\/product"}],"about":[{"href":"https:\/\/editura-unibuc.ro\/en\/wp-json\/wp\/v2\/types\/product"}],"replies":[{"embeddable":true,"href":"https:\/\/editura-unibuc.ro\/en\/wp-json\/wp\/v2\/comments?post=14212"}],"wp:featuredmedia":[{"embeddable":true,"href":"https:\/\/editura-unibuc.ro\/en\/wp-json\/wp\/v2\/media\/14213"}],"wp:attachment":[{"href":"https:\/\/editura-unibuc.ro\/en\/wp-json\/wp\/v2\/media?parent=14212"}],"wp:term":[{"taxonomy":"product_brand","embeddable":true,"href":"https:\/\/editura-unibuc.ro\/en\/wp-json\/wp\/v2\/product_brand?post=14212"},{"taxonomy":"product_cat","embeddable":true,"href":"https:\/\/editura-unibuc.ro\/en\/wp-json\/wp\/v2\/product_cat?post=14212"},{"taxonomy":"product_tag","embeddable":true,"href":"https:\/\/editura-unibuc.ro\/en\/wp-json\/wp\/v2\/product_tag?post=14212"}],"curies":[{"name":"wp","href":"https:\/\/api.w.org\/{rel}","templated":true}]}}