{"id":14216,"date":"2015-09-19T15:27:31","date_gmt":"2015-09-19T12:27:31","guid":{"rendered":"https:\/\/editura-unibuc.ro\/?post_type=product&#038;p=14216"},"modified":"2024-04-10T12:05:59","modified_gmt":"2024-04-10T09:05:59","slug":"admiterea-in-invatamantul-superior-din-romania-intre-cerere-sociala-si-planificare-economica-documente-1969-1989","status":"publish","type":"product","link":"https:\/\/editura-unibuc.ro\/en\/admiterea-in-invatamantul-superior-din-romania-intre-cerere-sociala-si-planificare-economica-documente-1969-1989\/","title":{"rendered":"ADMITEREA \u00ceN \u00ceNV\u0102\u0162\u0102M\u00c2NTUL SUPERIOR DIN ROM\u00c2NIA \u00ceNTRE CERERE SOCIAL\u0102 \u015eI PLANIFICARE ECONOMIC\u0102: DOCUMENTE: (1969-1989)"},"content":{"rendered":"<p>\u201cVolumul de documente pe care-l propunem acum face parte din proiectul <em>Planificare economic\u0103, \u00eenv\u0103\u0163\u0103m\u00e2nt superior \u015fi acumularea capitalului uman \u00een Rom\u00e2nia \u00een timpul regimului comunist (1948-1989)<\/em>. Cronologic \u015fi tematic este continuarea unui volum publicat \u00een cadrul aceluia\u015fi proiect \u00een anul 2013.\u201d<\/p>\n","protected":false},"excerpt":{"rendered":"<p>\u201cVolumul de documente pe care-l propunem acum face parte din proiectul Planificare economic\u0103, \u00eenv\u0103\u0163\u0103m\u00e2nt superior \u015fi acumularea capitalului uman \u00een Rom\u00e2nia \u00een timpul regimului comunist (1948-1989). Cronologic \u015fi tematic este continuarea unui volum publicat \u00een cadrul aceluia\u015fi proiect \u00een anul 2013.\u201d<\/p>\n","protected":false},"featured_media":14217,"comment_status":"open","ping_status":"closed","template":"","meta":[],"product_brand":[],"product_cat":[991,995],"product_tag":[1541,1639],"class_list":{"0":"post-14216","1":"product","2":"type-product","3":"status-publish","4":"has-post-thumbnail","6":"product_cat-stiinte-sociale","7":"product_cat-istorie-stiinte-politice","8":"product_tag-invatamant-superior","9":"product_tag-istoria-comunismului","11":"first","12":"instock","13":"shipping-taxable","14":"purchasable","15":"product-type-simple"},"_links":{"self":[{"href":"https:\/\/editura-unibuc.ro\/en\/wp-json\/wp\/v2\/product\/14216","targetHints":{"allow":["GET"]}}],"collection":[{"href":"https:\/\/editura-unibuc.ro\/en\/wp-json\/wp\/v2\/product"}],"about":[{"href":"https:\/\/editura-unibuc.ro\/en\/wp-json\/wp\/v2\/types\/product"}],"replies":[{"embeddable":true,"href":"https:\/\/editura-unibuc.ro\/en\/wp-json\/wp\/v2\/comments?post=14216"}],"wp:featuredmedia":[{"embeddable":true,"href":"https:\/\/editura-unibuc.ro\/en\/wp-json\/wp\/v2\/media\/14217"}],"wp:attachment":[{"href":"https:\/\/editura-unibuc.ro\/en\/wp-json\/wp\/v2\/media?parent=14216"}],"wp:term":[{"taxonomy":"product_brand","embeddable":true,"href":"https:\/\/editura-unibuc.ro\/en\/wp-json\/wp\/v2\/product_brand?post=14216"},{"taxonomy":"product_cat","embeddable":true,"href":"https:\/\/editura-unibuc.ro\/en\/wp-json\/wp\/v2\/product_cat?post=14216"},{"taxonomy":"product_tag","embeddable":true,"href":"https:\/\/editura-unibuc.ro\/en\/wp-json\/wp\/v2\/product_tag?post=14216"}],"curies":[{"name":"wp","href":"https:\/\/api.w.org\/{rel}","templated":true}]}}