{"id":14218,"date":"2015-09-19T15:29:42","date_gmt":"2015-09-19T12:29:42","guid":{"rendered":"https:\/\/editura-unibuc.ro\/?post_type=product&#038;p=14218"},"modified":"2024-04-10T12:00:26","modified_gmt":"2024-04-10T09:00:26","slug":"mihail-bulgakov-si-romanul-mitologic","status":"publish","type":"product","link":"https:\/\/editura-unibuc.ro\/en\/mihail-bulgakov-si-romanul-mitologic\/","title":{"rendered":"MIHAIL BULGAKOV \u015eI ROMANUL MITOLOGIC"},"content":{"rendered":"<p>\u201cCercetarea de fa\u0163\u0103 propune o interpretare din perspectiv\u0103 mitologic\u0103 a crea\u0163iei bulgakoviene, spre a c\u0103rei apropiere \u015fi \u00een\u0163elegere am recurs at\u00e2t la materiale autobiografice \u015fi portrete literare ale contemporanilor, c\u00e2t \u015fi la investigarea cadrului teoretic al romanului, urm\u0103rind s\u0103 demonstr\u0103m faptul c\u0103 <em>Maestrul \u015fi Margareta<\/em>, un roman cl\u0103dit pe o bogat\u0103 mo\u015ftenire literar\u0103 cu care intr\u0103, de altfel, \u00eentr-un viu dialog intertextual, este un roman mitologic.\u201d<\/p>\n","protected":false},"excerpt":{"rendered":"<p>\u201cCercetarea de fa\u0163\u0103 propune o interpretare din perspectiv\u0103 mitologic\u0103 a crea\u0163iei bulgakoviene, spre a c\u0103rei apropiere \u015fi \u00een\u0163elegere am recurs at\u00e2t la materiale autobiografice \u015fi portrete literare ale contemporanilor, c\u00e2t \u015fi la investigarea cadrului teoretic al romanului, urm\u0103rind s\u0103 demonstr\u0103m faptul c\u0103 Maestrul \u015fi Margareta, un roman cl\u0103dit pe o bogat\u0103 mo\u015ftenire literar\u0103 cu care [&hellip;]<\/p>\n","protected":false},"featured_media":14219,"comment_status":"open","ping_status":"closed","template":"","meta":[],"product_brand":[],"product_cat":[1464,981],"product_tag":[1642,1640,1641],"class_list":{"0":"post-14218","1":"product","2":"type-product","3":"status-publish","4":"has-post-thumbnail","6":"product_cat-filologie","7":"product_cat-limbi-slave","8":"product_tag-exegeza-rusa","9":"product_tag-mitologie-bulgakoviana","10":"product_tag-roman-mitologic","12":"first","13":"instock","14":"shipping-taxable","15":"purchasable","16":"product-type-simple"},"_links":{"self":[{"href":"https:\/\/editura-unibuc.ro\/en\/wp-json\/wp\/v2\/product\/14218","targetHints":{"allow":["GET"]}}],"collection":[{"href":"https:\/\/editura-unibuc.ro\/en\/wp-json\/wp\/v2\/product"}],"about":[{"href":"https:\/\/editura-unibuc.ro\/en\/wp-json\/wp\/v2\/types\/product"}],"replies":[{"embeddable":true,"href":"https:\/\/editura-unibuc.ro\/en\/wp-json\/wp\/v2\/comments?post=14218"}],"wp:featuredmedia":[{"embeddable":true,"href":"https:\/\/editura-unibuc.ro\/en\/wp-json\/wp\/v2\/media\/14219"}],"wp:attachment":[{"href":"https:\/\/editura-unibuc.ro\/en\/wp-json\/wp\/v2\/media?parent=14218"}],"wp:term":[{"taxonomy":"product_brand","embeddable":true,"href":"https:\/\/editura-unibuc.ro\/en\/wp-json\/wp\/v2\/product_brand?post=14218"},{"taxonomy":"product_cat","embeddable":true,"href":"https:\/\/editura-unibuc.ro\/en\/wp-json\/wp\/v2\/product_cat?post=14218"},{"taxonomy":"product_tag","embeddable":true,"href":"https:\/\/editura-unibuc.ro\/en\/wp-json\/wp\/v2\/product_tag?post=14218"}],"curies":[{"name":"wp","href":"https:\/\/api.w.org\/{rel}","templated":true}]}}