{"id":14220,"date":"2015-09-19T15:31:20","date_gmt":"2015-09-19T12:31:20","guid":{"rendered":"https:\/\/editura-unibuc.ro\/?post_type=product&#038;p=14220"},"modified":"2025-08-06T11:47:57","modified_gmt":"2025-08-06T08:47:57","slug":"difficiles-modernites-rythmes-et-regimes-conceptuels-de-la-democratie-dans-la-pensee-politique-roumaine-au-xixe-siecle","status":"publish","type":"product","link":"https:\/\/editura-unibuc.ro\/en\/difficiles-modernites-rythmes-et-regimes-conceptuels-de-la-democratie-dans-la-pensee-politique-roumaine-au-xixe-siecle\/","title":{"rendered":"DIFFICILES MODERNIT\u00c9S: RYTHMES ET R\u00c9GIMES CONCEPTUELS DE LA D\u00c9MOCRATIE DANS LA PENS\u00c9E POLITIQUE ROUMAINE AU XIXe SI\u00c8CLE"},"content":{"rendered":"<p>\u201cMon livre est plut\u00f4t une proposition de lecture des modernit\u00e9s roumaines, car il y en a plusieurs, sous la direction d\u2019un concept plurivalent, versatile et mall\u00e9able qui traverse l\u2019histoire de la pens\u00e9e politique moderne: la d\u00e9mocratie.\u201d<\/p>\n","protected":false},"excerpt":{"rendered":"<p>\u201cMon livre est plut\u00f4t une proposition de lecture des modernit\u00e9s roumaines, car il y en a plusieurs, sous la direction d\u2019un concept plurivalent, versatile et mall\u00e9able qui traverse l\u2019histoire de la pens\u00e9e politique moderne: la d\u00e9mocratie.\u201d<\/p>\n","protected":false},"featured_media":14221,"comment_status":"open","ping_status":"closed","template":"","meta":[],"product_brand":[],"product_cat":[1464,977,991,995],"product_tag":[1024,1334,1643],"class_list":{"0":"post-14220","1":"product","2":"type-product","3":"status-publish","4":"has-post-thumbnail","6":"product_cat-filologie","7":"product_cat-limba-franceza","8":"product_cat-stiinte-sociale","9":"product_cat-istorie-stiinte-politice","10":"product_tag-democratie","11":"product_tag-modernitate","12":"product_tag-secolul-al-xix-lea","14":"first","15":"outofstock","16":"shipping-taxable","17":"purchasable","18":"product-type-simple"},"_links":{"self":[{"href":"https:\/\/editura-unibuc.ro\/en\/wp-json\/wp\/v2\/product\/14220","targetHints":{"allow":["GET"]}}],"collection":[{"href":"https:\/\/editura-unibuc.ro\/en\/wp-json\/wp\/v2\/product"}],"about":[{"href":"https:\/\/editura-unibuc.ro\/en\/wp-json\/wp\/v2\/types\/product"}],"replies":[{"embeddable":true,"href":"https:\/\/editura-unibuc.ro\/en\/wp-json\/wp\/v2\/comments?post=14220"}],"wp:featuredmedia":[{"embeddable":true,"href":"https:\/\/editura-unibuc.ro\/en\/wp-json\/wp\/v2\/media\/14221"}],"wp:attachment":[{"href":"https:\/\/editura-unibuc.ro\/en\/wp-json\/wp\/v2\/media?parent=14220"}],"wp:term":[{"taxonomy":"product_brand","embeddable":true,"href":"https:\/\/editura-unibuc.ro\/en\/wp-json\/wp\/v2\/product_brand?post=14220"},{"taxonomy":"product_cat","embeddable":true,"href":"https:\/\/editura-unibuc.ro\/en\/wp-json\/wp\/v2\/product_cat?post=14220"},{"taxonomy":"product_tag","embeddable":true,"href":"https:\/\/editura-unibuc.ro\/en\/wp-json\/wp\/v2\/product_tag?post=14220"}],"curies":[{"name":"wp","href":"https:\/\/api.w.org\/{rel}","templated":true}]}}