{"id":14228,"date":"2015-09-19T15:39:04","date_gmt":"2015-09-19T12:39:04","guid":{"rendered":"https:\/\/editura-unibuc.ro\/?post_type=product&#038;p=14228"},"modified":"2015-09-19T15:39:04","modified_gmt":"2015-09-19T12:39:04","slug":"postmodernismul-in-literaturile-rusa-si-ucraineana","status":"publish","type":"product","link":"https:\/\/editura-unibuc.ro\/en\/postmodernismul-in-literaturile-rusa-si-ucraineana\/","title":{"rendered":"POSTMODERNISMUL \u00ceN LITERATURILE RUS\u0102 \u015eI UCRAINEAN\u0102"},"content":{"rendered":"<p>\u201cCercetarea noastr\u0103 \u00ee\u015fi propune s\u0103 analizeze fenomenul postmodernismului \u00een dou\u0103 p\u0103r\u021bi culturale slave de r\u0103s\u0103rit, at\u00e2t din perspectiva diacronic\u0103, comparativ cu apari\u0163ia fenomenului \u00een Occident, c\u00e2t \u015fi din perspectiva particularit\u0103\u0163ilor specifice fiec\u0103rei culturi \u00een parte.\u201d<\/p>\n","protected":false},"excerpt":{"rendered":"<p>\u201cCercetarea noastr\u0103 \u00ee\u015fi propune s\u0103 analizeze fenomenul postmodernismului \u00een dou\u0103 p\u0103r\u021bi culturale slave de r\u0103s\u0103rit, at\u00e2t din perspectiva diacronic\u0103, comparativ cu apari\u0163ia fenomenului \u00een Occident, c\u00e2t \u015fi din perspectiva particularit\u0103\u0163ilor specifice fiec\u0103rei culturi \u00een parte.\u201d<\/p>\n","protected":false},"featured_media":14229,"comment_status":"open","ping_status":"closed","template":"","meta":[],"product_brand":[],"product_cat":[1464,981],"product_tag":[1653,1654,1655],"class_list":{"0":"post-14228","1":"product","2":"type-product","3":"status-publish","4":"has-post-thumbnail","6":"product_cat-filologie","7":"product_cat-limbi-slave","8":"product_tag-critica-rusa","9":"product_tag-poetica-sot-art","10":"product_tag-proza-feminina-ucraineana","12":"first","13":"instock","14":"shipping-taxable","15":"purchasable","16":"product-type-simple"},"_links":{"self":[{"href":"https:\/\/editura-unibuc.ro\/en\/wp-json\/wp\/v2\/product\/14228","targetHints":{"allow":["GET"]}}],"collection":[{"href":"https:\/\/editura-unibuc.ro\/en\/wp-json\/wp\/v2\/product"}],"about":[{"href":"https:\/\/editura-unibuc.ro\/en\/wp-json\/wp\/v2\/types\/product"}],"replies":[{"embeddable":true,"href":"https:\/\/editura-unibuc.ro\/en\/wp-json\/wp\/v2\/comments?post=14228"}],"wp:featuredmedia":[{"embeddable":true,"href":"https:\/\/editura-unibuc.ro\/en\/wp-json\/wp\/v2\/media\/14229"}],"wp:attachment":[{"href":"https:\/\/editura-unibuc.ro\/en\/wp-json\/wp\/v2\/media?parent=14228"}],"wp:term":[{"taxonomy":"product_brand","embeddable":true,"href":"https:\/\/editura-unibuc.ro\/en\/wp-json\/wp\/v2\/product_brand?post=14228"},{"taxonomy":"product_cat","embeddable":true,"href":"https:\/\/editura-unibuc.ro\/en\/wp-json\/wp\/v2\/product_cat?post=14228"},{"taxonomy":"product_tag","embeddable":true,"href":"https:\/\/editura-unibuc.ro\/en\/wp-json\/wp\/v2\/product_tag?post=14228"}],"curies":[{"name":"wp","href":"https:\/\/api.w.org\/{rel}","templated":true}]}}