{"id":14232,"date":"2015-09-19T15:42:54","date_gmt":"2015-09-19T12:42:54","guid":{"rendered":"https:\/\/editura-unibuc.ro\/?post_type=product&#038;p=14232"},"modified":"2025-08-07T10:03:29","modified_gmt":"2025-08-07T07:03:29","slug":"orient-et-occident-construction-des-identites-en-europe-medievale","status":"publish","type":"product","link":"https:\/\/editura-unibuc.ro\/en\/orient-et-occident-construction-des-identites-en-europe-medievale\/","title":{"rendered":"ORIENT ET OCCIDENT: CONSTRUCTION DES IDENTIT\u00c9S EN EUROPE M\u00c9DI\u00c9VALE"},"content":{"rendered":"<p>\u201cSe trouvant \u00e0 la crois\u00e9e de plusieurs disciplines telles l\u2019historie, la g\u00e9ographie, la sociologie, la th\u00e9ologie, la linguistique et l\u2019anthropologie culturelle, la probl\u00e9matique identitaire est de plus en plus explor\u00e9e de nos jours, dans les sciences humaines autant que dans les \u00e9tudes litt\u00e9raires.\u201d<\/p>\n","protected":false},"excerpt":{"rendered":"<p>\u201cSe trouvant \u00e0 la crois\u00e9e de plusieurs disciplines telles l\u2019historie, la g\u00e9ographie, la sociologie, la th\u00e9ologie, la linguistique et l\u2019anthropologie culturelle, la probl\u00e9matique identitaire est de plus en plus explor\u00e9e de nos jours, dans les sciences humaines autant que dans les \u00e9tudes litt\u00e9raires.\u201d<\/p>\n","protected":false},"featured_media":14233,"comment_status":"open","ping_status":"closed","template":"","meta":[],"product_brand":[],"product_cat":[1464,976,977,991,995],"product_tag":[1661,1659,1660],"class_list":{"0":"post-14232","1":"product","2":"type-product","3":"status-publish","4":"has-post-thumbnail","6":"product_cat-filologie","7":"product_cat-limba-engleza","8":"product_cat-limba-franceza","9":"product_cat-stiinte-sociale","10":"product_cat-istorie-stiinte-politice","11":"product_tag-bogdan-iii-of-moldavia","12":"product_tag-occidental-demon","13":"product_tag-saint-symeon","15":"first","16":"outofstock","17":"shipping-taxable","18":"purchasable","19":"product-type-simple"},"_links":{"self":[{"href":"https:\/\/editura-unibuc.ro\/en\/wp-json\/wp\/v2\/product\/14232","targetHints":{"allow":["GET"]}}],"collection":[{"href":"https:\/\/editura-unibuc.ro\/en\/wp-json\/wp\/v2\/product"}],"about":[{"href":"https:\/\/editura-unibuc.ro\/en\/wp-json\/wp\/v2\/types\/product"}],"replies":[{"embeddable":true,"href":"https:\/\/editura-unibuc.ro\/en\/wp-json\/wp\/v2\/comments?post=14232"}],"wp:featuredmedia":[{"embeddable":true,"href":"https:\/\/editura-unibuc.ro\/en\/wp-json\/wp\/v2\/media\/14233"}],"wp:attachment":[{"href":"https:\/\/editura-unibuc.ro\/en\/wp-json\/wp\/v2\/media?parent=14232"}],"wp:term":[{"taxonomy":"product_brand","embeddable":true,"href":"https:\/\/editura-unibuc.ro\/en\/wp-json\/wp\/v2\/product_brand?post=14232"},{"taxonomy":"product_cat","embeddable":true,"href":"https:\/\/editura-unibuc.ro\/en\/wp-json\/wp\/v2\/product_cat?post=14232"},{"taxonomy":"product_tag","embeddable":true,"href":"https:\/\/editura-unibuc.ro\/en\/wp-json\/wp\/v2\/product_tag?post=14232"}],"curies":[{"name":"wp","href":"https:\/\/api.w.org\/{rel}","templated":true}]}}