{"id":14237,"date":"2015-09-19T15:48:14","date_gmt":"2015-09-19T12:48:14","guid":{"rendered":"https:\/\/editura-unibuc.ro\/?post_type=product&#038;p=14237"},"modified":"2020-09-21T20:02:35","modified_gmt":"2020-09-21T17:02:35","slug":"aspecte-ale-metodei-fenomenologice","status":"publish","type":"product","link":"https:\/\/editura-unibuc.ro\/en\/aspecte-ale-metodei-fenomenologice\/","title":{"rendered":"ASPECTE ALE METODEI FENOMENOLOGICE"},"content":{"rendered":"<p>\u201cPrezentul volum de studii reune\u015fte contribu\u0163ii semnate de cercet\u0103tori cunoscu\u0163i, dar \u015fi de doctori \u015fi tineri doctoranzi \u00een filosofie. Volumul are totodat\u0103 \u015fi o dimensiune istoric\u0103, \u00een m\u0103sura \u00een care diversele contribu\u0163ii investigheaz\u0103 aspecte ale metodei fenomenologice la Franz Brentano, Edmund Husserl, Martin Heidegger, Maurice Merleau-Ponty, dar \u015fi Mihai \u015eora.\u201d<\/p>\n","protected":false},"excerpt":{"rendered":"<p>\u201cPrezentul volum de studii reune\u015fte contribu\u0163ii semnate de cercet\u0103tori cunoscu\u0163i, dar \u015fi de doctori \u015fi tineri doctoranzi \u00een filosofie. Volumul are totodat\u0103 \u015fi o dimensiune istoric\u0103, \u00een m\u0103sura \u00een care diversele contribu\u0163ii investigheaz\u0103 aspecte ale metodei fenomenologice la Franz Brentano, Edmund Husserl, Martin Heidegger, Maurice Merleau-Ponty, dar \u015fi Mihai \u015eora.\u201d<\/p>\n","protected":false},"featured_media":14238,"comment_status":"open","ping_status":"closed","template":"","meta":[],"product_brand":[],"product_cat":[991,994],"product_tag":[1663,1662,1664],"class_list":{"0":"post-14237","1":"product","2":"type-product","3":"status-publish","4":"has-post-thumbnail","6":"product_cat-stiinte-sociale","7":"product_cat-filosofie","8":"product_tag-concepte-filosofice","9":"product_tag-psihologie-empirica","10":"product_tag-reductii-fenomenologice","12":"first","13":"instock","14":"shipping-taxable","15":"purchasable","16":"product-type-simple"},"_links":{"self":[{"href":"https:\/\/editura-unibuc.ro\/en\/wp-json\/wp\/v2\/product\/14237","targetHints":{"allow":["GET"]}}],"collection":[{"href":"https:\/\/editura-unibuc.ro\/en\/wp-json\/wp\/v2\/product"}],"about":[{"href":"https:\/\/editura-unibuc.ro\/en\/wp-json\/wp\/v2\/types\/product"}],"replies":[{"embeddable":true,"href":"https:\/\/editura-unibuc.ro\/en\/wp-json\/wp\/v2\/comments?post=14237"}],"wp:featuredmedia":[{"embeddable":true,"href":"https:\/\/editura-unibuc.ro\/en\/wp-json\/wp\/v2\/media\/14238"}],"wp:attachment":[{"href":"https:\/\/editura-unibuc.ro\/en\/wp-json\/wp\/v2\/media?parent=14237"}],"wp:term":[{"taxonomy":"product_brand","embeddable":true,"href":"https:\/\/editura-unibuc.ro\/en\/wp-json\/wp\/v2\/product_brand?post=14237"},{"taxonomy":"product_cat","embeddable":true,"href":"https:\/\/editura-unibuc.ro\/en\/wp-json\/wp\/v2\/product_cat?post=14237"},{"taxonomy":"product_tag","embeddable":true,"href":"https:\/\/editura-unibuc.ro\/en\/wp-json\/wp\/v2\/product_tag?post=14237"}],"curies":[{"name":"wp","href":"https:\/\/api.w.org\/{rel}","templated":true}]}}