{"id":14239,"date":"2015-09-19T15:50:22","date_gmt":"2015-09-19T12:50:22","guid":{"rendered":"https:\/\/editura-unibuc.ro\/?post_type=product&#038;p=14239"},"modified":"2015-09-19T15:50:22","modified_gmt":"2015-09-19T12:50:22","slug":"iluzie-si-manipulare-in-proza-lui-viktor-pelevin","status":"publish","type":"product","link":"https:\/\/editura-unibuc.ro\/en\/iluzie-si-manipulare-in-proza-lui-viktor-pelevin\/","title":{"rendered":"ILUZIE \u015eI MANIPULARE \u00ceN PROZA LUI VIKTOR PELEVIN"},"content":{"rendered":"<p>\u201cStudiul de fa\u0163\u0103 \u00eencearc\u0103 s\u0103 realizeze o analiz\u0103 a principalelor direc\u0163ii \u00eent\u00e2lnite \u00een proza pelevinian\u0103, pornind de la proiec\u0163iile mentale asupra realit\u0103\u0163ii care ascund caracterul subiectiv al g\u00e2ndirii umane.\u201d<\/p>\n","protected":false},"excerpt":{"rendered":"<p>\u201cStudiul de fa\u0163\u0103 \u00eencearc\u0103 s\u0103 realizeze o analiz\u0103 a principalelor direc\u0163ii \u00eent\u00e2lnite \u00een proza pelevinian\u0103, pornind de la proiec\u0163iile mentale asupra realit\u0103\u0163ii care ascund caracterul subiectiv al g\u00e2ndirii umane.\u201d<\/p>\n","protected":false},"featured_media":14240,"comment_status":"open","ping_status":"closed","template":"","meta":[],"product_brand":[],"product_cat":[1464,981],"product_tag":[1668,1670,1669],"class_list":{"0":"post-14239","1":"product","2":"type-product","3":"status-publish","4":"has-post-thumbnail","6":"product_cat-filologie","7":"product_cat-limbi-slave","8":"product_tag-opera-lui-viktor-pelevin","9":"product_tag-postmodernism-rus","10":"product_tag-tehnici-de-manipulare","12":"first","13":"instock","14":"shipping-taxable","15":"purchasable","16":"product-type-simple"},"_links":{"self":[{"href":"https:\/\/editura-unibuc.ro\/en\/wp-json\/wp\/v2\/product\/14239","targetHints":{"allow":["GET"]}}],"collection":[{"href":"https:\/\/editura-unibuc.ro\/en\/wp-json\/wp\/v2\/product"}],"about":[{"href":"https:\/\/editura-unibuc.ro\/en\/wp-json\/wp\/v2\/types\/product"}],"replies":[{"embeddable":true,"href":"https:\/\/editura-unibuc.ro\/en\/wp-json\/wp\/v2\/comments?post=14239"}],"wp:featuredmedia":[{"embeddable":true,"href":"https:\/\/editura-unibuc.ro\/en\/wp-json\/wp\/v2\/media\/14240"}],"wp:attachment":[{"href":"https:\/\/editura-unibuc.ro\/en\/wp-json\/wp\/v2\/media?parent=14239"}],"wp:term":[{"taxonomy":"product_brand","embeddable":true,"href":"https:\/\/editura-unibuc.ro\/en\/wp-json\/wp\/v2\/product_brand?post=14239"},{"taxonomy":"product_cat","embeddable":true,"href":"https:\/\/editura-unibuc.ro\/en\/wp-json\/wp\/v2\/product_cat?post=14239"},{"taxonomy":"product_tag","embeddable":true,"href":"https:\/\/editura-unibuc.ro\/en\/wp-json\/wp\/v2\/product_tag?post=14239"}],"curies":[{"name":"wp","href":"https:\/\/api.w.org\/{rel}","templated":true}]}}