{"id":14245,"date":"2015-09-19T15:55:57","date_gmt":"2015-09-19T12:55:57","guid":{"rendered":"https:\/\/editura-unibuc.ro\/?post_type=product&#038;p=14245"},"modified":"2019-11-08T14:12:51","modified_gmt":"2019-11-08T12:12:51","slug":"managementul-conflictelor-de-mediu","status":"publish","type":"product","link":"https:\/\/editura-unibuc.ro\/en\/managementul-conflictelor-de-mediu\/","title":{"rendered":"MANAGEMENTUL CONFLICTELOR DE MEDIU"},"content":{"rendered":"<p>\u201cLucrarea prezint\u0103 aspecte conceptuale, precum \u015fi metode de analiz\u0103 \u015fi evaluare a conflictelor de mediu, integr\u00e2nd dimensiunea spa\u0163io-temporal\u0103 cu cea socio-istoric\u0103, f\u0103r\u0103 de care un conflict de mediu nu poate fi \u00een\u0163eles corect.\u201d<\/p>\n","protected":false},"excerpt":{"rendered":"<p>\u201cLucrarea prezint\u0103 aspecte conceptuale, precum \u015fi metode de analiz\u0103 \u015fi evaluare a conflictelor de mediu, integr\u00e2nd dimensiunea spa\u0163io-temporal\u0103 cu cea socio-istoric\u0103, f\u0103r\u0103 de care un conflict de mediu nu poate fi \u00een\u0163eles corect.\u201d<\/p>\n","protected":false},"featured_media":14246,"comment_status":"open","ping_status":"closed","template":"","meta":[],"product_brand":[],"product_cat":[1466,989],"product_tag":[1680,1679,1678],"class_list":{"0":"post-14245","1":"product","2":"type-product","3":"status-publish","4":"has-post-thumbnail","6":"product_cat-stiinte-ale-naturii","7":"product_cat-geografie","8":"product_tag-analiza-cluster","9":"product_tag-analiza-hotspot","10":"product_tag-conflicte-de-mediu","12":"first","13":"outofstock","14":"shipping-taxable","15":"purchasable","16":"product-type-simple"},"_links":{"self":[{"href":"https:\/\/editura-unibuc.ro\/en\/wp-json\/wp\/v2\/product\/14245","targetHints":{"allow":["GET"]}}],"collection":[{"href":"https:\/\/editura-unibuc.ro\/en\/wp-json\/wp\/v2\/product"}],"about":[{"href":"https:\/\/editura-unibuc.ro\/en\/wp-json\/wp\/v2\/types\/product"}],"replies":[{"embeddable":true,"href":"https:\/\/editura-unibuc.ro\/en\/wp-json\/wp\/v2\/comments?post=14245"}],"wp:featuredmedia":[{"embeddable":true,"href":"https:\/\/editura-unibuc.ro\/en\/wp-json\/wp\/v2\/media\/14246"}],"wp:attachment":[{"href":"https:\/\/editura-unibuc.ro\/en\/wp-json\/wp\/v2\/media?parent=14245"}],"wp:term":[{"taxonomy":"product_brand","embeddable":true,"href":"https:\/\/editura-unibuc.ro\/en\/wp-json\/wp\/v2\/product_brand?post=14245"},{"taxonomy":"product_cat","embeddable":true,"href":"https:\/\/editura-unibuc.ro\/en\/wp-json\/wp\/v2\/product_cat?post=14245"},{"taxonomy":"product_tag","embeddable":true,"href":"https:\/\/editura-unibuc.ro\/en\/wp-json\/wp\/v2\/product_tag?post=14245"}],"curies":[{"name":"wp","href":"https:\/\/api.w.org\/{rel}","templated":true}]}}