{"id":14247,"date":"2015-09-19T15:57:48","date_gmt":"2015-09-19T12:57:48","guid":{"rendered":"https:\/\/editura-unibuc.ro\/?post_type=product&#038;p=14247"},"modified":"2023-11-28T13:51:34","modified_gmt":"2023-11-28T11:51:34","slug":"acta-horti-botanici-bucurestiensis-41","status":"publish","type":"product","link":"https:\/\/editura-unibuc.ro\/en\/acta-horti-botanici-bucurestiensis-41\/","title":{"rendered":"ACTA HORTI BOTANICI BUCURESTIENSIS. 41"},"content":{"rendered":"<p>Din sumar: Cog\u0103lniceanu G., <em>Romanian in vitro bryophyte collection and its role for conservation<\/em>; Nagod\u0103 E., Com\u0103nescu P., Anastasiu P., <em>\u201cDimitrie Branza\u201d Botanic Garden, potential centre for the dispersal of invasive plants?<\/em>; Anastasiu P., Negrean G., Smarandache D., Li\u0163escu S., Basnou C., <em>Neophytes in protected areas. Case study: The Danube Delta Biosphere Reserve<\/em>.<\/p>\n","protected":false},"excerpt":{"rendered":"<p>Din sumar: Cog\u0103lniceanu G., Romanian in vitro bryophyte collection and its role for conservation; Nagod\u0103 E., Com\u0103nescu P., Anastasiu P., \u201cDimitrie Branza\u201d Botanic Garden, potential centre for the dispersal of invasive plants?; Anastasiu P., Negrean G., Smarandache D., Li\u0163escu S., Basnou C., Neophytes in protected areas. Case study: The Danube Delta Biosphere Reserve.<\/p>\n","protected":false},"featured_media":14248,"comment_status":"open","ping_status":"closed","template":"","meta":[],"product_brand":[],"product_cat":[3945,1469,1893,1466,988],"product_tag":[1681,1682],"class_list":{"0":"post-14247","1":"product","2":"type-product","3":"status-publish","4":"has-post-thumbnail","6":"product_cat-acta-horti-botanici-bucurestiensis","7":"product_cat-periodice","8":"product_cat-reviste-academice","9":"product_cat-stiinte-ale-naturii","10":"product_cat-biologie","11":"product_tag-delta-dunarii","12":"product_tag-gradina-botanica","14":"first","15":"outofstock","16":"shipping-taxable","17":"purchasable","18":"product-type-simple"},"_links":{"self":[{"href":"https:\/\/editura-unibuc.ro\/en\/wp-json\/wp\/v2\/product\/14247","targetHints":{"allow":["GET"]}}],"collection":[{"href":"https:\/\/editura-unibuc.ro\/en\/wp-json\/wp\/v2\/product"}],"about":[{"href":"https:\/\/editura-unibuc.ro\/en\/wp-json\/wp\/v2\/types\/product"}],"replies":[{"embeddable":true,"href":"https:\/\/editura-unibuc.ro\/en\/wp-json\/wp\/v2\/comments?post=14247"}],"wp:featuredmedia":[{"embeddable":true,"href":"https:\/\/editura-unibuc.ro\/en\/wp-json\/wp\/v2\/media\/14248"}],"wp:attachment":[{"href":"https:\/\/editura-unibuc.ro\/en\/wp-json\/wp\/v2\/media?parent=14247"}],"wp:term":[{"taxonomy":"product_brand","embeddable":true,"href":"https:\/\/editura-unibuc.ro\/en\/wp-json\/wp\/v2\/product_brand?post=14247"},{"taxonomy":"product_cat","embeddable":true,"href":"https:\/\/editura-unibuc.ro\/en\/wp-json\/wp\/v2\/product_cat?post=14247"},{"taxonomy":"product_tag","embeddable":true,"href":"https:\/\/editura-unibuc.ro\/en\/wp-json\/wp\/v2\/product_tag?post=14247"}],"curies":[{"name":"wp","href":"https:\/\/api.w.org\/{rel}","templated":true}]}}